{"id":33,"date":"2011-10-11T15:52:52","date_gmt":"2011-10-11T15:52:52","guid":{"rendered":"https:\/\/blogs.ua.es\/vidaprivadacarlos1\/?page_id=33"},"modified":"2011-12-20T15:10:01","modified_gmt":"2011-12-20T15:10:01","slug":"epoca-contemporanea-a-carlos-i","status":"publish","type":"page","link":"https:\/\/blogs.ua.es\/vidaprivadacarlos1\/epoca-contemporanea-a-carlos-i\/","title":{"rendered":"Contexto"},"content":{"rendered":"<p style=\"text-align: justify\">Se puede decir que Carlos naci\u00f3 con el siglo XVI.\u00a0Vivi\u00f3 durante\u00a0su primera mitad\u00a0\u00a0ya que naci\u00f3 en el a\u00f1o 1500 y muri\u00f3 en 1558. Historicamente se considera que el siglo XVI empieza con el descubrimiento de Am\u00e9rica por Cristobal Col\u00f3n en 1492 que convierte a\u00a0Espa\u00f1a en un Imperio. La Europa en la que empieza a reinar Carlos I presencia la transici\u00f3n del Medievo a la Modernidad. El siglo XVI es el siglo del Renacimiento que se opone con lo de antes, es decir con\u00a0la Edad Media. En Espa\u00f1a\u00a0es llamado &#8220;el Siglo de Oro&#8221; ya que es el siglo en el\u00a0que Espa\u00f1a conoce\u00a0su apogeo,\u00a0tanto\u00a0al nivel pol\u00edtico, militar como al nivel econ\u00f3mico en el siglo XVI. Desde el punto de vista pol\u00edtico, el Siglo de Oro empieza en 1525, momento en que Carlos I logr\u00f3 superar una grave crisis interna hasta 1648 que es el momento del Tratado de Westfalia que confirm\u00f3 el final de la hegemon\u00eda internacional del imperio espa\u00f1ol con la perdida de los territorios de los Pa\u00edses Bajos heredados de Carlos I. Tiene tambi\u00e9n una gran influencia en el dominio cultural (idioma, literatura, pintura,&#8230;), conoce su auge art\u00edstico en el siglo XVII.\u00a0Una muestra del arte que florece en Espa\u00f1a durante esos a\u00f1os\u00a0es el Palacio de Carlos I construido dentro de la Alhambra de Granada.<\/p>\n","protected":false},"excerpt":{"rendered":"<p>Se puede decir que Carlos naci\u00f3 con el siglo XVI.\u00a0Vivi\u00f3 durante\u00a0su primera mitad\u00a0\u00a0ya que naci\u00f3 en el a\u00f1o 1500 y muri\u00f3 en 1558. Historicamente se considera que el siglo XVI empieza con el descubrimiento de Am\u00e9rica por Cristobal Col\u00f3n en &hellip; <a href=\"https:\/\/blogs.ua.es\/vidaprivadacarlos1\/epoca-contemporanea-a-carlos-i\/\">Continue reading <span class=\"meta-nav\">&rarr;<\/span><\/a><\/p>\n","protected":false},"author":2173,"featured_media":0,"parent":0,"menu_order":0,"comment_status":"open","ping_status":"open","template":"","meta":{"footnotes":""},"class_list":["post-33","page","type-page","status-publish","hentry"],"_links":{"self":[{"href":"https:\/\/blogs.ua.es\/vidaprivadacarlos1\/wp-json\/wp\/v2\/pages\/33","targetHints":{"allow":["GET"]}}],"collection":[{"href":"https:\/\/blogs.ua.es\/vidaprivadacarlos1\/wp-json\/wp\/v2\/pages"}],"about":[{"href":"https:\/\/blogs.ua.es\/vidaprivadacarlos1\/wp-json\/wp\/v2\/types\/page"}],"author":[{"embeddable":true,"href":"https:\/\/blogs.ua.es\/vidaprivadacarlos1\/wp-json\/wp\/v2\/users\/2173"}],"replies":[{"embeddable":true,"href":"https:\/\/blogs.ua.es\/vidaprivadacarlos1\/wp-json\/wp\/v2\/comments?post=33"}],"version-history":[{"count":6,"href":"https:\/\/blogs.ua.es\/vidaprivadacarlos1\/wp-json\/wp\/v2\/pages\/33\/revisions"}],"predecessor-version":[{"id":247,"href":"https:\/\/blogs.ua.es\/vidaprivadacarlos1\/wp-json\/wp\/v2\/pages\/33\/revisions\/247"}],"wp:attachment":[{"href":"https:\/\/blogs.ua.es\/vidaprivadacarlos1\/wp-json\/wp\/v2\/media?parent=33"}],"curies":[{"name":"wp","href":"https:\/\/api.w.org\/{rel}","templated":true}]}}