{"id":68,"date":"2012-01-25T17:29:58","date_gmt":"2012-01-25T17:29:58","guid":{"rendered":"https:\/\/blogs.ua.es\/vidaprivadafelipeii\/?page_id=68"},"modified":"2012-01-25T17:29:58","modified_gmt":"2012-01-25T17:29:58","slug":"biografia-breve","status":"publish","type":"page","link":"https:\/\/blogs.ua.es\/vidaprivadafelipeii\/biografia-breve\/","title":{"rendered":"Biograf\u00eda (&#8220;breve&#8221;)"},"content":{"rendered":"<p>Naci\u00f3 el 21 de mayo de 1527 en Valladolid. Hijo de Carlos I y de Isabel de Portugal. Instruido desde muy joven por Juan Mart\u00ednez Sil\u00edcio y Juan de Z\u00faniga.<\/p>\n<p>Su padre decidi\u00f3 abdicar en Felipe, en 1555-1556. Por lo que, tras viajar por Italia y los Pa\u00edses Bajos y ser reconocido como sucesor regio en los estados flamencos y por las Cortes castellanas, aragonesas y navarras, se dedic\u00f3 plenamente a gobernar desde la corte madrile\u00f1a con gran actividad y celo. Su reino se baso en consejos y secretarios reales y con una gran administraci\u00f3n centralizada. Pese a todo su poder, las bancarrotas, las dificultades hacend\u00edsticas y los problemas fiscales fueron caracter\u00edsticos durante todo su reinado. Su recurso al Tribunal de la Inquisici\u00f3n fue frecuente. Pol\u00edticamente dicho tribunal fue utilizado para acabar con los conatos de protestantismo descubiertos en la Meseta castellana. As\u00ed, la unidad religiosa estaba tan presente en todos los aspectos de la vida de Felipe II que con todo rigor se vali\u00f3 de los autos de fe celebrados en Valladolid para afianzar la Contrarreforma cat\u00f3lica. A la vez, los piratas berberiscos asolaban las costas mediterr\u00e1neas. Aunque la expedici\u00f3n naval de Garc\u00eda de Toledo consiguiera la victoria en Malta (1565), el problema morisco estaba en el interior. Los moriscos de las Alpujarras granadinas protagonizaron la principal sublevaci\u00f3n, que no terminar\u00eda hasta que don Juan de Austria les derrot\u00f3 (1569-1571).<\/p>\n<p>El secretario Antonio P\u00e9rez influy\u00f3 notablemente en los negocios p\u00fablicos hasta su ca\u00edda en 1579. Adem\u00e1s, en 1568 mor\u00eda el pr\u00edncipe Carlos, que hab\u00eda sido arrestado debido a sus contactos con los miembros de una presunta conjura sucesoria promovida por parte de la nobleza contra Felipe II. En ambos puntos empez\u00f3 a afianzarse la &#8216;leyenda negra&#8217; antiespa\u00f1ola y buena parte de los problemas internos de su reinado.<\/p>\n<p>&nbsp;<\/p>\n<p>Felipe II moderniz\u00f3 y reforz\u00f3 la administraci\u00f3n de la Monarqu\u00eda Hispana, apart\u00e1ndola de las tradiciones medievales y de las aspiraciones de dominio universal que hab\u00eda representado la Monarqu\u00eda Cat\u00f3lica de su padre. Los \u00f3rganos de justicia y de gobierno sufrieron notables reformas, al tiempo que la corte se hac\u00eda sedentaria (capitalidad de Madrid, 1560). Desarroll\u00f3 una burocracia centralizada, sobre la cual ejerc\u00eda una supervisi\u00f3n directa y personal de los asuntos.<\/p>\n<p>Pero las cuestiones financieras le sobrepasaron, dado el peso de los gastos militares sobre la maltrecha Hacienda Real; en consecuencia, Felipe hubo de declarar a la Monarqu\u00eda en bancarrota en tres ocasiones (1560, 1575 y 1596). Alrededor del rey se disputaban el poder dos \u00abpartidos\u00bb: el del duque de Alba y el que encabezaron primero el pr\u00edncipe de \u00c9boli y m\u00e1s tarde Antonio P\u00e9rez; las luchas entre ambas redes se exacerbaron a ra\u00edz del asesinato del secretario Escobedo (1578), culminando con la detenci\u00f3n de P\u00e9rez y el confinamiento de Alba. Desde entonces hasta el final del reinado, domin\u00f3 el poder el cardenal Granvela, coincidiendo con la \u00e9poca en que, gravemente enfermo el rey, se alej\u00f3 de los asuntos de gobierno y deleg\u00f3 en <em>Juntas <\/em>de nueva creaci\u00f3n.<\/p>\n<p>En pol\u00edtica exterior, el reinado de Felipe II se inici\u00f3 con la liberaci\u00f3n de la Corona de las responsabilidades imperiales (1556), el abandono del proyecto de uni\u00f3n con Inglaterra por la muerte de Mar\u00eda Tudor (1558) y las victorias militares de San Quint\u00edn (1557) y Gravelinas (1558), que pacificaron temporalmente el recurrente conflicto con Francia (Paz de Cate\u00e2u Cambr\u00e9sis, 1559).<\/p>\n<p>En consecuencia, Felipe II pudo orientar su pol\u00edtica hacia el Mediterr\u00e1neo, encabezando la empresa de frenar el poder\u00edo isl\u00e1mico representado por el Imperio Turco; esta empresa ten\u00eda tintes de cruzada religiosa, pero tambi\u00e9n una lectura de pol\u00edtica interior, pues Felipe hubo de reprimir una rebeli\u00f3n de los moriscos de Granada (1568-71), musulmanes de sus propios reinos que hab\u00edan apelado al auxilio turco. Para conjurar el peligro form\u00f3 Felipe la Liga Santa, en la que se unieron a Espa\u00f1a G\u00e9nova, Venecia y el Papado. La resonante victoria que obtuvieron sobre los turcos en la batalla naval de Lepanto (1571) qued\u00f3 reafirmada en los a\u00f1os posteriores con las expediciones al norte de \u00c1frica.<\/p>\n<p>A finales de la d\u00e9cada de 1570, distra\u00edda la atenci\u00f3n de los turcos por la presi\u00f3n persa en el este, disminuy\u00f3 la tensi\u00f3n en el Mediterr\u00e1neo. Ello permiti\u00f3 a Felipe reorientar su pol\u00edtica hacia el Atl\u00e1ntico, para atender a la grave situaci\u00f3n creada por la sublevaci\u00f3n de los Pa\u00edses Bajos contra el dominio espa\u00f1ol, alentada por los protestantes desde 1568; a pesar del esfuerzo militar que dirigieron, sucesivamente, el duque de Alba, Reques\u00e9ns, don Juan de Austria y Alejandro Farnesio, las provincias del norte de los Pa\u00edses Bajos se declararon independientes en 1581 y ya nunca ser\u00edan recuperadas por Espa\u00f1a.<\/p>\n<p>La orientaci\u00f3n atl\u00e1ntica de la Monarqu\u00eda se acrecent\u00f3 en 1581, al incorporar el reino de Portugal, aprovechando una crisis sucesoria en la que Felipe II hizo valer sus derechos al Trono mediante la invasi\u00f3n del pa\u00eds, que le convirti\u00f3 en Felipe I de Portugal. En aquel momento alcanz\u00f3 la Monarqu\u00eda su mayor expansi\u00f3n territorial, a\u00f1adiendo a sus dominios europeos las colonias espa\u00f1olas y portuguesas en Am\u00e9rica, \u00c1frica, Asia y Ocean\u00eda, hasta constituir un imperio en el que \u00abno se pon\u00eda el sol\u00bb.<\/p>\n<p>Aprovechando las guerras de religi\u00f3n, Felipe se permiti\u00f3 tambi\u00e9n intervenir en 1584-90 en la disputa sucesoria francesa, apoyando al bando cat\u00f3lico frente a los protestantes de Enrique de Navarra (el futuro Enrique IV), circunstancia que aprovech\u00f3 para intentar sin \u00e9xito poner en el Trono franc\u00e9s a su hija Isabel Clara Eugenia (nacida del tercer matrimonio de Felipe, con la hija de Enrique II de Francia, Isabel de Valois).<\/p>\n<p>La mayor presencia espa\u00f1ola en el Atl\u00e1ntico acrecent\u00f3 la tensi\u00f3n con Inglaterra, manifestada en el apoyo ingl\u00e9s a los rebeldes protestantes de los Pa\u00edses Bajos, el apoyo espa\u00f1ol a los cat\u00f3licos ingleses y las agresiones de los corsarios ingleses contra el imperio colonial espa\u00f1ol (protagonizadas por Drake); todo ello condujo a Felipe a planear la invasi\u00f3n de la isla por la <em>Armada Invencible, <\/em>empresa que fracas\u00f3 estrepitosamente en 1588, iniciando el declive del poder\u00edo espa\u00f1ol en Europa. Coincidi\u00f3 \u00e9ste con la vejez y enfermedad de Felipe II, cada vez m\u00e1s retirado en el palacio-monasterio de El Escorial, que hab\u00eda hecho construir en 1563-84.<\/p>\n<p>Al morir le sucedi\u00f3 Felipe III, hijo de su cuarto matrimonio (con Ana de Austria); el primer heredero var\u00f3n que tuvo (el incapaz pr\u00edncipe Carlos, hijo de su primer matrimonio con Mar\u00eda Manuela de Portugal) hab\u00eda muerto muy joven encerrado en el Alc\u00e1zar de Madrid y, seg\u00fan la \u00ableyenda negra\u00bb que alentaban los enemigos de Felipe II, por instigaci\u00f3n de su padre.<\/p>\n","protected":false},"excerpt":{"rendered":"<p>Naci\u00f3 el 21 de mayo de 1527 en Valladolid. Hijo de Carlos I y de Isabel de Portugal. Instruido desde muy joven por Juan Mart\u00ednez Sil\u00edcio y Juan de Z\u00faniga. Su padre decidi\u00f3 abdicar en Felipe, en 1555-1556. Por lo que, tras viajar por Italia y los Pa\u00edses Bajos y ser reconocido como sucesor regio [&hellip;]<\/p>\n","protected":false},"author":2163,"featured_media":0,"parent":0,"menu_order":0,"comment_status":"open","ping_status":"open","template":"","meta":{"footnotes":""},"class_list":["post-68","page","type-page","status-publish","hentry"],"_links":{"self":[{"href":"https:\/\/blogs.ua.es\/vidaprivadafelipeii\/wp-json\/wp\/v2\/pages\/68","targetHints":{"allow":["GET"]}}],"collection":[{"href":"https:\/\/blogs.ua.es\/vidaprivadafelipeii\/wp-json\/wp\/v2\/pages"}],"about":[{"href":"https:\/\/blogs.ua.es\/vidaprivadafelipeii\/wp-json\/wp\/v2\/types\/page"}],"author":[{"embeddable":true,"href":"https:\/\/blogs.ua.es\/vidaprivadafelipeii\/wp-json\/wp\/v2\/users\/2163"}],"replies":[{"embeddable":true,"href":"https:\/\/blogs.ua.es\/vidaprivadafelipeii\/wp-json\/wp\/v2\/comments?post=68"}],"version-history":[{"count":1,"href":"https:\/\/blogs.ua.es\/vidaprivadafelipeii\/wp-json\/wp\/v2\/pages\/68\/revisions"}],"predecessor-version":[{"id":69,"href":"https:\/\/blogs.ua.es\/vidaprivadafelipeii\/wp-json\/wp\/v2\/pages\/68\/revisions\/69"}],"wp:attachment":[{"href":"https:\/\/blogs.ua.es\/vidaprivadafelipeii\/wp-json\/wp\/v2\/media?parent=68"}],"curies":[{"name":"wp","href":"https:\/\/api.w.org\/{rel}","templated":true}]}}