{"id":70,"date":"2012-01-25T18:00:52","date_gmt":"2012-01-25T18:00:52","guid":{"rendered":"https:\/\/blogs.ua.es\/vidaprivadafelipeii\/?page_id=70"},"modified":"2012-01-25T18:00:52","modified_gmt":"2012-01-25T18:00:52","slug":"el-principe-don-carlos","status":"publish","type":"page","link":"https:\/\/blogs.ua.es\/vidaprivadafelipeii\/el-principe-don-carlos\/","title":{"rendered":"El Pr\u00edncipe Don Carlos"},"content":{"rendered":"<p>Siendo ni\u00f1o, se sab\u00eda que gozaba con asar liebres vivas y una vez, en una org\u00eda de crueldad, ceg\u00f3 caballos en el establo real. A los once a\u00f1os hizo azotar a una muchacha para su s\u00e1dica diversi\u00f3n: fue un exceso por el que hubo que pagar compensaciones al padre de la ni\u00f1a.<\/p>\n<p>En 1560 fue reconocido como heredero al trono por las <a title=\"Cortes de Castilla\" href=\"http:\/\/es.wikipedia.org\/wiki\/Cortes_de_Castilla\">Cortes de Castilla<\/a>. Fue educado en la Universidad de Alcal\u00e1 de Henares junto al hermanastro del rey don <a title=\"Juan de Austria\" href=\"http:\/\/es.wikipedia.org\/wiki\/Juan_de_Austria\">Juan de Austria<\/a> y <a title=\"Alejandro Farnese\" href=\"http:\/\/es.wikipedia.org\/wiki\/Alejandro_Farnese\">Alejandro Farnese<\/a>.<\/p>\n<p>Su delicado estado de salud, con fiebres persistentes, motiv\u00f3 que en 1561 los m\u00e9dicos de la corte recomendaran fijar su residencia en Alcal\u00e1 de Henares, alej\u00e1ndose de los aires insalubres de Madrid. En 1562 se cay\u00f3 por las escaleras golpe\u00e1ndose en la cabeza; tras probar muchos tratamientos diferentes, incluyendo el acudir al curandero Pinterete y a poner en su cama la momia de fray <a title=\"Diego de Alcal\u00e1\" href=\"http:\/\/es.wikipedia.org\/wiki\/Diego_de_Alcal%C3%A1\">Diego de Alcal\u00e1<\/a>, finalmente Vesalio le realiz\u00f3 una trepanaci\u00f3n, operaci\u00f3n muy arriesgada que le traer\u00eda secuelas, pues se acrecent\u00f3 su crueldad y sus excentricidades. Su desarrollo f\u00edsico tambi\u00e9n era deficiente, pues ten\u00eda un hombro m\u00e1s alto que el otro, la pierna izquierda m\u00e1s larga que la derecha, el pecho hundido y una peque\u00f1a joroba.<\/p>\n<p>Tras su recuperaci\u00f3n, <a title=\"Felipe II de Espa\u00f1a\" href=\"http:\/\/es.wikipedia.org\/wiki\/Felipe_II_de_Espa%C3%B1a\">Felipe II<\/a> le nombr\u00f3 miembro del <a title=\"Consejo de Estado de Espa\u00f1a\" href=\"http:\/\/es.wikipedia.org\/wiki\/Consejo_de_Estado_de_Espa%C3%B1a\">Consejo de Estado<\/a> en 1564, un intento infructuoso por parte de su padre para que tomara contacto con el gobierno de la naci\u00f3n, ya que sus problemas mentales se agravaban.<\/p>\n<p><a title=\"Felipe II de Espa\u00f1a\" href=\"http:\/\/es.wikipedia.org\/wiki\/Felipe_II_de_Espa%C3%B1a\">Felipe II<\/a> pens\u00f3 en casarlo con <a title=\"Mar\u00eda I Estuardo\" href=\"http:\/\/es.wikipedia.org\/wiki\/Mar%C3%ADa_I_Estuardo\">Mar\u00eda Estuardo<\/a>, un matrimonio arriesgado, pues suscitar\u00eda la enemistad de Francia, Inglaterra y posiblemente del Imperio. Estas razones, unidas a los problemas del pr\u00edncipe, en quien era dif\u00edcil confiar, hicieron que Felipe II fuera enfriando las negociaciones. Por otro lado, Don Carlos quer\u00eda gobernar los Pa\u00edses Bajos como su padre le prometi\u00f3 en 1559, pero debido a su incapacidad para gobernar y la inestabilidad en los Pa\u00edses Bajos su padre incumpli\u00f3 dicha promesa, y de hecho ni siquiera le convoc\u00f3 para tratar la cuesti\u00f3n.<\/p>\n<p>Viendo la poca credibilidad que le merec\u00eda a su padre, don Carlos se desesperaba, sentimiento que se acrecentaba porque a su padre, que le hab\u00eda engendrado tan joven, todav\u00eda le quedaba mucho tiempo de reinado. El pr\u00edncipe se burlaba del Rey, al que comparaba en sus titubeos con la figura de su abuelo el Emperador Carlos I. El pr\u00edncipe lleg\u00f3 a aproximarse a la puerta de la c\u00e1mara donde se estaba discutiendo la situaci\u00f3n de los Pa\u00edses Bajos para espiar lo que all\u00ed se dec\u00eda.<\/p>\n<p>Uno de los l\u00edderes rebeldes en los Pa\u00edses Bajos, el conde de Egmont, tuvo contacto en Madrid con el pr\u00edncipe Carlos en 1565, el cual estaba pensando en escaparse a dicho lugar del imperio. El pr\u00edncipe le confi\u00f3 su plan al pr\u00edncipe de \u00c9boli, quien inform\u00f3 inmediatamente al rey. En 1566 el Bar\u00f3n de Montigny, que lleg\u00f3 a Madrid representando a los rebeldes Egmont y Hornes, tambi\u00e9n tuvo contacto con el pr\u00edncipe. Durante 1567 el pr\u00edncipe cometi\u00f3 nuevos excesos, como mandar incendiar una casa desde la que se lanzaron unas aguas sucias que le mancharon, o amenazar de muerte al <a title=\"Duque de Alba\" href=\"http:\/\/es.wikipedia.org\/wiki\/Duque_de_Alba\">duque de Alba<\/a>, que hab\u00eda de partir hacia Flandes en su lugar.<\/p>\n<p>El duque de Alba puso en prisi\u00f3n m\u00e1s tarde a Hornes, y Montigny fue ejecutado tres a\u00f1os despu\u00e9s. Don Carlos intent\u00f3 otro plan para ir a los Pa\u00edses Bajos, pidi\u00f3 a su t\u00edo don <a title=\"Juan de Austria\" href=\"http:\/\/es.wikipedia.org\/wiki\/Juan_de_Austria\">Juan de Austria<\/a> que le llevara a Italia, el cual tambi\u00e9n inform\u00f3 al rey. Adem\u00e1s le habl\u00f3 al prior del convento de Atocha de su deseo de matar al Rey. Finalmente, Felipe II mand\u00f3 el 18 de enero de 1568 encerrar a su hijo en sus aposentos sin recibir correspondencia y con limitada comunicaci\u00f3n con el mundo exterior. Como el pr\u00edncipe amenaz\u00f3 con quitarse la vida, Felipe II orden\u00f3 que no pudiese tener cuchillos ni tenedores. Al informar a la opini\u00f3n p\u00fablica, as\u00ed como a los gobernantes de Europa, el Rey fue ambiguo, pues por un lado debe justificarse y por otro trata de no revelar las faltas de don Carlos. Esta falta de transparencia alimentar\u00eda los rumores y la propaganda negativa de sus enemigos, especialmente de <a title=\"Guillermo de Orange\" href=\"http:\/\/es.wikipedia.org\/wiki\/Guillermo_de_Orange\">Guillermo de Orange<\/a>.<\/p>\n<p>Cautivo, el pr\u00edncipe trat\u00f3 de emprender una huelga de hambre, en la que fracas\u00f3. Tras ello, se dio al otro extremo, comiendo sin medida. Esto, junto a su debilidad f\u00edsica, es la causa probable de su muerte, que acaeci\u00f3 el 28 de julio de 1568. Muchas han sido las conjeturas sobre si Felipe II asesin\u00f3 a su hijo mientras estaba detenido (envenenado, estrangulado o decapitado), pero todo intento por demostrarlo ha quedado en meras especulaciones, con lo cual este hecho parece poco probable.<\/p>\n<p><a href=\"https:\/\/blogs.ua.es\/vidaprivadafelipeii\/files\/2012\/01\/DONCARLOS.jpg\"><img loading=\"lazy\" decoding=\"async\" class=\"aligncenter size-medium wp-image-71\" src=\"https:\/\/blogs.ua.es\/vidaprivadafelipeii\/files\/2012\/01\/DONCARLOS-276x300.jpg\" alt=\"Don Carlos\" width=\"276\" height=\"300\" srcset=\"https:\/\/blogs.ua.es\/vidaprivadafelipeii\/files\/2012\/01\/DONCARLOS-276x300.jpg 276w, https:\/\/blogs.ua.es\/vidaprivadafelipeii\/files\/2012\/01\/DONCARLOS.jpg 369w\" sizes=\"auto, (max-width: 276px) 100vw, 276px\" \/><\/a><\/p>\n","protected":false},"excerpt":{"rendered":"<p>Siendo ni\u00f1o, se sab\u00eda que gozaba con asar liebres vivas y una vez, en una org\u00eda de crueldad, ceg\u00f3 caballos en el establo real. A los once a\u00f1os hizo azotar a una muchacha para su s\u00e1dica diversi\u00f3n: fue un exceso por el que hubo que pagar compensaciones al padre de la ni\u00f1a. En 1560 fue [&hellip;]<\/p>\n","protected":false},"author":2163,"featured_media":0,"parent":0,"menu_order":0,"comment_status":"open","ping_status":"open","template":"","meta":{"footnotes":""},"class_list":["post-70","page","type-page","status-publish","hentry"],"_links":{"self":[{"href":"https:\/\/blogs.ua.es\/vidaprivadafelipeii\/wp-json\/wp\/v2\/pages\/70","targetHints":{"allow":["GET"]}}],"collection":[{"href":"https:\/\/blogs.ua.es\/vidaprivadafelipeii\/wp-json\/wp\/v2\/pages"}],"about":[{"href":"https:\/\/blogs.ua.es\/vidaprivadafelipeii\/wp-json\/wp\/v2\/types\/page"}],"author":[{"embeddable":true,"href":"https:\/\/blogs.ua.es\/vidaprivadafelipeii\/wp-json\/wp\/v2\/users\/2163"}],"replies":[{"embeddable":true,"href":"https:\/\/blogs.ua.es\/vidaprivadafelipeii\/wp-json\/wp\/v2\/comments?post=70"}],"version-history":[{"count":2,"href":"https:\/\/blogs.ua.es\/vidaprivadafelipeii\/wp-json\/wp\/v2\/pages\/70\/revisions"}],"predecessor-version":[{"id":73,"href":"https:\/\/blogs.ua.es\/vidaprivadafelipeii\/wp-json\/wp\/v2\/pages\/70\/revisions\/73"}],"wp:attachment":[{"href":"https:\/\/blogs.ua.es\/vidaprivadafelipeii\/wp-json\/wp\/v2\/media?parent=70"}],"curies":[{"name":"wp","href":"https:\/\/api.w.org\/{rel}","templated":true}]}}