{"id":8,"date":"2011-09-20T14:24:42","date_gmt":"2011-09-20T14:24:42","guid":{"rendered":"https:\/\/blogs.ua.es\/vidaprivadafelipeii\/?page_id=8"},"modified":"2011-09-20T14:24:42","modified_gmt":"2011-09-20T14:24:42","slug":"presentacion-del-creador","status":"publish","type":"page","link":"https:\/\/blogs.ua.es\/vidaprivadafelipeii\/presentacion-del-creador\/","title":{"rendered":"Presentaci\u00f3n del &#8220;creador&#8221;"},"content":{"rendered":"<p>Pues en efecto soy el &#8220;creador&#8221; o m\u00e1s bien el autor de <em>este &#8220;intento de blog<\/em>&#8220;.<\/p>\n<p>Mi nombre es Antonio, t\u00edpico a m\u00e1s no poder, aunque prefiero que me llamen Toni (es m\u00e1s f\u00e1cil para todos pienso yo). Soy estudiante de la Licenciatura de Humanidades (antiguo plan de estudio), m\u00e1s concretamente de 4\u00ba curso. Nos han propuesto como pr\u00e1cticas para la asignatura de Historia Moderna de Espa\u00f1a (o de la Pen\u00ednsula Ib\u00e9rica por as\u00ed decirlo) realizar un &#8220;se\u00f1or&#8221; blog.\u00a0 A ver qu\u00e9 tal sale el asunto&#8230;<\/p>\n","protected":false},"excerpt":{"rendered":"<p>Pues en efecto soy el &#8220;creador&#8221; o m\u00e1s bien el autor de este &#8220;intento de blog&#8220;. Mi nombre es Antonio, t\u00edpico a m\u00e1s no poder, aunque prefiero que me llamen Toni (es m\u00e1s f\u00e1cil para todos pienso yo). Soy estudiante de la Licenciatura de Humanidades (antiguo plan de estudio), m\u00e1s concretamente de 4\u00ba curso. Nos [&hellip;]<\/p>\n","protected":false},"author":2163,"featured_media":0,"parent":0,"menu_order":0,"comment_status":"open","ping_status":"open","template":"","meta":{"footnotes":""},"class_list":["post-8","page","type-page","status-publish","hentry"],"_links":{"self":[{"href":"https:\/\/blogs.ua.es\/vidaprivadafelipeii\/wp-json\/wp\/v2\/pages\/8","targetHints":{"allow":["GET"]}}],"collection":[{"href":"https:\/\/blogs.ua.es\/vidaprivadafelipeii\/wp-json\/wp\/v2\/pages"}],"about":[{"href":"https:\/\/blogs.ua.es\/vidaprivadafelipeii\/wp-json\/wp\/v2\/types\/page"}],"author":[{"embeddable":true,"href":"https:\/\/blogs.ua.es\/vidaprivadafelipeii\/wp-json\/wp\/v2\/users\/2163"}],"replies":[{"embeddable":true,"href":"https:\/\/blogs.ua.es\/vidaprivadafelipeii\/wp-json\/wp\/v2\/comments?post=8"}],"version-history":[{"count":2,"href":"https:\/\/blogs.ua.es\/vidaprivadafelipeii\/wp-json\/wp\/v2\/pages\/8\/revisions"}],"predecessor-version":[{"id":10,"href":"https:\/\/blogs.ua.es\/vidaprivadafelipeii\/wp-json\/wp\/v2\/pages\/8\/revisions\/10"}],"wp:attachment":[{"href":"https:\/\/blogs.ua.es\/vidaprivadafelipeii\/wp-json\/wp\/v2\/media?parent=8"}],"curies":[{"name":"wp","href":"https:\/\/api.w.org\/{rel}","templated":true}]}}