{"id":82,"date":"2012-01-25T18:30:35","date_gmt":"2012-01-25T18:30:35","guid":{"rendered":"https:\/\/blogs.ua.es\/vidaprivadafelipeii\/?page_id=82"},"modified":"2012-01-25T18:30:35","modified_gmt":"2012-01-25T18:30:35","slug":"amberes-sitio-asedio-y-conquista-2%c2%aa-parte","status":"publish","type":"page","link":"https:\/\/blogs.ua.es\/vidaprivadafelipeii\/amberes-sitio-asedio-y-conquista-2%c2%aa-parte\/","title":{"rendered":"Amberes: sitio, asedio y conquista (2\u00aa Parte)"},"content":{"rendered":"<p><strong>Los combates llegan a los diques<\/strong><\/p>\n<p>El comandante de los buque rebeldes atracados en la desembocadura del Escalda, orden\u00f3 a sus hombres desembarcar en\u00a0 tierra , convencido de que solo por tierra era posible ayudar a los sitiados., tomar los diques y despu\u00e9s destruirlos. Con ello conseguir\u00eda inundar las tierras, para as\u00ed una vez inundada la tierra, los barcos podr\u00edan navegar fuera del cauce y llegar a ala ciudad, convirtiendo el puente Farnesio en un obra in\u00fatil. A partir de finales de abril, los ej\u00e9rcitos contendiente luchaban arduamente por conquistar los diques y los fuertes que los proteg\u00edan, durante el pr\u00f3ximo mes de mayo, los ej\u00e9rcitos reales consiguieron oponerse con \u00e9xito a los ataques de los rebeldes.<\/p>\n<p>A todo ello Federico Giambelli no paraba de agudizar el ingenio para intentar acabar con el puente que tantos quebraderos de cabeza les estaba ocasionando, y en Amberes se estaba construyendo otro artefacto de m\u00e1s de mil toneladas, y un tanto prematuramente fue bautizado como \u201cel fin de la guerra\u201d. En medio de su cubierta se hab\u00eda construido un castillo,, con m\u00e1s de mil soldados en su interior, con cientos de mosquetes y decenas de ca\u00f1ones.<\/p>\n<p>Tras una simulaci\u00f3n de ataque a su objetivo predilecto, el puente , enfil\u00f3 contra los fuertes haci\u00e9ndoles llegar un fuego mort\u00edfero que produjo muchos da\u00f1os, aunque a tratar de virar no tard\u00f3 en embarrancar, debido a la pesadez del mismo y al poco calado del terreno inundado, con lo cual dada la imposibilidad de rescatarlo fue abandonado por su tripulaci\u00f3n.<\/p>\n<p>Jocosamente los espa\u00f1oles bautizaron a este nuevo invento de Giambelli, como los \u201cgastos perdidos\u201d. Pero fue a la luz del alba del 26 de mayo de 1585, cuando los holandeses lanzaron el contraataque m\u00e1s sangriento de la batalla, con 160 barcos y 15.000 hombres\u00a0 por tierra, siendo tan intenso que obligo a los espa\u00f1oles a buscar refugio en los fuertes, siendo aprovechado por los infante enemigos para desembarcar y con picos y palas comenzaron a abrir zanjas para inundar las tierras, protegidos las brigadas de zapadores por parapetos construidos por sus compa\u00f1eros para protegerlos del fuego enemigo. En seguida este trabajo de los zapadores dio sus frutos y lentamente las aguas empezaron a salir por los surcos aprietos en lo diques, sin que los realistas fueran capaces de impedirlo.<\/p>\n<p>Alejandro Farnesio pronto se dio cuenta de la gravedad de la situaci\u00f3n y envi\u00f3 prontamente refuerzos que pasaron a nivela la situaci\u00f3n. No obstante una esclusa hab\u00eda sido rota y por all\u00ed se col\u00f3 un barco, cargado de avituallamientos que fue recibido con j\u00fabilo por la poblaci\u00f3n civil, dando gritos de victoria. Pero los tercios poco a poco fueron imponiendo su buen hacer y sus zapadores iban taponando los boquetes abiertos por los holandeses, tambi\u00e9n la marea hab\u00eda empezado a bajar y los barcos que no pudieron alcanzar el mar a tiempo, quedaron embarrancados,\u00a0 unos treinta de ellos que quedaron encallados fueron masacrados por los soldados espa\u00f1oles. Fue el propio pr\u00edncipe de Parma con su entrada en combate con las reservas lo que empez\u00f3 a decantar la balanza a su favor. Fueron expulsados de los diques, poco a poco, y acos\u00e1ndoles sin tregua hasta que se rindieron, o bien huyendo a nado o a pi\u00e9, por la zona embarrada, lo que los convert\u00edan en un blanco perfecto de los espa\u00f1oles.<\/p>\n<p>Despu\u00e9s de asegurarse la victoria, se pas\u00f3 a taponar los diques abiertos con toda clase de materiales, incluyendo los cad\u00e1veres que estaban tirados all\u00ed. La duraci\u00f3n de la batalla fue de unas siete horas, contabiliz\u00e1ndose unos 4.000 muertos por el bando holand\u00e9s por unos 1.000 por el bando de Farnesio, am\u00e9n de capturar unos 28 nav\u00edos grandes y\u00a0 65 ca\u00f1ones de bronce.<\/p>\n<p><strong>La rendici\u00f3n de Amberes <\/strong><\/p>\n<p>Esta victoria cay\u00f3 como un jarro de agua helada para las aspiraciones de los defensores de la ciudad y empez\u00f3 a cundir el desanimo entre ellos, y ya se empezaron a o\u00edr voces cada vez m\u00e1s numerosas pidiendo la rendici\u00f3n. El gobernador trat\u00f3 de infundir nuevos \u00e1nimos a sus conciudadanos asegur\u00e1ndoles que nuevos refuerzos estaban por llegar, incluso lleg\u00f3 a falsificar cartas en \u00e9ste sentido, pero cuando se descubri\u00f3 el enga\u00f1o, creci\u00f3 el descontento y se produjeron algunos motines.<\/p>\n<p>Mientras la artiller\u00eda de Farnesio estaba batiendo con sa\u00f1a los fuertes que rodeaban las murallas de la ciudad , lo que acab\u00f3 por provocar que los defensores de los mismos, los abandonaran y se refugiaran en la ciudad.<\/p>\n<p>El pr\u00edncipe de Parma alentaba todas las posibilidades de rendici\u00f3n y cu\u00e9ntase que un joven que consigui\u00f3 salir de la ciudad, para conseguir leche para su esposa enferma, fue apresado por los espa\u00f1oles y llevado a presencia de Farnesio, \u00e9ste no solo le dio permiso para regresar a la ciudad con la leche, sino que le entreg\u00f3 una mula, cargada con alimentos para su dama, cosa \u00a0que la poblaci\u00f3n civil al enterarse corri\u00f3 de boca en boca, consiguiendo su objetivo de que su nombre fuese asociado a galanter\u00eda y humanidad.<\/p>\n<p>Viendo el gobernador que la poblaci\u00f3n civil, harta de la escasez de alimentos, pod\u00eda deponerle, empez\u00f3 a iniciar las condiciones de su rendici\u00f3n, estando ya en el mes de julio. A finales del mismo y coincidiendo con la rendici\u00f3n de Malinas, se empezaron a redactar las condiciones de la capitulaci\u00f3n.\u00a0 Siendo las condiciones de Farnesio muy ben\u00e9volas para Amberes, ya quer\u00eda que se olvidaran del mot\u00edn y del saqueo por parte de los tercios espa\u00f1oles en 1576. Entonces se fij\u00f3 la guarnici\u00f3n en 2.500 soldados, la promesa de fidelidad al rey, la restauraci\u00f3n de los templos cat\u00f3licos. El pago de 400.000 florines, siendo el mismo gobernador puesto en libertad bajo promesa de no librar armas contra Felipe II por un a\u00f1o, y todo ello le cost\u00f3 una vez en Holanda, ser acusado de traici\u00f3n.<\/p>\n<p>En lo \u00fanico que Alejandro Farnesio se mostr\u00f3\u00a0 intransigente fue en el tema del culto religioso, concediendo a los protestantes cuatro a\u00f1os para abandonar la ciudad, llevando sus pertenencias, cumpliendo a rajatabla las \u00f3rdenes de Felipe II, que eran como se detalla a continuaci\u00f3n: \u201cEn todos los tratados con las ciudades y castillos que vendr\u00e1n a vuestro poder, sea esto lo \u00faltimo : que en estos lugares se reciba la religi\u00f3n cat\u00f3lica, sin que se permita a los herejes ejercicio o profesi\u00f3n alguna, sea civil o forense, ; sino es que para la libre disposici\u00f3n de sus haciendas se les haya de conceder cualquier tiempo y este fijo y limitado\u201d. La toma de Amberes produjo una gran alegr\u00eda en Felipe II(Se dice que la ca\u00edda de Amberes fue la \u00fanica noticia que altero la impasibilidad del Rey) y por ende en toda la nobleza espa\u00f1ola, si\u00e9ndole concedido a su sobrino Alejandro Farnesio el Tois\u00f3n de Oro. La rendici\u00f3n de la gran ciudad origin\u00f3 la ca\u00edda de todo el Brabante.<\/p>\n<p>A mediados de agosto de 1585, Farnesio hizo su entrada triunfal en la ciudad, teniendo buen cuidado de no tener ning\u00fan espa\u00f1ol o italiano en las tropas que desfilaron por las calles de Amberes para no recordar el pillaje a que fue sometida la ciudad diez a\u00f1os antes. Al cabo de unos d\u00edas organiz\u00f3 un gran banquete sobre el puente que tanto le hab\u00eda costado construir, invitando a unas 800 damas de la nobleza, entre miles de comensales, y dichos festejos duraron tres d\u00edas, en los que luci\u00f3 su reci\u00e9n concedido Tois\u00f3n de Oro, siendo el 2 de septiembre el d\u00eda fijado para desmantelar el puente, lo cual hizo regalando el material a los ingenieros. Este fue un gran triunfo de Farnesio ya que hab\u00eda recuperado diez de las diecisiete provincias holandesas.<\/p>\n<p>Militarmente, el pr\u00edncipe de Parma no ten\u00eda enemigo, pero en la guerra de los Pa\u00edses Bajos repercuten todos los incidentes e intrigas de la lucha que contra el protestantismo manten\u00eda Felipe II en Inglaterra y en Francia, Isabel Tudor al ver Amberes en manos espa\u00f1olas, se decidi\u00f3 tard\u00edamente a romper las hostilidades contra la corona espa\u00f1ola y envi\u00f3 a los Pa\u00edses Bajos un ej\u00e9rcito, bajo el mando del conde de Leicester(1586),. El lord no era enemigo para el de Parma, que continu\u00f3 la serie de victorias y conquistas.<\/p>\n<p>Todo el pa\u00eds. Incluso Holanda y Zelanda, hubiera sido sometido totalmente si el caudillo no se hubiese visto obligado a secundar la acci\u00f3n mar\u00edtima de \u201cLa Armada Invencible\u201d espa\u00f1ola, destinada a un gran fracaso.<\/p>\n<p>Podemos decir con gran certeza que fue uno de los mejores comandantes del ej\u00e9rcito espa\u00f1ol y como varios de ellos(El Gran Capit\u00e1n. El Duque de Alba, etc.) sufri\u00f3 meses despu\u00e9s la incomprensi\u00f3n de su monarca, ya que debido a la falta de coordinaci\u00f3n del jefe de la Armada Espa\u00f1ola, Duque de Medina Sidonia, con Farnesio, \u00a0\u00e9ste no pudo embarcar jam\u00e1s sus tercios para la conquista de Inglaterra. Lo cual le provoc\u00f3 no pocas cr\u00edticas y si a eso a\u00f1adimos el inter\u00e9s de Felipe II de intervenir en las guerras civiles de Francia para colocar en el trono a su hija Isabel Clara Eugenia, desatendiendo as\u00ed la guerra total contra los holandeses, le llevaron al rey a destituir a Farnesio en 1592,\u00a0 pero esto ya pertenece a otra historia.<\/p>\n","protected":false},"excerpt":{"rendered":"<p>Los combates llegan a los diques El comandante de los buque rebeldes atracados en la desembocadura del Escalda, orden\u00f3 a sus hombres desembarcar en\u00a0 tierra , convencido de que solo por tierra era posible ayudar a los sitiados., tomar los diques y despu\u00e9s destruirlos. Con ello conseguir\u00eda inundar las tierras, para as\u00ed una vez inundada [&hellip;]<\/p>\n","protected":false},"author":2163,"featured_media":0,"parent":0,"menu_order":0,"comment_status":"open","ping_status":"open","template":"","meta":{"footnotes":""},"class_list":["post-82","page","type-page","status-publish","hentry"],"_links":{"self":[{"href":"https:\/\/blogs.ua.es\/vidaprivadafelipeii\/wp-json\/wp\/v2\/pages\/82","targetHints":{"allow":["GET"]}}],"collection":[{"href":"https:\/\/blogs.ua.es\/vidaprivadafelipeii\/wp-json\/wp\/v2\/pages"}],"about":[{"href":"https:\/\/blogs.ua.es\/vidaprivadafelipeii\/wp-json\/wp\/v2\/types\/page"}],"author":[{"embeddable":true,"href":"https:\/\/blogs.ua.es\/vidaprivadafelipeii\/wp-json\/wp\/v2\/users\/2163"}],"replies":[{"embeddable":true,"href":"https:\/\/blogs.ua.es\/vidaprivadafelipeii\/wp-json\/wp\/v2\/comments?post=82"}],"version-history":[{"count":1,"href":"https:\/\/blogs.ua.es\/vidaprivadafelipeii\/wp-json\/wp\/v2\/pages\/82\/revisions"}],"predecessor-version":[{"id":84,"href":"https:\/\/blogs.ua.es\/vidaprivadafelipeii\/wp-json\/wp\/v2\/pages\/82\/revisions\/84"}],"wp:attachment":[{"href":"https:\/\/blogs.ua.es\/vidaprivadafelipeii\/wp-json\/wp\/v2\/media?parent=82"}],"curies":[{"name":"wp","href":"https:\/\/api.w.org\/{rel}","templated":true}]}}