{"id":86,"date":"2012-01-25T18:36:15","date_gmt":"2012-01-25T18:36:15","guid":{"rendered":"https:\/\/blogs.ua.es\/vidaprivadafelipeii\/?page_id=86"},"modified":"2012-01-25T18:36:15","modified_gmt":"2012-01-25T18:36:15","slug":"el-gran-duque-de-alba","status":"publish","type":"page","link":"https:\/\/blogs.ua.es\/vidaprivadafelipeii\/el-gran-duque-de-alba\/","title":{"rendered":"El Gran Duque de Alba"},"content":{"rendered":"<p>Uno de los cuatro militares imprescindibles del reinado de Felipe II, temido en todo el mundo conocido a lo largo del Siglo XVI y recordado en los siglos posteriores (especialmente por la &#8220;leyenda negra&#8221;).<\/p>\n<p>&nbsp;<\/p>\n<p><strong>Fernando \u00c1lvarez de Toledo<\/strong>, general y pol\u00edtico espa\u00f1ol, conocido como el Gran Duque de Alba, que sirvi\u00f3 al emperador Carlos V y a Felipe II. Naci\u00f3 en la localidad abulense de Piedrahita, el 29 de octubre de 1507 y, desde muy joven, se dedic\u00f3 a las armas participando a las \u00f3rdenes del Condestable de Castilla en el sitio de Fuenterrab\u00eda (1524) y en la defensa de Catalu\u00f1a contra los franceses.<\/p>\n<p>Ya convertido en duque (1531), particip\u00f3 en diversas campa\u00f1as del Emperador, en especial la de T\u00fanez (1535) y la guerra contra la Liga protestante de Esmalcalda, a la que venci\u00f3 en la batalla de M\u00fchlberg al mando de las tropas carolinas (1547). Sin embargo, sus intervenciones m\u00e1s importantes se produjeron en el reinado siguiente, pues el joven Felipe II le manifest\u00f3 una especial confianza ya que Alba y su esposa hab\u00edan sido padrinos de la boda del rey con Mar\u00eda Tudor (1554). Por ello y por su experiencia militar fue designado virrey de N\u00e1poles (1556-1558), donde tuvo que hacer frente a un ej\u00e9rcito franc\u00e9s.<\/p>\n<p>En 1567 fue enviado a los Pa\u00edses Bajos para sofocar la revuelta. All\u00ed instituy\u00f3 el Tribunal de los Tumultos, o de la Sangre, encargado de juzgar, condenar y confiscar los bienes de los rebeldes. Tambi\u00e9n potenci\u00f3 el papel de la Inquisici\u00f3n y puso en vigor leyes contra la herej\u00eda. Asimismo, modific\u00f3 y unific\u00f3 el sistema legal de las provincias, introdujo leyes castellanas y aument\u00f3 los impuestos con el objeto de costear la estancia de sus tropas, sin respetar las libertades tradicionales flamencas. Como consecuencia de esta dura pol\u00edtica, no s\u00f3lo fracas\u00f3 en sofocar la revuelta, sino que la aviv\u00f3. Finalmente, Felipe II le destituy\u00f3 en 1573.<\/p>\n<p>Nombrado consejero de Estado, manifest\u00f3 su opini\u00f3n contraria al env\u00edo de Juan de Austria a Flandes y apoy\u00f3 el matrimonio de su hijo Fadrique -heredero del t\u00edtulo ducal- contra la voluntad del rey. Como consecuencia, cay\u00f3 en desgracia, se retir\u00f3 de la vida p\u00fablica en Alba de Tormes y lleg\u00f3 a estar preso con su hijo en Tordesillas. Pero se le llam\u00f3 de nuevo para doblegar la oposici\u00f3n portuguesa contra Felipe II, quien reclamaba sus derechos din\u00e1sticos al trono de Portugal al ser nieto de don Manuel I (1580). Entr\u00f3 en Lisboa tras vencer al ej\u00e9rcito de Diego de Meneses y obtuvo la rendici\u00f3n de la flota portuguesa. Como recompensa por su eficacia, el anciano duque fue nombrado condestable de Portugal y recibi\u00f3 el Tois\u00f3n de Oro. Muri\u00f3 en Lisboa el 11 de diciembre de 1582.<\/p>\n","protected":false},"excerpt":{"rendered":"<p>Uno de los cuatro militares imprescindibles del reinado de Felipe II, temido en todo el mundo conocido a lo largo del Siglo XVI y recordado en los siglos posteriores (especialmente por la &#8220;leyenda negra&#8221;). &nbsp; Fernando \u00c1lvarez de Toledo, general y pol\u00edtico espa\u00f1ol, conocido como el Gran Duque de Alba, que sirvi\u00f3 al emperador Carlos [&hellip;]<\/p>\n","protected":false},"author":2163,"featured_media":0,"parent":0,"menu_order":0,"comment_status":"open","ping_status":"open","template":"","meta":{"footnotes":""},"class_list":["post-86","page","type-page","status-publish","hentry"],"_links":{"self":[{"href":"https:\/\/blogs.ua.es\/vidaprivadafelipeii\/wp-json\/wp\/v2\/pages\/86","targetHints":{"allow":["GET"]}}],"collection":[{"href":"https:\/\/blogs.ua.es\/vidaprivadafelipeii\/wp-json\/wp\/v2\/pages"}],"about":[{"href":"https:\/\/blogs.ua.es\/vidaprivadafelipeii\/wp-json\/wp\/v2\/types\/page"}],"author":[{"embeddable":true,"href":"https:\/\/blogs.ua.es\/vidaprivadafelipeii\/wp-json\/wp\/v2\/users\/2163"}],"replies":[{"embeddable":true,"href":"https:\/\/blogs.ua.es\/vidaprivadafelipeii\/wp-json\/wp\/v2\/comments?post=86"}],"version-history":[{"count":2,"href":"https:\/\/blogs.ua.es\/vidaprivadafelipeii\/wp-json\/wp\/v2\/pages\/86\/revisions"}],"predecessor-version":[{"id":88,"href":"https:\/\/blogs.ua.es\/vidaprivadafelipeii\/wp-json\/wp\/v2\/pages\/86\/revisions\/88"}],"wp:attachment":[{"href":"https:\/\/blogs.ua.es\/vidaprivadafelipeii\/wp-json\/wp\/v2\/media?parent=86"}],"curies":[{"name":"wp","href":"https:\/\/api.w.org\/{rel}","templated":true}]}}