{"id":89,"date":"2012-01-25T18:39:36","date_gmt":"2012-01-25T18:39:36","guid":{"rendered":"https:\/\/blogs.ua.es\/vidaprivadafelipeii\/?page_id=89"},"modified":"2012-01-25T18:39:36","modified_gmt":"2012-01-25T18:39:36","slug":"el-duque-de-parma","status":"publish","type":"page","link":"https:\/\/blogs.ua.es\/vidaprivadafelipeii\/el-duque-de-parma\/","title":{"rendered":"El Duque de Parma"},"content":{"rendered":"<p>Otro de los m\u00e1s grandes militares bajo el reinado de Felipe II.<\/p>\n<p><strong>Alejandro Farnesio y Habsburgo<\/strong> (Roma, 27 de agosto de 1545 \u2013 Arr\u00e1s, 3 de diciembre de 1592), tercer duque de Parma y Piacenza, hijo de <a title=\"Octavio Farnesio\" href=\"http:\/\/es.wikipedia.org\/wiki\/Octavio_Farnesio\">Octavio Farnesio<\/a> y <a title=\"Margarita de Parma\" href=\"http:\/\/es.wikipedia.org\/wiki\/Margarita_de_Parma\">Margarita de Parma<\/a>, la hija ileg\u00edtima del emperador <a title=\"Carlos V\" href=\"http:\/\/es.wikipedia.org\/wiki\/Carlos_V\">Carlos V<\/a>, sobrino de <a title=\"Felipe II de Espa\u00f1a\" href=\"http:\/\/es.wikipedia.org\/wiki\/Felipe_II_de_Espa%C3%B1a\">Felipe II<\/a> y de Don <a title=\"Juan de Austria\" href=\"http:\/\/es.wikipedia.org\/wiki\/Juan_de_Austria\">Juan de Austria<\/a>. Desarroll\u00f3 una importante labor militar y diplom\u00e1tica al servicio de la corona espa\u00f1ola. Luch\u00f3 en la <a title=\"Batalla de Lepanto\" href=\"http:\/\/es.wikipedia.org\/wiki\/Batalla_de_Lepanto\">batalla de Lepanto<\/a> contra los turcos y en los Pa\u00edses Bajos contra los rebeldes holandeses, as\u00ed como en Francia en las guerras de religi\u00f3n del lado cat\u00f3lico contra el protestante.<\/p>\n<p>Acompa\u00f1\u00f3 a su madre a Bruselas cuando fue nombrada gobernadora de los Pa\u00edses Bajos. En 1565 se cas\u00f3 con la princesa <a title=\"Mar\u00eda de Avis y Braganza\" href=\"http:\/\/es.wikipedia.org\/wiki\/Mar%C3%ADa_de_Avis_y_Braganza\">Mar\u00eda de Portugal<\/a>, boda celebrada en Bruselas con gran esplendor. Alejandro hab\u00eda crecido en Espa\u00f1a con el <a title=\"Carlos de Austria y Avis\" href=\"http:\/\/es.wikipedia.org\/wiki\/Carlos_de_Austria_y_Avis\">pr\u00edncipe Carlos<\/a>, hijo de Felipe II, y su t\u00edo Don Juan de Austria y tras su matrimonio se instal\u00f3 en la corte de Madrid. De ese matrimonio naci\u00f3:<\/p>\n<ul>\n<li><strong><a title=\"Ranuccio I Farnesio\" href=\"http:\/\/es.wikipedia.org\/wiki\/Ranuccio_I_Farnesio\">Ranuccio I Farnesio<\/a><\/strong> (1569-1622), su sucesor y uno de los posibles herederos al trono portugu\u00e9s durante la crisis de 1580 (por ser bisnieto de Manuel I de Portugal).<\/li>\n<\/ul>\n<p>Pasaron varios a\u00f1os antes de que pudiera demostrar su talento para las operaciones militares. Durante ese tiempo los Pa\u00edses Bajos se hab\u00edan rebelado contra su se\u00f1or natural, Felipe II, se\u00f1or de Flandes y rey de Espa\u00f1a y, tras la muerte de <a title=\"Luis de Requesens\" href=\"http:\/\/es.wikipedia.org\/wiki\/Luis_de_Requesens\">Luis de Requesens<\/a>, Don Juan fue enviado como gobernador en 1576. En oto\u00f1o de 1577 Alejandro Farnesio fue enviado en ayuda de Don Juan, llegando como comandante del ej\u00e9rcito al frente de los tercios, con los que en enero de 1578 derrot\u00f3 a un ej\u00e9rcito protestante en la <a title=\"Batalla de Gembloux\" href=\"http:\/\/es.wikipedia.org\/wiki\/Batalla_de_Gembloux\">batalla de Gembloux<\/a>. En octubre de 1578 Don Juan mor\u00eda de tifus solicitando a Felipe II que Alejandro fuera nombrado gobernador de los Pa\u00edses Bajos, a lo que el rey accedi\u00f3.<\/p>\n<p>Demostr\u00f3 sus dotes como diplom\u00e1tico a los tres meses, en enero de 1579, cuando consigui\u00f3, mediante la <a title=\"Uni\u00f3n de Arras\" href=\"http:\/\/es.wikipedia.org\/wiki\/Uni%C3%B3n_de_Arras\">Uni\u00f3n de Arras<\/a>, llevar de nuevo a la obediencia a Felipe II a las provincias del sur que se hab\u00edan unido a <a title=\"Guillermo de Orange\" href=\"http:\/\/es.wikipedia.org\/wiki\/Guillermo_de_Orange\">Guillermo de Orange<\/a> en rebeld\u00eda. Por el contrario, las provincias rebeldes abjuraron definitivamente de la soberan\u00eda de Felipe II unas semanas m\u00e1s tarde mediante la <a title=\"Uni\u00f3n de Utrecht\" href=\"http:\/\/es.wikipedia.org\/wiki\/Uni%C3%B3n_de_Utrecht\">Uni\u00f3n de Utrecht<\/a>.<\/p>\n<p>Tan pronto como obtuvo una base de operaciones segura en la provincia de Hainaut y Artois, se dispuso a reconquistar las provincias de Brabante y Flandes. Una ciudad tras otra fueron cayendo bajo su control hasta llegar frente a Amberes, a la que siti\u00f3 en 1584. El <a title=\"Asedio de Amberes\" href=\"http:\/\/es.wikipedia.org\/wiki\/Asedio_de_Amberes\">asedio de Amberes<\/a> exigi\u00f3 todo el genio militar y fuerza de voluntad de Alejandro para completar el cerco y finalmente rendir la ciudad el 15 de agosto de 1585. El \u00e9xito militar de Alejandro volvi\u00f3 a poner en manos de Felipe II todas las provincias del sur de los Pa\u00edses Bajos, pero la orograf\u00eda y situaci\u00f3n geogr\u00e1fica de las provincias de Holanda y Zelanda hac\u00edan imposible su conquista sin contar con el dominio del mar, en manos de los rebeldes.<\/p>\n<p>En 1586 se convierte en duque de Parma por la muerte de su padre y solicita permiso al rey para ausentarse y visitar el territorio del ducado, permiso que no le es otorgado, ya que el rey lo considera insustituible.<\/p>\n<p>En preparaci\u00f3n al intento de invasi\u00f3n de Inglaterra con la Armada Invencible, Alejandro marcha contra las ciudades de Ostende y Sluis, conquistando \u00e9sta \u00faltima, a donde llega la Armada en 1587. Despu\u00e9s de la derrota de la Armada, Alejandro se instala en Dunkerque.<\/p>\n<p>Tras el asesinato del rey franc\u00e9s <a title=\"Enrique III de Francia\" href=\"http:\/\/es.wikipedia.org\/wiki\/Enrique_III_de_Francia\">Enrique III<\/a> en diciembre de 1589, Alejandro fue enviado con el ej\u00e9rcito a Francia para luchar con el bando cat\u00f3lico opuesto al rey <a title=\"Enrique IV de Francia\" href=\"http:\/\/es.wikipedia.org\/wiki\/Enrique_IV_de_Francia\">Enrique IV<\/a>. En el asedio de Caudebec, el 25 de abril de 1592, result\u00f3 herido de un disparo de <a title=\"Mosquete\" href=\"http:\/\/es.wikipedia.org\/wiki\/Mosquete\">mosquete<\/a>.<sup><a href=\"http:\/\/es.wikipedia.org\/wiki\/Alejandro_Farnesio_%28duque_de_Parma%29#cite_note-0\">[1]<\/a><\/sup> Se retir\u00f3 con su ej\u00e9rcito a Flandes. Posteriormente su salud se agrav\u00f3, falleciendo la noche del 2 al 3 de diciembre de 1592 en la Abad\u00eda de Saint-Vaast de Arr\u00e1s.<\/p>\n<p>En 1956 se cre\u00f3 el cuarto tercio de la Legi\u00f3n Espa\u00f1ola, llam\u00e1ndose Tercio Alejandro Farnesio en su honor.<\/p>\n","protected":false},"excerpt":{"rendered":"<p>Otro de los m\u00e1s grandes militares bajo el reinado de Felipe II. Alejandro Farnesio y Habsburgo (Roma, 27 de agosto de 1545 \u2013 Arr\u00e1s, 3 de diciembre de 1592), tercer duque de Parma y Piacenza, hijo de Octavio Farnesio y Margarita de Parma, la hija ileg\u00edtima del emperador Carlos V, sobrino de Felipe II y [&hellip;]<\/p>\n","protected":false},"author":2163,"featured_media":0,"parent":0,"menu_order":0,"comment_status":"open","ping_status":"open","template":"","meta":{"footnotes":""},"class_list":["post-89","page","type-page","status-publish","hentry"],"_links":{"self":[{"href":"https:\/\/blogs.ua.es\/vidaprivadafelipeii\/wp-json\/wp\/v2\/pages\/89","targetHints":{"allow":["GET"]}}],"collection":[{"href":"https:\/\/blogs.ua.es\/vidaprivadafelipeii\/wp-json\/wp\/v2\/pages"}],"about":[{"href":"https:\/\/blogs.ua.es\/vidaprivadafelipeii\/wp-json\/wp\/v2\/types\/page"}],"author":[{"embeddable":true,"href":"https:\/\/blogs.ua.es\/vidaprivadafelipeii\/wp-json\/wp\/v2\/users\/2163"}],"replies":[{"embeddable":true,"href":"https:\/\/blogs.ua.es\/vidaprivadafelipeii\/wp-json\/wp\/v2\/comments?post=89"}],"version-history":[{"count":1,"href":"https:\/\/blogs.ua.es\/vidaprivadafelipeii\/wp-json\/wp\/v2\/pages\/89\/revisions"}],"predecessor-version":[{"id":90,"href":"https:\/\/blogs.ua.es\/vidaprivadafelipeii\/wp-json\/wp\/v2\/pages\/89\/revisions\/90"}],"wp:attachment":[{"href":"https:\/\/blogs.ua.es\/vidaprivadafelipeii\/wp-json\/wp\/v2\/media?parent=89"}],"curies":[{"name":"wp","href":"https:\/\/api.w.org\/{rel}","templated":true}]}}