{"id":91,"date":"2012-01-25T18:43:42","date_gmt":"2012-01-25T18:43:42","guid":{"rendered":"https:\/\/blogs.ua.es\/vidaprivadafelipeii\/?page_id=91"},"modified":"2012-01-25T18:43:42","modified_gmt":"2012-01-25T18:43:42","slug":"el-marques-de-santa-cruz","status":"publish","type":"page","link":"https:\/\/blogs.ua.es\/vidaprivadafelipeii\/el-marques-de-santa-cruz\/","title":{"rendered":"El Marqu\u00e9s de Santa Cruz"},"content":{"rendered":"<p>Militar destacado en el mandato de Felipe II.<\/p>\n<p>&nbsp;<\/p>\n<p>&nbsp;<\/p>\n<h2>Biograf\u00eda<\/h2>\n<p><strong>\u00c1lvaro de Baz\u00e1n y Guzm\u00e1n<\/strong> (Granada, Espa\u00f1a; 12 de diciembre de 1526 \u2013 Lisboa, Portugal; 9 de febrero de 1588), primer marqu\u00e9s de Santa Cruz,en referencia a la localidad manchega de Santa Cruz de Mudela, militar y almirante espa\u00f1ol, caballero de la <a title=\"Orden de Santiago\" href=\"http:\/\/es.wikipedia.org\/wiki\/Orden_de_Santiago\">Orden de Santiago<\/a>.<\/p>\n<p>Naci\u00f3 en el mismo centro de la ciudad de Granada, confluencia de la calle Reyes Cat\u00f3licos y Gran V\u00eda, donde se abre la Plaza de Isabel la Cat\u00f3lica, el 12 de diciembre de 1526, y muri\u00f3 en Lisboa, el 9 de febrero de 1588. Su abuelo sirvi\u00f3 en la Guerra de Granada con los Reyes Cat\u00f3licos y su padre fue marino al servicio de Carlos I. Estos obtuvieron de la monarqu\u00eda la concesi\u00f3n de los se\u00f1or\u00edos del Viso del Puerto y de Santa Cruz de Mudela, que pasar\u00edan a pertenecer a don \u00c1lvaro.<\/p>\n<p>Hijo de un marino de prestigio, de igual nombre y conocido como <a title=\"\u00c1lvaro de Baz\u00e1n, El Viejo\" href=\"http:\/\/es.wikipedia.org\/wiki\/%C3%81lvaro_de_Baz%C3%A1n,_El_Viejo\">Don \u00c1lvaro \u00abel Viejo\u00bb<\/a> (<a title=\"La Jornada de T\u00fanez\" href=\"http:\/\/es.wikipedia.org\/wiki\/La_Jornada_de_T%C3%BAnez\">La Jornada de T\u00fanez<\/a>), que lleg\u00f3 a ser Capit\u00e1n General de las Galeras de Espa\u00f1a y de do\u00f1a Ana Guzm\u00e1n, hija del conde de Teba y marqu\u00e9s de Ardales, tuvo la oportunidad de tomar armas en la mar desde muy joven en compa\u00f1\u00eda de su padre. A su lado estuvo en la victoria naval que consigui\u00f3 de la armada francesa sobre las costas de Galicia en 25 de julio de 1544, y conducidas las presas a la Coru\u00f1a, quedaron al cuidado del joven. Con 2 a\u00f1os de edad, <a title=\"Carlos V\" href=\"http:\/\/es.wikipedia.org\/wiki\/Carlos_V\">Carlos V<\/a> le hizo merced del h\u00e1bito de Santiago, expresi\u00f3n de la predilecci\u00f3n del emperador por su padre. Su ayo fue Pedro Gonz\u00e1lez de Simancas, que le proporcion\u00f3 una instrucci\u00f3n human\u00edstica muy esmerada y le hizo tener en gran estima a poetas y humanistas, a los que siempre protegi\u00f3 y de los que fue mecenas.<\/p>\n<p>De estirpe noble navarra, el escudo familiar es un tablero de ajedrez, seg\u00fan un dicho popular, por hallarse jugando a este juego antes de la batalla, aunque lo m\u00e1s l\u00f3gico sea que proceda del valle de Bazt\u00e1n.<sup>[2]<\/sup> En los marqueses de Santa Cruz se han a\u00f1adido las ocho cruces de San Andr\u00e9s que rodean al tablero de ajedrez.<\/p>\n<p>Baz\u00e1n estuvo al mando de la escuadra de reserva con una decisiva actuaci\u00f3n en la <a title=\"Batalla de Lepanto\" href=\"http:\/\/es.wikipedia.org\/wiki\/Batalla_de_Lepanto\">batalla de Lepanto<\/a>. Se cuenta que gan\u00f3 el t\u00edtulo de Marqu\u00e9s de Santa Cruz cuando el rey se compadeci\u00f3 de \u00e9l al verlo estar al sol y le mand\u00f3 cubrirse, y al agradec\u00e9rselo aqu\u00e9l, el monarca le dijo: \u00ab<em>por el sol, se\u00f1or marqu\u00e9s, por el sol<\/em>\u00bb.<\/p>\n<p>La vida militar de \u00c1lvaro de Baz\u00e1n va indisolublemente unida a los principales hechos de armas de la marina. Fue hombre de confianza de Felipe II y nombrado Capit\u00e1n de la Mar Oc\u00e9ana y Almirante de la Marina.<\/p>\n<p>Sus campa\u00f1as m\u00e1s destacadas fueron:<\/p>\n<ul>\n<li>La derrota de la armada francesa en aguas de Galicia;<sup>[3]<\/sup><\/li>\n<li>la reconquista del Pe\u00f1\u00f3n de V\u00e9lez de la Gomera;<\/li>\n<li>el socorro a la isla de Malta;<\/li>\n<li>la batalla de Lepanto;<\/li>\n<li>la batalla naval y ocupaci\u00f3n de la isla Terceira o Tercera (Azores). En esta batalla se emplearon por primera vez en la historia fuerzas de infanter\u00eda de tierra para la ocupaci\u00f3n de playa y terreno, lo que se considera como \u00abel nacimiento de la Infanter\u00eda de Marina\u00bb (refs. 3 y 4).<\/li>\n<\/ul>\n<p>Le sorprendi\u00f3 la muerte en Lisboa, ocupado en la preparaci\u00f3n de la <a title=\"Grande y Felic\u00edsima Armada\" href=\"http:\/\/es.wikipedia.org\/wiki\/Grande_y_Felic%C3%ADsima_Armada\">Grande y Felic\u00edsima Armada<\/a>. Est\u00e1 enterrado en el Viso del Marqu\u00e9s junto con su esposa, do\u00f1a Mar\u00eda Manuela de Benavides.<\/p>\n<h4>Logros militares:<\/h4>\n<p>Las cifras resultantes de las campa\u00f1as militares de \u00c1lvaro de Baz\u00e1n reafirman su puesto de honor entre los m\u00e1s grandes marinos que haya dado Espa\u00f1a:<\/p>\n<ul>\n<li>Islas rendidas: 8<\/li>\n<li>Ciudades rendidas: 2<\/li>\n<li>Villas rendidas: 25<\/li>\n<li>Castillos y fuertes tomados: 36<\/li>\n<li>Capitanes generales derrotados: 8<\/li>\n<li>Maestres de campo derrotados: 2<\/li>\n<li>Se\u00f1ores y caballeros principales derrotados: 60<\/li>\n<li>Soldados y marinos franceses rendidos: 4.759<\/li>\n<li>Soldados y marinos ingleses rendidos: 780<\/li>\n<li>Soldados y marinos portugueses rendidos: 6.243<\/li>\n<li>Prisioneros cristianos liberados: 1.564<\/li>\n<li>Galeras reales capturadas: 44<\/li>\n<li>Goletas capturadas: 21<\/li>\n<li>Galeones y naves de alto bordo capturados: 99<\/li>\n<li>Bergantines capturados: 27<\/li>\n<li>Caramuzales turcos apresados: 7<\/li>\n<li>C\u00e1rabos moriscos apresados: 3<\/li>\n<li>Galeazas apresadas: 1<\/li>\n<li>Piezas de artiller\u00eda capturadas: 1.814.<\/li>\n<li>Derrotas: 0<\/li>\n<\/ul>\n","protected":false},"excerpt":{"rendered":"<p>Militar destacado en el mandato de Felipe II. &nbsp; &nbsp; Biograf\u00eda \u00c1lvaro de Baz\u00e1n y Guzm\u00e1n (Granada, Espa\u00f1a; 12 de diciembre de 1526 \u2013 Lisboa, Portugal; 9 de febrero de 1588), primer marqu\u00e9s de Santa Cruz,en referencia a la localidad manchega de Santa Cruz de Mudela, militar y almirante espa\u00f1ol, caballero de la Orden de [&hellip;]<\/p>\n","protected":false},"author":2163,"featured_media":0,"parent":0,"menu_order":0,"comment_status":"open","ping_status":"open","template":"","meta":{"footnotes":""},"class_list":["post-91","page","type-page","status-publish","hentry"],"_links":{"self":[{"href":"https:\/\/blogs.ua.es\/vidaprivadafelipeii\/wp-json\/wp\/v2\/pages\/91","targetHints":{"allow":["GET"]}}],"collection":[{"href":"https:\/\/blogs.ua.es\/vidaprivadafelipeii\/wp-json\/wp\/v2\/pages"}],"about":[{"href":"https:\/\/blogs.ua.es\/vidaprivadafelipeii\/wp-json\/wp\/v2\/types\/page"}],"author":[{"embeddable":true,"href":"https:\/\/blogs.ua.es\/vidaprivadafelipeii\/wp-json\/wp\/v2\/users\/2163"}],"replies":[{"embeddable":true,"href":"https:\/\/blogs.ua.es\/vidaprivadafelipeii\/wp-json\/wp\/v2\/comments?post=91"}],"version-history":[{"count":2,"href":"https:\/\/blogs.ua.es\/vidaprivadafelipeii\/wp-json\/wp\/v2\/pages\/91\/revisions"}],"predecessor-version":[{"id":93,"href":"https:\/\/blogs.ua.es\/vidaprivadafelipeii\/wp-json\/wp\/v2\/pages\/91\/revisions\/93"}],"wp:attachment":[{"href":"https:\/\/blogs.ua.es\/vidaprivadafelipeii\/wp-json\/wp\/v2\/media?parent=91"}],"curies":[{"name":"wp","href":"https:\/\/api.w.org\/{rel}","templated":true}]}}