{"id":94,"date":"2012-01-25T18:48:31","date_gmt":"2012-01-25T18:48:31","guid":{"rendered":"https:\/\/blogs.ua.es\/vidaprivadafelipeii\/?page_id=94"},"modified":"2012-01-25T18:48:31","modified_gmt":"2012-01-25T18:48:31","slug":"don-juan-de-austria","status":"publish","type":"page","link":"https:\/\/blogs.ua.es\/vidaprivadafelipeii\/don-juan-de-austria\/","title":{"rendered":"Don Juan de Austria"},"content":{"rendered":"<p>Uno de los m\u00e1s importantes militares y amigos de confianza de Felipe II.<\/p>\n<p><strong>Don Juan de Austria<\/strong> (Ratisbona, Sacro Imperio Romano Germ\u00e1nico, 24 de febrero de 1545 \u00f3 1547 \u2013 Bouge, cerca de Namur, actual B\u00e9lgica, entonces parte de los Pa\u00edses Bajos espa\u00f1oles, 1 de octubre de 1578), hijo natural del emperador <a title=\"Carlos I de Espa\u00f1a\" href=\"http:\/\/es.wikipedia.org\/wiki\/Carlos_I_de_Espa%C3%B1a\">Carlos V<\/a> y de <a title=\"B\u00e1rbara Blomberg\" href=\"http:\/\/es.wikipedia.org\/wiki\/B%C3%A1rbara_Blomberg\">B\u00e1rbara Blomberg<\/a>, fue miembro de la <a title=\"Familia Real Espa\u00f1ola\" href=\"http:\/\/es.wikipedia.org\/wiki\/Familia_Real_Espa%C3%B1ola\">Familia Real Espa\u00f1ola<\/a>, militar y diplom\u00e1tico durante el reinado de su hermano por v\u00eda paterna, Felipe II de Espa\u00f1a.<\/p>\n<p>La fecha de su nacimiento se desconoce, encontr\u00e1ndose en unas fuentes que naci\u00f3 en 1545 y en otras, como G. Parker o P. Pierson, en 1547. Pierson indica que unos contempor\u00e1neos afirmaban que naci\u00f3 en 1545, pero que la evidencia m\u00e1s antigua en Francia se encuentra en ceremonias p\u00fablicas, y \u00e9stas apoyan la fecha de 1547. Posiblemente fue concebido en mayo de 1546, estando el emperador en Ratisbona, lo cual hace veros\u00edmil que naciese el 24 de febrero de 1547, pero tambi\u00e9n pudo escogerla como aniversario por ser el cumplea\u00f1os de su padre, Carlos V. La madre se cas\u00f3 al poco tiempo con Jer\u00f3nimo P\u00edramo Kegell (<em>Jer\u00f4me Pyramus Kegel<\/em>), por lo que es posible que el nombre con el que se le llam\u00f3 de ni\u00f1o, \u00abJer\u00f3nimo\u00bb o \u00abJerom\u00edn\u00bb, derivara del de su padrastro.<\/p>\n<p>Carlos V decidi\u00f3 que su hijo se criara en Espa\u00f1a. Su mayordomo, don Luis de Quijada, lleg\u00f3 a un acuerdo, que se firm\u00f3 en Bruselas el 13 de junio de 1550, con Francisco Massy, violista de la corte imperial, casado con una espa\u00f1ola, Ana de Medina: a cambio de cincuenta ducados anuales se compromet\u00eda a educar al ni\u00f1o. A mediados de 1551 llegaron a Legan\u00e9s, donde su esposa Ana de Medina ten\u00eda tierras.<\/p>\n<p>En el verano de 1554, el ni\u00f1o fue llevado al castillo de don Luis de Quijada, en Villagarc\u00eda de Campos (Valladolid). Su esposa, do\u00f1a Magdalena de Ulloa, se hizo cargo de su educaci\u00f3n, auxiliada por el maestro de lat\u00edn Guill\u00e9n Prieto, el capell\u00e1n Garc\u00eda de Morales y el escudero Juan Galarza.<\/p>\n<p>Poco antes de abdicar, Carlos V redact\u00f3 un codicilo, fechado el 6 de junio de 1554, en el que reconoc\u00eda: \u00abestando yo en Alemania despu\u00e9s que enbiud\u00e9 (sic), hubo un hijo natural de una mujer soltera, el cual se llama Jer\u00f3nimo\u00bb. Ya en el Monasterio de Yuste, el rey orden\u00f3 a don Luis de Quijada que fuese a vivir all\u00ed y \u00e9ste se traslad\u00f3 a la aldea de Cuacos de Yuste. As\u00ed conoci\u00f3 el emperador al ni\u00f1o.<\/p>\n<p>El heredero, Felipe II, se encontraba entonces fuera de Espa\u00f1a. Se difundieron rumores sobre la paternidad del ni\u00f1o, que Quijada neg\u00f3, y escribi\u00f3 al rey pidi\u00e9ndole instrucciones. \u00c9ste respondi\u00f3 con una nota, de mano del secretario Eraso, en cuyas tachaduras y enmiendas se aprecian las dudas respecto a la forma de tratar tan delicado asunto, recomendando esperar a que el rey llegara a Espa\u00f1a. La princesa Juana, regente en ausencia de Felipe II, pidi\u00f3 conocer al ni\u00f1o, lo que hizo en Valladolid en mayo de 1559, coincidiendo con un auto de fe. Su medio hermano Felipe lo hizo a mediados de septiembre de 1559.<\/p>\n<p>Felipe II, siguiendo las indicaciones de su padre Carlos, expresadas en el codicilo de 1554, reconoci\u00f3 al ni\u00f1o como miembro de la familia real. Le cambiaron el nombre por don Juan de Austria. Se le otorg\u00f3 casa propia, a cuyo frente puso a don Luis de Quijada.<\/p>\n<p>Don Juan de Austria complet\u00f3 su educaci\u00f3n en la Universidad de Alcal\u00e1 de Henares, donde acudi\u00f3 con dos j\u00f3venes poco mayores que \u00e9l: sus sobrinos, el Pr\u00edncipe Carlos de Habsburgo y Alejandro Farnesio, hijo de Margarita de Parma, otra hija ileg\u00edtima del Emperador Carlos.<\/p>\n<p>Tuvieron como maestro a Honorato Hugo, disc\u00edpulo de Luis Vives. En 1562, aparece la \u00abCasa de Don Juan de Austria\u00bb en el presupuesto de la Casa Real, asign\u00e1ndosele 15.000 ducados, lo mismo que a la princesa Juana.<\/p>\n<p>En 1565, los turcos atacaron la isla de Malta. Para acudir en su defensa, se form\u00f3 una flota en el puerto de Barcelona. Don Juan de Austria solicit\u00f3 al rey permiso para unirse a la armada, pero le fue denegado. A pesar de ello, don Juan escap\u00f3 de la corte y se dirigi\u00f3 a Barcelona, sin poder alcanzar la flota. S\u00f3lo una carta de su hermano le hizo desistir de su plan de cruzar por el sur de Francia hasta llegar a tierras italianas para alcanzar la flota de Garc\u00eda de Toledo.<\/p>\n<p>Visto que su hermano no ten\u00eda inclinaci\u00f3n por la carrera eclesi\u00e1stica prevista por su padre, el rey Felipe II lo nombr\u00f3 Capit\u00e1n General de la Mar. Como ocurrir\u00eda a lo largo de su vida, lo rode\u00f3 de consejeros de confianza, como don \u00c1lvaro de Baz\u00e1n (almirante) y don Luis de Requesens y Z\u00fa\u00f1iga (vicealmirante).<\/p>\n<p>El <a title=\"Pr\u00edncipe Carlos de Habsburgo\" href=\"http:\/\/es.wikipedia.org\/wiki\/Pr%C3%ADncipe_Carlos_de_Habsburgo\">pr\u00edncipe don Carlos<\/a>, probablemente debido al cargo que ten\u00eda su t\u00edo y tambi\u00e9n por la amistad que desde hac\u00eda a\u00f1os le profesaba, confi\u00f3 a don Juan de Austria sus planes de huir de Espa\u00f1a y pasar a los Pa\u00edses Bajos desde Italia, para lo cual necesitaba galeras que le facilitasen el paso a Italia. A cambio de ello, le prometi\u00f3 el reino de N\u00e1poles. Don Juan le dijo que ya le dar\u00eda su respuesta y march\u00f3 inmediatamente a El Escorial a relat\u00e1rselo al rey.<\/p>\n<p>El rey regres\u00f3 a Madrid el 17 de enero de 1568 y al d\u00eda siguiente, domingo, toda la familia acudi\u00f3 a misa. Don Carlos llam\u00f3 a don Juan de Austria a sus habitaciones, para interrogarle sobre su decisi\u00f3n. De las contestaciones de don Juan debi\u00f3 concluir que no lo iba a ayudar y que posiblemente lo hab\u00eda delatado, por lo que sac\u00f3 la espada y atac\u00f3 a su t\u00edo, quien pudo defenderse hasta que lleg\u00f3 la servidumbre y lo redujo a sus habitaciones. El arresto del pr\u00edncipe Carlos motiv\u00f3 que don Juan de Austria vistiera de luto, pero el rey Felipe le orden\u00f3 quit\u00e1rselo.<\/p>\n<p>Don Juan de Austria volvi\u00f3 al Mediterr\u00e1neo a hacerse cargo de la flota. Despu\u00e9s de reunirse con sus consejeros en Cartagena el 2 de junio de 1568, se hizo a la mar para combatir a los corsarios. Durante tres meses recorri\u00f3 toda la costa y lleg\u00f3 a desembarcar en Or\u00e1n y Melilla.<\/p>\n<p>La reina Isabel de Valois y el pr\u00edncipe Carlos murieron en ese a\u00f1o de 1568. Don Juan llev\u00f3 la flota a Cartagena y march\u00f3 a Madrid. Despu\u00e9s de presentarse ante el rey, visit\u00f3 a do\u00f1a Magdalena de Ulloa y se recluy\u00f3 por un tiempo en el convento franciscano de El Abrojo, en Laguna de Duero.<\/p>\n<p>Particip\u00f3 de forma destacable en las batallas de:<\/p>\n<p>-Las Alpujarras<\/p>\n<p>-Lepanto<\/p>\n<p>-T\u00fanez e Italia<\/p>\n<p>-Paises Bajos<\/p>\n<p>&nbsp;<\/p>\n","protected":false},"excerpt":{"rendered":"<p>Uno de los m\u00e1s importantes militares y amigos de confianza de Felipe II. Don Juan de Austria (Ratisbona, Sacro Imperio Romano Germ\u00e1nico, 24 de febrero de 1545 \u00f3 1547 \u2013 Bouge, cerca de Namur, actual B\u00e9lgica, entonces parte de los Pa\u00edses Bajos espa\u00f1oles, 1 de octubre de 1578), hijo natural del emperador Carlos V y [&hellip;]<\/p>\n","protected":false},"author":2163,"featured_media":0,"parent":0,"menu_order":0,"comment_status":"open","ping_status":"open","template":"","meta":{"footnotes":""},"class_list":["post-94","page","type-page","status-publish","hentry"],"_links":{"self":[{"href":"https:\/\/blogs.ua.es\/vidaprivadafelipeii\/wp-json\/wp\/v2\/pages\/94","targetHints":{"allow":["GET"]}}],"collection":[{"href":"https:\/\/blogs.ua.es\/vidaprivadafelipeii\/wp-json\/wp\/v2\/pages"}],"about":[{"href":"https:\/\/blogs.ua.es\/vidaprivadafelipeii\/wp-json\/wp\/v2\/types\/page"}],"author":[{"embeddable":true,"href":"https:\/\/blogs.ua.es\/vidaprivadafelipeii\/wp-json\/wp\/v2\/users\/2163"}],"replies":[{"embeddable":true,"href":"https:\/\/blogs.ua.es\/vidaprivadafelipeii\/wp-json\/wp\/v2\/comments?post=94"}],"version-history":[{"count":1,"href":"https:\/\/blogs.ua.es\/vidaprivadafelipeii\/wp-json\/wp\/v2\/pages\/94\/revisions"}],"predecessor-version":[{"id":95,"href":"https:\/\/blogs.ua.es\/vidaprivadafelipeii\/wp-json\/wp\/v2\/pages\/94\/revisions\/95"}],"wp:attachment":[{"href":"https:\/\/blogs.ua.es\/vidaprivadafelipeii\/wp-json\/wp\/v2\/media?parent=94"}],"curies":[{"name":"wp","href":"https:\/\/api.w.org\/{rel}","templated":true}]}}