{"id":2,"date":"2011-09-20T13:45:41","date_gmt":"2011-09-20T13:45:41","guid":{"rendered":"https:\/\/blogs.ua.es\/vidaprivfelipesegundo\/?page_id=2"},"modified":"2012-01-22T17:43:44","modified_gmt":"2012-01-22T17:43:44","slug":"pagina-ejemplo","status":"publish","type":"page","link":"https:\/\/blogs.ua.es\/vidaprivfelipesegundo\/pagina-ejemplo\/","title":{"rendered":"Presentaci\u00f3n"},"content":{"rendered":"<p>&nbsp;<\/p>\n<div id=\"attachment_559\" style=\"width: 210px\" class=\"wp-caption alignleft\"><a href=\"https:\/\/blogs.ua.es\/vidaprivfelipesegundo\/files\/2011\/09\/200px-Philip_II_of_Spain_by_Antonio_Moro.jpg\"><img loading=\"lazy\" decoding=\"async\" aria-describedby=\"caption-attachment-559\" class=\"size-full wp-image-559\" src=\"https:\/\/blogs.ua.es\/vidaprivfelipesegundo\/files\/2011\/09\/200px-Philip_II_of_Spain_by_Antonio_Moro.jpg\" alt=\"\" width=\"200\" height=\"247\" \/><\/a><p id=\"caption-attachment-559\" class=\"wp-caption-text\">Felipe II de Espa\u00f1a<\/p><\/div>\n<p>Personaje hist\u00f3rico muy complejo, Felipe II de Espa\u00f1a fue y queda<strong>\u00a0una de las figuras m\u00e1s enigm\u00e1ticas de la historia espa\u00f1ola<\/strong>. La dicotom\u00eda entre las diferentes im\u00e1genes que fueron vinculadas del\u00a0<strong>rey\u00a0 m\u00e1s poderoso de su tiempo<\/strong>\u00a0no resulta indiferente a nadie y siempre suscit\u00f3 la\u00a0<strong>controversia<\/strong>.\u00a0<strong>Rey de todas las virtudes para unos, monstruo fan\u00e1tico y desp\u00f3tico para otros \u2026 quien era realmente Felipe II ?<\/strong>\u00a0De qu\u00e9 tipo de personaje se trata en su vida privada ?<\/p>\n<p>Es lo que procuro descubrir a lo largo de este blog !<\/p>\n<p>Yo? Sarah, estudiante Erasmus francesa en la Universidad de Alicante , alumna en el curso de\u00a0<strong>Historia Moderna de Espa\u00f1a \u00a0impartida por\u00a0Don\u00a0Antonio Carrasco\u00a0Rodr\u00edguez,\u00a0Doctor en Historia Moderna.<\/strong>\u00a0Es en el contexto de un proyecto de Blog propuesto por nuestro profesor que llevo a cabo este peque\u00f1o<strong>\u00a0trabajo de investigaci\u00f3n.<\/strong><\/p>\n<p><a href=\"https:\/\/blogs.ua.es\/vidaprivfelipesegundo\/files\/2011\/09\/DSC08133.jpg\"><img loading=\"lazy\" decoding=\"async\" src=\"https:\/\/blogs.ua.es\/vidaprivfelipesegundo\/files\/2011\/09\/DSC08133.jpg\" alt=\"\" width=\"640\" height=\"480\" \/><\/a><\/p>\n<p>Espero entonces que disfrutes de los elementos de contesta que encontrar\u00e1s a lo largo de tu navegaci\u00f3n\u00a0 y que este trabajo te motivar\u00e1s a conocer y preguntarte a prop\u00f3sito de este famoso rey de leyenda negra\u2026 pero no solo<\/p>\n","protected":false},"excerpt":{"rendered":"<p>&nbsp; Personaje hist\u00f3rico muy complejo, Felipe II de Espa\u00f1a fue y queda\u00a0una de las figuras m\u00e1s enigm\u00e1ticas de la historia espa\u00f1ola. La dicotom\u00eda entre las diferentes im\u00e1genes que fueron vinculadas del\u00a0rey\u00a0 m\u00e1s poderoso de su tiempo\u00a0no resulta indiferente a nadie &hellip; <a href=\"https:\/\/blogs.ua.es\/vidaprivfelipesegundo\/pagina-ejemplo\/\">Continue reading <span class=\"meta-nav\">&rarr;<\/span><\/a><\/p>\n","protected":false},"author":2183,"featured_media":0,"parent":0,"menu_order":0,"comment_status":"open","ping_status":"open","template":"","meta":{"footnotes":""},"class_list":["post-2","page","type-page","status-publish","hentry"],"_links":{"self":[{"href":"https:\/\/blogs.ua.es\/vidaprivfelipesegundo\/wp-json\/wp\/v2\/pages\/2","targetHints":{"allow":["GET"]}}],"collection":[{"href":"https:\/\/blogs.ua.es\/vidaprivfelipesegundo\/wp-json\/wp\/v2\/pages"}],"about":[{"href":"https:\/\/blogs.ua.es\/vidaprivfelipesegundo\/wp-json\/wp\/v2\/types\/page"}],"author":[{"embeddable":true,"href":"https:\/\/blogs.ua.es\/vidaprivfelipesegundo\/wp-json\/wp\/v2\/users\/2183"}],"replies":[{"embeddable":true,"href":"https:\/\/blogs.ua.es\/vidaprivfelipesegundo\/wp-json\/wp\/v2\/comments?post=2"}],"version-history":[{"count":7,"href":"https:\/\/blogs.ua.es\/vidaprivfelipesegundo\/wp-json\/wp\/v2\/pages\/2\/revisions"}],"predecessor-version":[{"id":462,"href":"https:\/\/blogs.ua.es\/vidaprivfelipesegundo\/wp-json\/wp\/v2\/pages\/2\/revisions\/462"}],"wp:attachment":[{"href":"https:\/\/blogs.ua.es\/vidaprivfelipesegundo\/wp-json\/wp\/v2\/media?parent=2"}],"curies":[{"name":"wp","href":"https:\/\/api.w.org\/{rel}","templated":true}]}}