{"id":223,"date":"2012-01-10T00:56:05","date_gmt":"2012-01-10T00:56:05","guid":{"rendered":"https:\/\/blogs.ua.es\/vidaprivfelipesegundo\/?page_id=223"},"modified":"2012-01-20T16:50:13","modified_gmt":"2012-01-20T16:50:13","slug":"matrimonios-y-descendencia","status":"publish","type":"page","link":"https:\/\/blogs.ua.es\/vidaprivfelipesegundo\/matrimonios-y-descendencia\/","title":{"rendered":"Matrimonios y descendencia"},"content":{"rendered":"<p><a href=\"https:\/\/blogs.ua.es\/vidaprivfelipesegundo\/files\/2012\/01\/Matrimonios-y-descendencia1.png\"><img loading=\"lazy\" decoding=\"async\" class=\"aligncenter size-full wp-image-233\" src=\"https:\/\/blogs.ua.es\/vidaprivfelipesegundo\/files\/2012\/01\/Matrimonios-y-descendencia1.png\" alt=\"\" width=\"1134\" height=\"727\" srcset=\"https:\/\/blogs.ua.es\/vidaprivfelipesegundo\/files\/2012\/01\/Matrimonios-y-descendencia1.png 1134w, https:\/\/blogs.ua.es\/vidaprivfelipesegundo\/files\/2012\/01\/Matrimonios-y-descendencia1-300x192.png 300w, https:\/\/blogs.ua.es\/vidaprivfelipesegundo\/files\/2012\/01\/Matrimonios-y-descendencia1-1024x656.png 1024w\" sizes=\"auto, (max-width: 1134px) 100vw, 1134px\" \/><\/a><\/p>\n<p>Felipe II se cas\u00f3 4 veces :<\/p>\n<ul>\n<li>1e\u00a0 matrimonio :\u00a0 el 15 de noviembre de 1543 con\u00a0 <strong>Mar\u00eda Manuela de Portugal<\/strong>, con quien tuvo un\u00a0 hijo:\u00a0\u00a0 <span style=\"color: #ff0000\">Carlos\u00a0\u00a0<\/span> (1545 \u2013 1568)<\/li>\n<\/ul>\n<ul>\n<li><span style=\"color: #333333\">Segundo matrimonio : el 25 de Julio de 1554 con \u00a0<strong>Mar\u00eda I de Inglaterra<\/strong>. No tuvieron hijos juntos.<\/span><\/li>\n<\/ul>\n<ul>\n<li><span style=\"color: #333333\">Tercer matrimonio : el 22 de junio de 1559 con <strong>Isabel de Valois<\/strong> , con quien tuvo dos hijas:\u00a0<span style=\"color: #ff0000\">\u00a0 Isabel Clara Eugenia\u00a0<\/span> (1566 \u2013 1633) y \u00a0<span style=\"color: #ff0000\">Catalina Micaela<\/span>\u00a0 (1567 \u2013 1597).<\/span><\/li>\n<\/ul>\n<ul>\n<li><span style=\"color: #333333\">Cuarto matrimonio :\u00a0 el 12 de noviembre de 1570 con \u00a0<strong>Ana de Austria<\/strong>, con quien tuvo cuatro hijos y una hija:\u00a0\u00a0<span style=\"color: #ff0000\">Fernando<\/span>\u00a0\u00a0 (1571 \u2013\u00a0 1578) ,<span style=\"color: #ff0000\"> Carlos Lorenzo<\/span>\u00a0 ( 1573 \u2013\u00a0 1575 ) , <span style=\"color: #ff0000\">Diego F\u00e9lix\u00a0<\/span>( 1575 \u2013\u00a0 1582), <span style=\"color: #ff0000\">Felipe<\/span>\u00a0 (1578 \u2013\u00a0 1621) y\u00a0 <\/span><span style=\"color: #ff0000\">Mar\u00eda<\/span><span style=\"color: #333333\"> ( 1580 \u2013\u00a0 1583).<\/span><\/li>\n<\/ul>\n<div>De todos ellos, solo uno sobrevivi\u00f3 el infante Felipe, su \u00faltimo hijo var\u00f3n, que acabar\u00eda siendo Felipe III.<\/div>\n<p>&nbsp;<\/p>\n","protected":false},"excerpt":{"rendered":"<p>Felipe II se cas\u00f3 4 veces : 1e\u00a0 matrimonio :\u00a0 el 15 de noviembre de 1543 con\u00a0 Mar\u00eda Manuela de Portugal, con quien tuvo un\u00a0 hijo:\u00a0\u00a0 Carlos\u00a0\u00a0 (1545 \u2013 1568) Segundo matrimonio : el 25 de Julio de 1554 con &hellip; <a href=\"https:\/\/blogs.ua.es\/vidaprivfelipesegundo\/matrimonios-y-descendencia\/\">Continue reading <span class=\"meta-nav\">&rarr;<\/span><\/a><\/p>\n","protected":false},"author":2183,"featured_media":0,"parent":0,"menu_order":0,"comment_status":"open","ping_status":"open","template":"","meta":{"footnotes":""},"class_list":["post-223","page","type-page","status-publish","hentry"],"_links":{"self":[{"href":"https:\/\/blogs.ua.es\/vidaprivfelipesegundo\/wp-json\/wp\/v2\/pages\/223","targetHints":{"allow":["GET"]}}],"collection":[{"href":"https:\/\/blogs.ua.es\/vidaprivfelipesegundo\/wp-json\/wp\/v2\/pages"}],"about":[{"href":"https:\/\/blogs.ua.es\/vidaprivfelipesegundo\/wp-json\/wp\/v2\/types\/page"}],"author":[{"embeddable":true,"href":"https:\/\/blogs.ua.es\/vidaprivfelipesegundo\/wp-json\/wp\/v2\/users\/2183"}],"replies":[{"embeddable":true,"href":"https:\/\/blogs.ua.es\/vidaprivfelipesegundo\/wp-json\/wp\/v2\/comments?post=223"}],"version-history":[{"count":11,"href":"https:\/\/blogs.ua.es\/vidaprivfelipesegundo\/wp-json\/wp\/v2\/pages\/223\/revisions"}],"predecessor-version":[{"id":494,"href":"https:\/\/blogs.ua.es\/vidaprivfelipesegundo\/wp-json\/wp\/v2\/pages\/223\/revisions\/494"}],"wp:attachment":[{"href":"https:\/\/blogs.ua.es\/vidaprivfelipesegundo\/wp-json\/wp\/v2\/media?parent=223"}],"curies":[{"name":"wp","href":"https:\/\/api.w.org\/{rel}","templated":true}]}}