{"id":561,"date":"2012-01-26T09:43:20","date_gmt":"2012-01-26T09:43:20","guid":{"rendered":"https:\/\/blogs.ua.es\/vidaprivfelipesegundo\/?page_id=561"},"modified":"2012-01-26T10:13:51","modified_gmt":"2012-01-26T10:13:51","slug":"bibliografia","status":"publish","type":"page","link":"https:\/\/blogs.ua.es\/vidaprivfelipesegundo\/bibliografia\/","title":{"rendered":"Fuentes y bibliograf\u00eda"},"content":{"rendered":"<p><strong><span style=\"text-decoration: underline\">Libros<\/span><\/strong><\/p>\n<ul>\n<li><em>El aprendisaje cortesano de Felipe II<\/em> , Jos\u00e9 Lu\u00eds Gonzalo Sanchez-Molero, 1999, Madrid<\/li>\n<li><em>Vida intima deFelipe II.Sus esposas e hijos,<\/em> Aroni Yanko, 1999<\/li>\n<li><em>Felipe II de Espa\u00f1a<\/em>, Peter Pierson,1984, M\u00e9xico<\/li>\n<\/ul>\n<p><strong><span style=\"text-decoration: underline\">Sitios Internet<\/span><\/strong><\/p>\n<ul>\n<li><a href=\"http:\/\/www.artehistoria.jcyl.es\/histesp\/\">http:\/\/www.artehistoria.jcyl.es\/histesp\/<\/a><\/li>\n<li><a href=\"http:\/\/www.wikipedia.org\/\">http:\/\/www.wikipedia.org\/<\/a><\/li>\n<li><a href=\"http:\/\/bib.cervantesvirtual.com\/\">http:\/\/bib.cervantesvirtual.com\/<\/a><\/li>\n<li><a href=\"http:\/\/www.biografiasyvidas.com\/\">http:\/\/www.biografiasyvidas.com\/<\/a><\/li>\n<li><a href=\"http:\/\/html.rincondelvago.com\/felipe-ii.html\">http:\/\/html.rincondelvago.com\/felipe-ii.html<\/a><\/li>\n<li><a href=\"http:\/\/mujeresdeleyenda.blogspot.com\/\">http:\/\/mujeresdeleyenda.blogspot.com\/<\/a><\/li>\n<li><a href=\"http:\/\/www.mundohistoria.org\/\">http:\/\/www.mundohistoria.org\/<\/a><\/li>\n<li><a href=\"http:\/\/www.aache.com\/\">http:\/\/www.aache.com\/<\/a><\/li>\n<li><a href=\"http:\/\/www.mcnbiografias.es\/\">http:\/\/www.mcnbiografias.es\/<\/a><\/li>\n<li><a href=\"http:\/\/www.europapress.es\/\">http:\/\/www.europapress.es\/<\/a><\/li>\n<\/ul>\n","protected":false},"excerpt":{"rendered":"<p>Libros El aprendisaje cortesano de Felipe II , Jos\u00e9 Lu\u00eds Gonzalo Sanchez-Molero, 1999, Madrid Vida intima deFelipe II.Sus esposas e hijos, Aroni Yanko, 1999 Felipe II de Espa\u00f1a, Peter Pierson,1984, M\u00e9xico Sitios Internet http:\/\/www.artehistoria.jcyl.es\/histesp\/ http:\/\/www.wikipedia.org\/ http:\/\/bib.cervantesvirtual.com\/ http:\/\/www.biografiasyvidas.com\/ http:\/\/html.rincondelvago.com\/felipe-ii.html http:\/\/mujeresdeleyenda.blogspot.com\/ http:\/\/www.mundohistoria.org\/ &hellip; <a href=\"https:\/\/blogs.ua.es\/vidaprivfelipesegundo\/bibliografia\/\">Continue reading <span class=\"meta-nav\">&rarr;<\/span><\/a><\/p>\n","protected":false},"author":2183,"featured_media":0,"parent":0,"menu_order":0,"comment_status":"open","ping_status":"open","template":"","meta":{"footnotes":""},"class_list":["post-561","page","type-page","status-publish","hentry"],"_links":{"self":[{"href":"https:\/\/blogs.ua.es\/vidaprivfelipesegundo\/wp-json\/wp\/v2\/pages\/561","targetHints":{"allow":["GET"]}}],"collection":[{"href":"https:\/\/blogs.ua.es\/vidaprivfelipesegundo\/wp-json\/wp\/v2\/pages"}],"about":[{"href":"https:\/\/blogs.ua.es\/vidaprivfelipesegundo\/wp-json\/wp\/v2\/types\/page"}],"author":[{"embeddable":true,"href":"https:\/\/blogs.ua.es\/vidaprivfelipesegundo\/wp-json\/wp\/v2\/users\/2183"}],"replies":[{"embeddable":true,"href":"https:\/\/blogs.ua.es\/vidaprivfelipesegundo\/wp-json\/wp\/v2\/comments?post=561"}],"version-history":[{"count":5,"href":"https:\/\/blogs.ua.es\/vidaprivfelipesegundo\/wp-json\/wp\/v2\/pages\/561\/revisions"}],"predecessor-version":[{"id":568,"href":"https:\/\/blogs.ua.es\/vidaprivfelipesegundo\/wp-json\/wp\/v2\/pages\/561\/revisions\/568"}],"wp:attachment":[{"href":"https:\/\/blogs.ua.es\/vidaprivfelipesegundo\/wp-json\/wp\/v2\/media?parent=561"}],"curies":[{"name":"wp","href":"https:\/\/api.w.org\/{rel}","templated":true}]}}