{"id":5,"date":"2013-11-15T17:43:25","date_gmt":"2013-11-15T17:43:25","guid":{"rendered":"https:\/\/blogs.ua.es\/villena1\/?page_id=5"},"modified":"2014-01-13T19:59:56","modified_gmt":"2014-01-13T19:59:56","slug":"presentacion","status":"publish","type":"page","link":"https:\/\/blogs.ua.es\/villena1\/presentacion\/","title":{"rendered":"Presentaci\u00f3n"},"content":{"rendered":"<p>Bienvenidos al blog de escrituras expuestas de Villena! Somos \u00c1ngel Lillo y Roberto Sabater, estudiantes del primer curso del Grado de Historia de la Universidad de Alicante. Con la creaci\u00f3n de este blog pretendemos que a trav\u00e9s de las im\u00e1genes que os mostramos, junto con su informaci\u00f3n, os sirvan para conocer un poco mejor la localidad de Villena y sus &#8220;tesoros&#8221; y os pueda servir de ayuda. Todas las im\u00e1genes est\u00e1n relacionadas con la parte que se nos ha asignado: letreros y anuncios de comercios, inscripciones y placas en cementerios y graffitis iconogr\u00e1ficos.<\/p>\n<p>&nbsp;<\/p>\n<p>Gracias por vuestra visita \u00a0y esperamos que os guste!<\/p>\n<p>Un saludo.<\/p>\n","protected":false},"excerpt":{"rendered":"<p>Bienvenidos al blog de escrituras expuestas de Villena! Somos \u00c1ngel Lillo y Roberto Sabater, estudiantes del primer curso del Grado de Historia de la Universidad de Alicante. Con la creaci\u00f3n de este blog pretendemos que a trav\u00e9s de las im\u00e1genes que os mostramos, junto con su informaci\u00f3n, os sirvan para conocer un poco mejor la [&hellip;]<\/p>\n","protected":false},"author":3395,"featured_media":0,"parent":0,"menu_order":0,"comment_status":"open","ping_status":"open","template":"","meta":{"footnotes":""},"class_list":["post-5","page","type-page","status-publish","hentry"],"_links":{"self":[{"href":"https:\/\/blogs.ua.es\/villena1\/wp-json\/wp\/v2\/pages\/5","targetHints":{"allow":["GET"]}}],"collection":[{"href":"https:\/\/blogs.ua.es\/villena1\/wp-json\/wp\/v2\/pages"}],"about":[{"href":"https:\/\/blogs.ua.es\/villena1\/wp-json\/wp\/v2\/types\/page"}],"author":[{"embeddable":true,"href":"https:\/\/blogs.ua.es\/villena1\/wp-json\/wp\/v2\/users\/3395"}],"replies":[{"embeddable":true,"href":"https:\/\/blogs.ua.es\/villena1\/wp-json\/wp\/v2\/comments?post=5"}],"version-history":[{"count":4,"href":"https:\/\/blogs.ua.es\/villena1\/wp-json\/wp\/v2\/pages\/5\/revisions"}],"predecessor-version":[{"id":179,"href":"https:\/\/blogs.ua.es\/villena1\/wp-json\/wp\/v2\/pages\/5\/revisions\/179"}],"wp:attachment":[{"href":"https:\/\/blogs.ua.es\/villena1\/wp-json\/wp\/v2\/media?parent=5"}],"curies":[{"name":"wp","href":"https:\/\/api.w.org\/{rel}","templated":true}]}}