{"id":7,"date":"2013-11-15T17:45:04","date_gmt":"2013-11-15T17:45:04","guid":{"rendered":"https:\/\/blogs.ua.es\/villena1\/?page_id=7"},"modified":"2014-01-13T20:24:20","modified_gmt":"2014-01-13T20:24:20","slug":"explicacion","status":"publish","type":"page","link":"https:\/\/blogs.ua.es\/villena1\/explicacion\/","title":{"rendered":"Explicaci\u00f3n"},"content":{"rendered":"<p>Las escrituras expuestas han estado presentes desde hace siglos como un medio eficaz de comunicaci\u00f3n y transmisi\u00f3n de ideas y conceptos de cualquier tipo, desde \u00a0las de car\u00e1cter religioso y pol\u00edtico (empleadas por el poder dominante en el momento) hasta las que poseen una carga cr\u00edtica contra el poder (empleadas por el pueblo) o simplemente las que desean expresar sentimientos. Como ya hemos mencionado la tipolog\u00eda es muy variada y ha ido evolucionando a lo largo de los a\u00f1os en distintos soportes.<\/p>\n<p>La creaci\u00f3n de este blog muestra escrituras expuestas digamos &#8220;actuales&#8221;, ya que ninguna de ellas posee una gran antig\u00fcedad. La intencionalidad de las mismas es variada. En el caso de los letreros de comercios es identificar el nombre del local y en ocasiones lo que se comercializa o que servicio se presta en \u00e9l. Adem\u00e1s de este uso tambi\u00e9n est\u00e1 el publicitario, una forma de promocionar el negocio (en ocasiones se usan formas llamativas). Si hablamos de las placas presentes en cementerios en el mayor de los casos se hace un uso informativo (l\u00e1pidas, panteones, letreros informativos&#8230;) y en otros casos las placas nos muestran frases de car\u00e1cter reflexivo. Los graffitis iconogr\u00e1ficos son el caso m\u00e1s peculiar, ya que en algunos de ellos es dif\u00edcil captar la intencionalidad que ha intentado transmitirnos su autor; en otros casos su intencionalidad es bastante m\u00e1s clara.<\/p>\n<p>Con todo ello pretendemos propocionarle al visitante del blog una amplia informaci\u00f3n y que a partir de aqu\u00ed \u00e9l mismo haga su propia interpretaci\u00f3n y consideraci\u00f3n de cada una de las im\u00e1genes que les mostramos. Esperamos que le resulte una experiencia \u00fatil y gratificante.<\/p>\n<p>&nbsp;<\/p>\n","protected":false},"excerpt":{"rendered":"<p>Las escrituras expuestas han estado presentes desde hace siglos como un medio eficaz de comunicaci\u00f3n y transmisi\u00f3n de ideas y conceptos de cualquier tipo, desde \u00a0las de car\u00e1cter religioso y pol\u00edtico (empleadas por el poder dominante en el momento) hasta las que poseen una carga cr\u00edtica contra el poder (empleadas por el pueblo) o simplemente [&hellip;]<\/p>\n","protected":false},"author":3395,"featured_media":0,"parent":0,"menu_order":1,"comment_status":"open","ping_status":"open","template":"","meta":{"footnotes":""},"class_list":["post-7","page","type-page","status-publish","hentry"],"_links":{"self":[{"href":"https:\/\/blogs.ua.es\/villena1\/wp-json\/wp\/v2\/pages\/7","targetHints":{"allow":["GET"]}}],"collection":[{"href":"https:\/\/blogs.ua.es\/villena1\/wp-json\/wp\/v2\/pages"}],"about":[{"href":"https:\/\/blogs.ua.es\/villena1\/wp-json\/wp\/v2\/types\/page"}],"author":[{"embeddable":true,"href":"https:\/\/blogs.ua.es\/villena1\/wp-json\/wp\/v2\/users\/3395"}],"replies":[{"embeddable":true,"href":"https:\/\/blogs.ua.es\/villena1\/wp-json\/wp\/v2\/comments?post=7"}],"version-history":[{"count":4,"href":"https:\/\/blogs.ua.es\/villena1\/wp-json\/wp\/v2\/pages\/7\/revisions"}],"predecessor-version":[{"id":182,"href":"https:\/\/blogs.ua.es\/villena1\/wp-json\/wp\/v2\/pages\/7\/revisions\/182"}],"wp:attachment":[{"href":"https:\/\/blogs.ua.es\/villena1\/wp-json\/wp\/v2\/media?parent=7"}],"curies":[{"name":"wp","href":"https:\/\/api.w.org\/{rel}","templated":true}]}}