{"id":9,"date":"2013-11-15T17:45:35","date_gmt":"2013-11-15T17:45:35","guid":{"rendered":"https:\/\/blogs.ua.es\/villena1\/?page_id=9"},"modified":"2014-01-13T20:38:47","modified_gmt":"2014-01-13T20:38:47","slug":"valoracion","status":"publish","type":"page","link":"https:\/\/blogs.ua.es\/villena1\/valoracion\/","title":{"rendered":"Valoraci\u00f3n"},"content":{"rendered":"<p>La idea de la creaci\u00f3n de un blog propio de escrituras expuestas nos ha resultado un medio original e innovador de transmisi\u00f3n y aprendizaje de conocimientos.<\/p>\n<p>A m\u00ed personalmente (Roberto) la visita de la ciudad de Villena me result\u00f3 muy interesante, ya que nunca hab\u00eda estado all\u00ed y me d\u00ed cuenta de los grandes encantos de esta poblaci\u00f3n, muy distinta a la que resido. Visit\u00e9 este municipio acompa\u00f1ado de un familiar que vive all\u00ed que me sirvi\u00f3 de gu\u00eda y me facilit\u00f3 gran parte de la informaci\u00f3n de los lugares visitados. El antiguo cementerio me result\u00f3 un lugar de gran inter\u00e9s, por su enorme carga decorativa con grandes panteones y la presencia de estatuas o peque\u00f1os monumentos en memoria a los fallecidos. Tambi\u00e9n en el transcurso de b\u00fasqueda de im\u00e1genes en las calles cercanas al castillo observ\u00e9 locales relacionados con la \u00e9poca medieval (un ejemplo es el taller artesano). Sin duda una experiencia que volver\u00eda a repetir.<\/p>\n","protected":false},"excerpt":{"rendered":"<p>La idea de la creaci\u00f3n de un blog propio de escrituras expuestas nos ha resultado un medio original e innovador de transmisi\u00f3n y aprendizaje de conocimientos. A m\u00ed personalmente (Roberto) la visita de la ciudad de Villena me result\u00f3 muy interesante, ya que nunca hab\u00eda estado all\u00ed y me d\u00ed cuenta de los grandes encantos [&hellip;]<\/p>\n","protected":false},"author":3395,"featured_media":0,"parent":0,"menu_order":2,"comment_status":"open","ping_status":"open","template":"","meta":{"footnotes":""},"class_list":["post-9","page","type-page","status-publish","hentry"],"_links":{"self":[{"href":"https:\/\/blogs.ua.es\/villena1\/wp-json\/wp\/v2\/pages\/9","targetHints":{"allow":["GET"]}}],"collection":[{"href":"https:\/\/blogs.ua.es\/villena1\/wp-json\/wp\/v2\/pages"}],"about":[{"href":"https:\/\/blogs.ua.es\/villena1\/wp-json\/wp\/v2\/types\/page"}],"author":[{"embeddable":true,"href":"https:\/\/blogs.ua.es\/villena1\/wp-json\/wp\/v2\/users\/3395"}],"replies":[{"embeddable":true,"href":"https:\/\/blogs.ua.es\/villena1\/wp-json\/wp\/v2\/comments?post=9"}],"version-history":[{"count":4,"href":"https:\/\/blogs.ua.es\/villena1\/wp-json\/wp\/v2\/pages\/9\/revisions"}],"predecessor-version":[{"id":185,"href":"https:\/\/blogs.ua.es\/villena1\/wp-json\/wp\/v2\/pages\/9\/revisions\/185"}],"wp:attachment":[{"href":"https:\/\/blogs.ua.es\/villena1\/wp-json\/wp\/v2\/media?parent=9"}],"curies":[{"name":"wp","href":"https:\/\/api.w.org\/{rel}","templated":true}]}}