{"id":6,"date":"2013-11-15T11:49:44","date_gmt":"2013-11-15T11:49:44","guid":{"rendered":"https:\/\/blogs.ua.es\/villena2\/?page_id=6"},"modified":"2013-12-30T23:58:17","modified_gmt":"2013-12-30T23:58:17","slug":"explicacion","status":"publish","type":"page","link":"https:\/\/blogs.ua.es\/villena2\/explicacion\/","title":{"rendered":"Explicaci\u00f3n."},"content":{"rendered":"<p><!--[if gte mso 9]&gt;--><\/p>\n<p><!--[if gte mso 9]&gt;--><\/p>\n<p class=\"MsoNormal\">Villena es un municipio situado al noreste de la provincia de Alicante, perteneciente a la Comunidad Valenciana. Limitando con Castilla la Mancha y la Regi\u00f3n de Murcia. El t\u00e9rmino municipal tiene una extensi\u00f3n de 344,2 Km. En 2012 contaba con una poblaci\u00f3n de 34.894 habitantes (seg\u00fan datos del INE).<\/p>\n<p class=\"MsoNormal\">La zona ha sido ocupada desde \u00e9poca prehist\u00f3rica, hace aproximadamente 50.000 a\u00f1os y en ella han habitado iberos, romanos y musulmanes. Siendo conquistada por los cristianos en el a\u00f1o 1240. El Marquesado de Villena se extend\u00eda por parte de las actuales provincias de Almer\u00eda, Murcia, Albacete, Alicante, Valencia y Cuenca, comprendiendo 23 localidades.<\/p>\n<p class=\"MsoNormal\">En el siglo XVIII, ya no contaba con murallas y desde el siglo XIX, estaba comunicada por tren, con Alcoy y era parada de la l\u00ednea Madrid-Alicante, hecho que propici\u00f3 su desarrollo.<\/p>\n<p class=\"MsoNormal\">Fuentes: http:\/\/www.villena.es\/<\/p>\n<p class=\"MsoNormal\">http:\/\/www.turismovillena.com\/<\/p>\n","protected":false},"excerpt":{"rendered":"<p>Villena es un municipio situado al noreste de la provincia de Alicante, perteneciente a la Comunidad Valenciana. Limitando con Castilla la Mancha y la Regi\u00f3n de Murcia. El t\u00e9rmino municipal tiene una extensi\u00f3n de 344,2 Km. En 2012 contaba con una poblaci\u00f3n de 34.894 habitantes (seg\u00fan datos del INE). La zona ha sido ocupada desde [&hellip;]<\/p>\n","protected":false},"author":3321,"featured_media":0,"parent":0,"menu_order":1,"comment_status":"open","ping_status":"open","template":"","meta":{"footnotes":""},"class_list":["post-6","page","type-page","status-publish","hentry"],"_links":{"self":[{"href":"https:\/\/blogs.ua.es\/villena2\/wp-json\/wp\/v2\/pages\/6","targetHints":{"allow":["GET"]}}],"collection":[{"href":"https:\/\/blogs.ua.es\/villena2\/wp-json\/wp\/v2\/pages"}],"about":[{"href":"https:\/\/blogs.ua.es\/villena2\/wp-json\/wp\/v2\/types\/page"}],"author":[{"embeddable":true,"href":"https:\/\/blogs.ua.es\/villena2\/wp-json\/wp\/v2\/users\/3321"}],"replies":[{"embeddable":true,"href":"https:\/\/blogs.ua.es\/villena2\/wp-json\/wp\/v2\/comments?post=6"}],"version-history":[{"count":4,"href":"https:\/\/blogs.ua.es\/villena2\/wp-json\/wp\/v2\/pages\/6\/revisions"}],"predecessor-version":[{"id":315,"href":"https:\/\/blogs.ua.es\/villena2\/wp-json\/wp\/v2\/pages\/6\/revisions\/315"}],"wp:attachment":[{"href":"https:\/\/blogs.ua.es\/villena2\/wp-json\/wp\/v2\/media?parent=6"}],"curies":[{"name":"wp","href":"https:\/\/api.w.org\/{rel}","templated":true}]}}