{"id":105,"date":"2011-01-27T21:11:13","date_gmt":"2011-01-27T19:11:13","guid":{"rendered":"https:\/\/blogs.ua.es\/violeta\/"},"modified":"2012-11-29T17:10:00","modified_gmt":"2012-11-29T15:10:00","slug":"informacion","status":"publish","type":"page","link":"https:\/\/blogs.ua.es\/violeta\/informacion\/","title":{"rendered":"Informaci\u00f3n"},"content":{"rendered":"<p style=\"text-align: justify\">Bienvenid@s al blog de la asignatura Estad\u00edstica del Grado en Ingenier\u00eda Multimedia de la Universidad de Alicante. Un blog que se va construyendo\u00a0 poco a poco a lo largo de cada curso acad\u00e9mico desde el segundo cuatrimestre del curso 2010-2011 que fue cuando se puso en marcha por primera vez esta asignatura.\u00a0 Al mismo tiempo sirve de cuaderno de bit\u00e1cora de la asignatura. Adem\u00e1s de disponer de\u00a0 este blog y de toda la informaci\u00f3n y recursos\u00a0 del Campus Virtual,\u00a0tambi\u00e9n pod\u00e9is estar conectados a la asignatura a trav\u00e9s de twitter\u00a0<a href=\"http:\/\/twitter.com\/Estadistica_IM\" target=\"_blank\">@Estadistica_IM<\/a> y a trav\u00e9s de Facebook <a href=\"http:\/\/www.facebook.com\/EstadisticaIM\" target=\"_blank\">http:\/\/www.facebook.com\/EstadisticaIM<\/a>.<\/p>\n<p style=\"text-align: justify\"> <iframe src=\"https:\/\/vertice.cpd.ua.es\/26605?iframef=1&vrtapp=blogsua\" style=\"display:block; width:610px; height:502.35294117647px;\" frameBorder=\"0\"  scrolling=\"no\" allowfullscreen>iframes no soportados en este navegador<\/iframe> <\/p>\n<p style=\"text-align: justify\">Mi\u00a0 m\u00e1s sincero agradecimiento a todas aquellas personas que de forma directa o indirecta\u00a0 (compartiendo desinteresadamente en Internet su material multimedia educativo) est\u00e1n contribuyendo\u00a0 a enriquecer este blog.<\/p>\n<p><strong>Violeta Migall\u00f3n Gomis<\/strong><\/p>\n<p><a href=\"http:\/\/www.dccia.ua.es\/\">Departamento de Ciencia de la Computaci\u00f3n e Inteligencia Artificial<\/a><\/p>\n<p><a href=\"http:\/\/www.iuii.ua.es\/\">Instituto Universitario de Investigaci\u00f3n Inform\u00e1tica<\/a><\/p>\n<p><a href=\"http:\/\/www.ua.es\/\">Universidad de Alicante<\/a><\/p>\n","protected":false},"excerpt":{"rendered":"<p>Bienvenid@s al blog de la asignatura Estad\u00edstica del Grado en Ingenier\u00eda Multimedia de la Universidad de Alicante. Un blog que se va construyendo\u00a0 poco a poco a lo largo de cada curso acad\u00e9mico desde el segundo cuatrimestre del curso 2010-2011 &hellip; <a href=\"https:\/\/blogs.ua.es\/violeta\/informacion\/\">Continue reading <span class=\"meta-nav\">&rarr;<\/span><\/a><\/p>\n","protected":false},"author":1282,"featured_media":0,"parent":0,"menu_order":1,"comment_status":"closed","ping_status":"closed","template":"","meta":{"footnotes":""},"class_list":["post-105","page","type-page","status-publish","hentry"],"_links":{"self":[{"href":"https:\/\/blogs.ua.es\/violeta\/wp-json\/wp\/v2\/pages\/105","targetHints":{"allow":["GET"]}}],"collection":[{"href":"https:\/\/blogs.ua.es\/violeta\/wp-json\/wp\/v2\/pages"}],"about":[{"href":"https:\/\/blogs.ua.es\/violeta\/wp-json\/wp\/v2\/types\/page"}],"author":[{"embeddable":true,"href":"https:\/\/blogs.ua.es\/violeta\/wp-json\/wp\/v2\/users\/1282"}],"replies":[{"embeddable":true,"href":"https:\/\/blogs.ua.es\/violeta\/wp-json\/wp\/v2\/comments?post=105"}],"version-history":[{"count":21,"href":"https:\/\/blogs.ua.es\/violeta\/wp-json\/wp\/v2\/pages\/105\/revisions"}],"predecessor-version":[{"id":160,"href":"https:\/\/blogs.ua.es\/violeta\/wp-json\/wp\/v2\/pages\/105\/revisions\/160"}],"wp:attachment":[{"href":"https:\/\/blogs.ua.es\/violeta\/wp-json\/wp\/v2\/media?parent=105"}],"curies":[{"name":"wp","href":"https:\/\/api.w.org\/{rel}","templated":true}]}}