{"id":619,"date":"2011-03-16T10:33:40","date_gmt":"2011-03-16T08:33:40","guid":{"rendered":"https:\/\/blogs.ua.es\/violeta\/"},"modified":"2022-01-10T14:31:15","modified_gmt":"2022-01-10T12:31:15","slug":"sistema-de-evaluacion-y-normas-de-entrega","status":"publish","type":"page","link":"https:\/\/blogs.ua.es\/violeta\/sistema-de-evaluacion-y-normas-de-entrega\/","title":{"rendered":"Evaluaci\u00f3n"},"content":{"rendered":"<p style=\"text-align: justify\">En el\u00a0 Campus Virtual estar\u00e1 toda la informaci\u00f3n sobre la asignatura y su organizaci\u00f3n, as\u00ed como los materiales y las sesiones incluyendo el libro de texto on-line. Aqu\u00ed se resume solamente el sistema de evaluaci\u00f3n:<\/p>\n<p style=\"text-align: justify\"><strong><span style=\"text-decoration: underline\">EVALUACI\u00d3N CONTINUA:<\/span><\/strong><\/p>\n<p style=\"text-align: justify\">La evaluaci\u00f3n se realizar\u00e1 de forma continua, teniendo en cuenta las diferentes actividades formativas y el siguiente desglose de notas:<\/p>\n<table width=\"300\">\n<tbody>\n<tr>\n<td style=\"text-align: center\">\n<p style=\"text-align: center\"><strong>ACTIVIDAD<\/strong><\/p>\n<\/td>\n<td style=\"text-align: center\"><strong>PONDERACI\u00d3N <\/strong><\/td>\n<td style=\"text-align: center\">\n<p style=\"text-align: center\"><strong>NOTA<\/strong><\/p>\n<\/td>\n<\/tr>\n<tr>\n<td>\n<p style=\"text-align: center\"><strong>Actividad 1: Pr\u00e1ctica de Estad\u00edstica descriptiva y muestreo (temas 1, 2 y 3 ). <\/strong><\/p>\n<\/td>\n<td style=\"text-align: center\">15%<\/td>\n<td>\n<p style=\"text-align: center\">1.5<\/p>\n<\/td>\n<\/tr>\n<tr>\n<td>\n<p style=\"text-align: center\"><strong>Actividad 2: Control de los temas 4 y 5. \u00a0<\/strong><\/p>\n<\/td>\n<td style=\"text-align: center\">45%<\/td>\n<td>\n<p style=\"text-align: center\">4.5<\/p>\n<\/td>\n<\/tr>\n<tr>\n<td>\n<p style=\"text-align: center\"><strong>Actividad 3: Control de los temas 6, 7 y 8.<\/strong><\/p>\n<\/td>\n<td style=\"text-align: center\">40%<\/td>\n<td>\n<p style=\"text-align: center\">4<\/p>\n<\/td>\n<\/tr>\n<tr>\n<td style=\"text-align: center\">TOTAL<\/td>\n<td style=\"text-align: center\">100%<\/td>\n<td>\n<p style=\"text-align: center\">10<\/p>\n<\/td>\n<\/tr>\n<\/tbody>\n<\/table>\n<div align=\"center\"><\/div>\n<div style=\"text-align: justify\">Para aprobar la asignatura mediante evaluaci\u00f3n continua, es necesario presentarse a todos los controles y que\u00a0 la nota total relativa a las actividades anteriores sea mayor o igual que 5 (sobre 10). Si se cumplen estas condiciones, la nota total podr\u00e1 aumentarse hasta 1 punto atendiendo a la actitud presentada en la asignatura. Se valorar\u00e1 especialmente:<\/div>\n<div style=\"text-align: justify\">\n<ul>\n<li>Asistencia a clase y participaci\u00f3n activa en la resoluci\u00f3n de \u00a0los ejercicios propuestos o debatidos \u00a0en el aula.<\/li>\n<li>Realizaci\u00f3n semanal de las actividades pr\u00e1cticas y ejercicios adicionales propuestos para preparar la asignatura. Ausencia de errores en la soluci\u00f3n de las actividades propuestas. Ausencia de errores conceptuales y de\u00a0 interpretaci\u00f3n de los resultados. Resoluci\u00f3n de las actividades de forma razonada, incluyendo su planteamiento y pasos realizados de forma clara.<\/li>\n<\/ul>\n<\/div>\n<div style=\"text-align: justify\">Para optar a matr\u00edcula ser\u00e1 necesario haber obtenido una nota superior a 10.5 (incluida la nota de actitud).<\/div>\n<div style=\"text-align: justify\"><\/div>\n<div style=\"text-align: justify\">Las personas que no quieran o puedan seguir la evaluaci\u00f3n continua podr\u00e1n realizar el examen final (ponderaci\u00f3n: 85%), teniendo en cuenta que la actividad 1 no es recuperable (ponderaci\u00f3n: 15%) en ninguna de las dos convocatorias de cada curso acad\u00e9mico y se mantendr\u00e1 la nota obtenida durante la evaluaci\u00f3n a lo largo del curso. Dicho examen constar\u00e1 tanto de parte pr\u00e1ctica como parte te\u00f3rica de los temas 4, 5, 6, 7 y 8. Por otra parte las personas que no superen la evaluaci\u00f3n continua tienen la opci\u00f3n tambi\u00e9n de realizar dicho examen final.<\/div>\n<div style=\"text-align: justify\"><\/div>\n<div style=\"text-align: justify\">\u00a0La \u00a0segunda convocatoria (C4) se evaluar\u00e1 de forma an\u00e1loga, es decir: el examen final pondera un 85% y la pr\u00e1ctica de estad\u00edstica descriptiva\u00a0 y muestreo realizada a lo largo del curso un 15% (esta pr\u00e1ctica no es recuperable).<\/div>\n<div style=\"text-align: justify\"><\/div>\n","protected":false},"excerpt":{"rendered":"<p>En el\u00a0 Campus Virtual estar\u00e1 toda la informaci\u00f3n sobre la asignatura y su organizaci\u00f3n, as\u00ed como los materiales y las sesiones incluyendo el libro de texto on-line. Aqu\u00ed se resume solamente el sistema de evaluaci\u00f3n: EVALUACI\u00d3N CONTINUA: La evaluaci\u00f3n se &hellip; <a href=\"https:\/\/blogs.ua.es\/violeta\/sistema-de-evaluacion-y-normas-de-entrega\/\">Continue reading <span class=\"meta-nav\">&rarr;<\/span><\/a><\/p>\n","protected":false},"author":1282,"featured_media":0,"parent":0,"menu_order":5,"comment_status":"closed","ping_status":"closed","template":"","meta":{"footnotes":""},"class_list":["post-619","page","type-page","status-publish","hentry"],"_links":{"self":[{"href":"https:\/\/blogs.ua.es\/violeta\/wp-json\/wp\/v2\/pages\/619","targetHints":{"allow":["GET"]}}],"collection":[{"href":"https:\/\/blogs.ua.es\/violeta\/wp-json\/wp\/v2\/pages"}],"about":[{"href":"https:\/\/blogs.ua.es\/violeta\/wp-json\/wp\/v2\/types\/page"}],"author":[{"embeddable":true,"href":"https:\/\/blogs.ua.es\/violeta\/wp-json\/wp\/v2\/users\/1282"}],"replies":[{"embeddable":true,"href":"https:\/\/blogs.ua.es\/violeta\/wp-json\/wp\/v2\/comments?post=619"}],"version-history":[{"count":43,"href":"https:\/\/blogs.ua.es\/violeta\/wp-json\/wp\/v2\/pages\/619\/revisions"}],"predecessor-version":[{"id":5806,"href":"https:\/\/blogs.ua.es\/violeta\/wp-json\/wp\/v2\/pages\/619\/revisions\/5806"}],"wp:attachment":[{"href":"https:\/\/blogs.ua.es\/violeta\/wp-json\/wp\/v2\/media?parent=619"}],"curies":[{"name":"wp","href":"https:\/\/api.w.org\/{rel}","templated":true}]}}