{"id":68,"date":"2011-01-27T16:55:24","date_gmt":"2011-01-27T14:55:24","guid":{"rendered":"https:\/\/blogs.ua.es\/violeta\/"},"modified":"2012-07-26T00:29:01","modified_gmt":"2012-07-25T22:29:01","slug":"competencias-y-objetivos","status":"publish","type":"page","link":"https:\/\/blogs.ua.es\/violeta\/competencias-y-objetivos\/","title":{"rendered":"Objetivos"},"content":{"rendered":"<p style=\"text-align: justify\"><strong>OBJETIVOS FORMATIVOS<\/strong><\/p>\n<p style=\"text-align: justify\">Conocer, comprender y saber aplicar las principales t\u00e9cnicas de muestreo.<\/p>\n<p style=\"text-align: justify\">Conocer y comprender los conceptos, m\u00e9todos y t\u00e9cnicas de la Estad\u00edstica Descriptiva y saber aplicarlos en problemas relacionados con Multimedia.<\/p>\n<p style=\"text-align: justify\">Conocer y comprender los principios de la Inferencia Estad\u00edstica y sus posibilidades de aplicaci\u00f3n, as\u00ed como resolver problemas de este \u00e1mbito.<\/p>\n<p style=\"text-align: justify\">Identificar los m\u00e9todos y t\u00e9cnicas de la Estad\u00edstica m\u00e1s adecuados para aplicarlos a la medici\u00f3n de audiencias, el marketing, el posicionamiento y otro tipo de informaci\u00f3n.<\/p>\n<p style=\"text-align: justify\">Comprender la relevancia de las t\u00e9cnicas estad\u00edsticas en la extracci\u00f3n de la informaci\u00f3n.<\/p>\n<p style=\"text-align: justify\"><strong>OBJETIVOS ESPEC\u00cdFICOS<\/strong><\/p>\n<p style=\"text-align: justify\">Conocer la terminolog\u00eda b\u00e1sica de Estad\u00edstica.<\/p>\n<p style=\"text-align: justify\">Conocer distintas t\u00e9cnicas de muestreo siendo capaz de aplicar la t\u00e9cnica m\u00e1s apropiada atendiendo al estudio estad\u00edstico a realizar.<\/p>\n<p style=\"text-align: justify\">Ser capaz de discernir aquellas situaciones en las que es posible y necesario un an\u00e1lisis estad\u00edstico.<\/p>\n<p style=\"text-align: justify\">Comprender, interpretar y analizar los m\u00e9todos estad\u00edsticos tratados en esta asignatura relacionados con el muestreo y la estad\u00edstica descriptiva.<\/p>\n<p style=\"text-align: justify\">Comprender el concepto de probabilidad, saber utilizar las t\u00e9cnicas y m\u00e9todos relacionados con el c\u00e1lculo de probabilidades y ser capaz de aplicarlos en los procedimientos de inferencia estad\u00edstica.<\/p>\n<p style=\"text-align: justify\">Comprender, interpretar y analizar los m\u00e9todos estad\u00edsticos tratados en esta asignatura relacionados con la inferencia estad\u00edstica.<\/p>\n<p style=\"text-align: justify\">Adquirir aquellos conceptos b\u00e1sicos, resultados y m\u00e9todos asociados con la estad\u00edstica que son co-requisitos o prerrequisitos de otras asignaturas.<\/p>\n<p style=\"text-align: justify\">Comprender la importancia de la materia como base central de aplicaci\u00f3n de desarrollos y t\u00e9cnicas estad\u00edsticas en cuestiones relativas a otras asignaturas del plan de estudios.<\/p>\n<p style=\"text-align: justify\">Comprender la metodolog\u00eda para sintetizar los datos de las fichas de una encuesta en una base de datos para su posterior an\u00e1lisis estad\u00edstico y ser capaz de analizar la informaci\u00f3n obtenida a partir de dichos datos con la ayuda de distintas t\u00e9cnicas estad\u00edsticas y paquetes de software estad\u00edstico.<\/p>\n<p style=\"text-align: justify\">Ser capaz de aplicar la estad\u00edstica a distintos \u00e1mbitos y en particular a la medici\u00f3n de audiencias, marketing y posicionamiento.<\/p>\n<p style=\"text-align: justify\">Desarrollar la capacidad de asimilar nuevas t\u00e9cnicas estad\u00edsticas que puedan ser necesarias en la vida profesional.<\/p>\n","protected":false},"excerpt":{"rendered":"<p>OBJETIVOS FORMATIVOS Conocer, comprender y saber aplicar las principales t\u00e9cnicas de muestreo. Conocer y comprender los conceptos, m\u00e9todos y t\u00e9cnicas de la Estad\u00edstica Descriptiva y saber aplicarlos en problemas relacionados con Multimedia. Conocer y comprender los principios de la Inferencia &hellip; <a href=\"https:\/\/blogs.ua.es\/violeta\/competencias-y-objetivos\/\">Continue reading <span class=\"meta-nav\">&rarr;<\/span><\/a><\/p>\n","protected":false},"author":1282,"featured_media":0,"parent":0,"menu_order":4,"comment_status":"closed","ping_status":"closed","template":"","meta":{"footnotes":""},"class_list":["post-68","page","type-page","status-publish","hentry"],"_links":{"self":[{"href":"https:\/\/blogs.ua.es\/violeta\/wp-json\/wp\/v2\/pages\/68","targetHints":{"allow":["GET"]}}],"collection":[{"href":"https:\/\/blogs.ua.es\/violeta\/wp-json\/wp\/v2\/pages"}],"about":[{"href":"https:\/\/blogs.ua.es\/violeta\/wp-json\/wp\/v2\/types\/page"}],"author":[{"embeddable":true,"href":"https:\/\/blogs.ua.es\/violeta\/wp-json\/wp\/v2\/users\/1282"}],"replies":[{"embeddable":true,"href":"https:\/\/blogs.ua.es\/violeta\/wp-json\/wp\/v2\/comments?post=68"}],"version-history":[{"count":23,"href":"https:\/\/blogs.ua.es\/violeta\/wp-json\/wp\/v2\/pages\/68\/revisions"}],"predecessor-version":[{"id":78,"href":"https:\/\/blogs.ua.es\/violeta\/wp-json\/wp\/v2\/pages\/68\/revisions\/78"}],"wp:attachment":[{"href":"https:\/\/blogs.ua.es\/violeta\/wp-json\/wp\/v2\/media?parent=68"}],"curies":[{"name":"wp","href":"https:\/\/api.w.org\/{rel}","templated":true}]}}