{"id":882,"date":"2011-03-31T22:55:19","date_gmt":"2011-03-31T20:55:19","guid":{"rendered":"https:\/\/blogs.ua.es\/violeta\/"},"modified":"2023-05-31T15:26:23","modified_gmt":"2023-05-31T13:26:23","slug":"video-i-multimedia","status":"publish","type":"page","link":"https:\/\/blogs.ua.es\/violeta\/video-i-multimedia\/","title":{"rendered":"I. Multimedia"},"content":{"rendered":"<p style=\"text-align: justify\">Entre las titulaciones que oferta\u00a0 la Escuela Polit\u00e9cnica Superior de la Universidad de Alicante, se encuentra el grado en Ingenier\u00eda Multimedia.<\/p>\n<p style=\"text-align: justify\">Estad\u00edstica es una asignatura, de las denominadas b\u00e1sicas, de dicha titulaci\u00f3n. Si quieres saber m\u00e1s sobre esta titulaci\u00f3n y su plan de estudios, te recomendamos que accedas al siguiente enlace:<\/p>\n<p style=\"text-align: center\"><a href=\"http:\/\/cvnet.cpd.ua.es\/webcvnet\/planestudio\/planestudiond.aspx?plan=C205\" target=\"_blank\" rel=\"noopener\">GRADO EN INGENIER\u00cdA MULTIMEDIA<\/a><\/p>\n","protected":false},"excerpt":{"rendered":"<p>Entre las titulaciones que oferta\u00a0 la Escuela Polit\u00e9cnica Superior de la Universidad de Alicante, se encuentra el grado en Ingenier\u00eda Multimedia. Estad\u00edstica es una asignatura, de las denominadas b\u00e1sicas, de dicha titulaci\u00f3n. Si quieres saber m\u00e1s sobre esta titulaci\u00f3n y &hellip; <a href=\"https:\/\/blogs.ua.es\/violeta\/video-i-multimedia\/\">Continue reading <span class=\"meta-nav\">&rarr;<\/span><\/a><\/p>\n","protected":false},"author":1282,"featured_media":0,"parent":0,"menu_order":2,"comment_status":"closed","ping_status":"closed","template":"","meta":{"footnotes":""},"class_list":["post-882","page","type-page","status-publish","hentry"],"_links":{"self":[{"href":"https:\/\/blogs.ua.es\/violeta\/wp-json\/wp\/v2\/pages\/882","targetHints":{"allow":["GET"]}}],"collection":[{"href":"https:\/\/blogs.ua.es\/violeta\/wp-json\/wp\/v2\/pages"}],"about":[{"href":"https:\/\/blogs.ua.es\/violeta\/wp-json\/wp\/v2\/types\/page"}],"author":[{"embeddable":true,"href":"https:\/\/blogs.ua.es\/violeta\/wp-json\/wp\/v2\/users\/1282"}],"replies":[{"embeddable":true,"href":"https:\/\/blogs.ua.es\/violeta\/wp-json\/wp\/v2\/comments?post=882"}],"version-history":[{"count":28,"href":"https:\/\/blogs.ua.es\/violeta\/wp-json\/wp\/v2\/pages\/882\/revisions"}],"predecessor-version":[{"id":6139,"href":"https:\/\/blogs.ua.es\/violeta\/wp-json\/wp\/v2\/pages\/882\/revisions\/6139"}],"wp:attachment":[{"href":"https:\/\/blogs.ua.es\/violeta\/wp-json\/wp\/v2\/media?parent=882"}],"curies":[{"name":"wp","href":"https:\/\/api.w.org\/{rel}","templated":true}]}}