{"id":18,"date":"2010-06-04T06:48:59","date_gmt":"2010-06-04T06:48:59","guid":{"rendered":"https:\/\/blogs.ua.es\/voltaire\/?page_id=18"},"modified":"2010-06-04T06:50:34","modified_gmt":"2010-06-04T06:50:34","slug":"comentario-sobre-voltaire","status":"publish","type":"page","link":"https:\/\/blogs.ua.es\/voltaire\/comentario-sobre-voltaire\/","title":{"rendered":"Comentario sobre Candido"},"content":{"rendered":"<p>La novela, que se abre con la t\u00ecpica f\u00f2rmula de la f\u00e0bula, y que pero es balanceada por la concreci\u00f2n necesaria para senalar la historicidad de las situacciones de las que se debr\u00e0 obtener una moraleja, sigue con el ritmo del cuento oral.\u00a0\u00a0\u00a0\u00a0\u00a0\u00a0\u00a0\u00a0\u00a0\u00a0\u00a0\u00a0\u00a0\u00a0\u00a0\u00a0\u00a0\u00a0\u00a0\u00a0\u00a0\u00a0\u00a0\u00a0\u00a0\u00a0\u00a0\u00a0\u00a0\u00a0\u00a0\u00a0\u00a0\u00a0\u00a0\u00a0\u00a0\u00a0\u00a0\u00a0\u00a0\u00a0\u00a0 Exclamaciones, una acumulaci\u00f2n de adjetivos, verbos, asidentones, una sucesi\u00f2n de frases breves y preferiblemente coordenadas en vez que subordenadas crean un efecto de exageraci\u00f2n y aceleraci\u00f2n que, mientras reflexiona la superposici\u00f2n ca\u00f2tica de los acontecimientos y el imprevisible flujo de la vida, activa la imaginaci\u00f2n y mantiene desperta la atenci\u00f2n. \u00a0 \u00a0 \u00a0 \u00a0 \u00a0 \u00a0 \u00a0 \u00a0 \u00a0 \u00a0 \u00a0 \u00a0 \u00a0 \u00a0 \u00a0 \u00a0 \u00a0 \u00a0 \u00a0 \u00a0 \u00a0 \u00a0 \u00a0 \u00a0 \u00a0 \u00a0 \u00a0 \u00a0 \u00a0 \u00a0 \u00a0 \u00a0 \u00a0 \u00a0 \u00a0 \u00a0 \u00a0 \u00a0 \u00a0 \u00a0 \u00a0 \u00a0 \u00a0 \u00a0 \u00a0 \u00a0 \u00a0 \u00a0 \u00a0 \u00a0 \u00a0 \u00a0 \u00a0 \u00a0 \u00a0 \u00a0 \u00a0 \u00a0 \u00a0 \u00a0 \u00a0 \u00a0 \u00a0 \u00a0 \u00a0 \u00a0\u00a0En \u201cCandido\u201d tambi\u00e9n, cuento filos\u00f2fico por excelencia, Voltaire no niega su fuerte sentido teatral. Como voz desde fuera, la tercera persona del narrador instituye una distancia con el mundo que se rapresenta y mientras tando introduce y enlace di\u00e0logos, altercados, mon\u00f2logo m\u00e0s o menos largos que, mientras animan la narraci\u00f2n, dan cuerpo a protagonistas y personajes.<\/p>\n<p>El resultado es como una \u201cComedia humana\u201d, una rapresentaci\u00f2n que ensena y divierte afirmando, contra toda posible aversidad, la fuerza de la raci\u00f2n y el val\u00f2r del di\u00e0logo.<\/p>\n","protected":false},"excerpt":{"rendered":"<p>La novela, que se abre con la t\u00ecpica f\u00f2rmula de la f\u00e0bula, y que pero es balanceada por la concreci\u00f2n necesaria para senalar la historicidad de las situacciones de las que se debr\u00e0 obtener una moraleja, sigue con el ritmo del cuento oral.\u00a0\u00a0\u00a0\u00a0\u00a0\u00a0\u00a0\u00a0\u00a0\u00a0\u00a0\u00a0\u00a0\u00a0\u00a0\u00a0\u00a0\u00a0\u00a0\u00a0\u00a0\u00a0\u00a0\u00a0\u00a0\u00a0\u00a0\u00a0\u00a0\u00a0\u00a0\u00a0\u00a0\u00a0\u00a0\u00a0\u00a0\u00a0\u00a0\u00a0\u00a0\u00a0\u00a0 Exclamaciones, una acumulaci\u00f2n de adjetivos, verbos, asidentones, una sucesi\u00f2n de frases breves [&hellip;]<\/p>\n","protected":false},"author":1678,"featured_media":0,"parent":0,"menu_order":0,"comment_status":"open","ping_status":"open","template":"","meta":{"footnotes":""},"class_list":["post-18","page","type-page","status-publish","hentry"],"_links":{"self":[{"href":"https:\/\/blogs.ua.es\/voltaire\/wp-json\/wp\/v2\/pages\/18","targetHints":{"allow":["GET"]}}],"collection":[{"href":"https:\/\/blogs.ua.es\/voltaire\/wp-json\/wp\/v2\/pages"}],"about":[{"href":"https:\/\/blogs.ua.es\/voltaire\/wp-json\/wp\/v2\/types\/page"}],"author":[{"embeddable":true,"href":"https:\/\/blogs.ua.es\/voltaire\/wp-json\/wp\/v2\/users\/1678"}],"replies":[{"embeddable":true,"href":"https:\/\/blogs.ua.es\/voltaire\/wp-json\/wp\/v2\/comments?post=18"}],"version-history":[{"count":3,"href":"https:\/\/blogs.ua.es\/voltaire\/wp-json\/wp\/v2\/pages\/18\/revisions"}],"predecessor-version":[{"id":21,"href":"https:\/\/blogs.ua.es\/voltaire\/wp-json\/wp\/v2\/pages\/18\/revisions\/21"}],"wp:attachment":[{"href":"https:\/\/blogs.ua.es\/voltaire\/wp-json\/wp\/v2\/media?parent=18"}],"curies":[{"name":"wp","href":"https:\/\/api.w.org\/{rel}","templated":true}]}}