{"id":101,"date":"2012-01-17T22:08:54","date_gmt":"2012-01-17T22:08:54","guid":{"rendered":"https:\/\/blogs.ua.es\/wangmingzhe\/?page_id=101"},"modified":"2012-01-17T22:29:32","modified_gmt":"2012-01-17T22:29:32","slug":"algunos-de-los-puntos-de-vista-de-alejandro-vi","status":"publish","type":"page","link":"https:\/\/blogs.ua.es\/wangmingzhe\/algunos-de-los-puntos-de-vista-de-alejandro-vi\/","title":{"rendered":"Algunos de los puntos de vista de Alejandro VI"},"content":{"rendered":"<p>El Papa Alejandro VI 1431-1503 a\u00f1os de historia de los primeros 216 Papa (a\u00f1os 1492-1503). Bor familia Borgia vino de Espa\u00f1a.Yo estudio la historia en la escuela secundaria.El siglo XV a la Europa del siglo XVI, es de una sociedad feudal a la sociedad capitalista, una etapa crucial, en la que cien a\u00f1os, la sociedad ha sufrido grandes cambios.Alejandro VI es una figura importante en esta historia.A pesar de que no hacer un buen papel.\u00c9l es un monarca completamente est\u00fapido,muchas personas murieron a causa de \u00e9l,la ciencia y la tecnolog\u00eda avanzada de muchos, sino tambi\u00e9n porque se estanc\u00f3.<\/p>\n","protected":false},"excerpt":{"rendered":"<p>El Papa Alejandro VI 1431-1503 a\u00f1os de historia de los primeros 216 Papa (a\u00f1os 1492-1503). Bor familia Borgia vino de Espa\u00f1a.Yo estudio la historia en la escuela secundaria.El siglo XV a la Europa del siglo XVI, es de una sociedad feudal a la sociedad capitalista, una etapa crucial, en la que cien a\u00f1os, la sociedad [&hellip;]<\/p>\n","protected":false},"author":2200,"featured_media":0,"parent":0,"menu_order":0,"comment_status":"open","ping_status":"open","template":"","meta":{"footnotes":""},"class_list":["post-101","page","type-page","status-publish","hentry"],"_links":{"self":[{"href":"https:\/\/blogs.ua.es\/wangmingzhe\/wp-json\/wp\/v2\/pages\/101","targetHints":{"allow":["GET"]}}],"collection":[{"href":"https:\/\/blogs.ua.es\/wangmingzhe\/wp-json\/wp\/v2\/pages"}],"about":[{"href":"https:\/\/blogs.ua.es\/wangmingzhe\/wp-json\/wp\/v2\/types\/page"}],"author":[{"embeddable":true,"href":"https:\/\/blogs.ua.es\/wangmingzhe\/wp-json\/wp\/v2\/users\/2200"}],"replies":[{"embeddable":true,"href":"https:\/\/blogs.ua.es\/wangmingzhe\/wp-json\/wp\/v2\/comments?post=101"}],"version-history":[{"count":4,"href":"https:\/\/blogs.ua.es\/wangmingzhe\/wp-json\/wp\/v2\/pages\/101\/revisions"}],"predecessor-version":[{"id":105,"href":"https:\/\/blogs.ua.es\/wangmingzhe\/wp-json\/wp\/v2\/pages\/101\/revisions\/105"}],"wp:attachment":[{"href":"https:\/\/blogs.ua.es\/wangmingzhe\/wp-json\/wp\/v2\/media?parent=101"}],"curies":[{"name":"wp","href":"https:\/\/api.w.org\/{rel}","templated":true}]}}