{"id":106,"date":"2012-01-17T22:51:22","date_gmt":"2012-01-17T22:51:22","guid":{"rendered":"https:\/\/blogs.ua.es\/wangmingzhe\/?page_id=106"},"modified":"2012-01-17T22:51:22","modified_gmt":"2012-01-17T22:51:22","slug":"datos-y-fuentes","status":"publish","type":"page","link":"https:\/\/blogs.ua.es\/wangmingzhe\/datos-y-fuentes\/","title":{"rendered":"Datos y fuentes"},"content":{"rendered":"<p>Baidu es un sitio de b\u00fasqueda de gran.<a href=\"http:\/\/baike.baidu.com\/view\/1034356.htm\">http:\/\/baike.baidu.com\/view\/1034356.htm<\/a><\/p>\n<p>Encontr\u00e9 este sitio de informaci\u00f3n acerca de Alejandro VI,Alejandro VI, escrita en poca informaci\u00f3n,as\u00ed que usar el poder de b\u00fasqueda en la Web.<\/p>\n<p>Extracto de Wikipedia antes de que el contenido se ha eliminado,el contenido es el extracto del sitio chino,traduzco con la inmadurez.<\/p>\n<p>Alejandro VI, pero ahora tengo una visi\u00f3n muy profunda<\/p>\n","protected":false},"excerpt":{"rendered":"<p>Baidu es un sitio de b\u00fasqueda de gran.http:\/\/baike.baidu.com\/view\/1034356.htm Encontr\u00e9 este sitio de informaci\u00f3n acerca de Alejandro VI,Alejandro VI, escrita en poca informaci\u00f3n,as\u00ed que usar el poder de b\u00fasqueda en la Web. Extracto de Wikipedia antes de que el contenido se ha eliminado,el contenido es el extracto del sitio chino,traduzco con la inmadurez. Alejandro VI, pero [&hellip;]<\/p>\n","protected":false},"author":2200,"featured_media":0,"parent":0,"menu_order":0,"comment_status":"open","ping_status":"open","template":"","meta":{"footnotes":""},"class_list":["post-106","page","type-page","status-publish","hentry"],"_links":{"self":[{"href":"https:\/\/blogs.ua.es\/wangmingzhe\/wp-json\/wp\/v2\/pages\/106","targetHints":{"allow":["GET"]}}],"collection":[{"href":"https:\/\/blogs.ua.es\/wangmingzhe\/wp-json\/wp\/v2\/pages"}],"about":[{"href":"https:\/\/blogs.ua.es\/wangmingzhe\/wp-json\/wp\/v2\/types\/page"}],"author":[{"embeddable":true,"href":"https:\/\/blogs.ua.es\/wangmingzhe\/wp-json\/wp\/v2\/users\/2200"}],"replies":[{"embeddable":true,"href":"https:\/\/blogs.ua.es\/wangmingzhe\/wp-json\/wp\/v2\/comments?post=106"}],"version-history":[{"count":2,"href":"https:\/\/blogs.ua.es\/wangmingzhe\/wp-json\/wp\/v2\/pages\/106\/revisions"}],"predecessor-version":[{"id":108,"href":"https:\/\/blogs.ua.es\/wangmingzhe\/wp-json\/wp\/v2\/pages\/106\/revisions\/108"}],"wp:attachment":[{"href":"https:\/\/blogs.ua.es\/wangmingzhe\/wp-json\/wp\/v2\/media?parent=106"}],"curies":[{"name":"wp","href":"https:\/\/api.w.org\/{rel}","templated":true}]}}