{"id":109,"date":"2012-01-17T23:10:48","date_gmt":"2012-01-17T23:10:48","guid":{"rendered":"https:\/\/blogs.ua.es\/wangmingzhe\/?page_id=109"},"modified":"2012-01-17T23:13:59","modified_gmt":"2012-01-17T23:13:59","slug":"introduccion-a-los-blogs","status":"publish","type":"page","link":"https:\/\/blogs.ua.es\/wangmingzhe\/introduccion-a-los-blogs\/","title":{"rendered":"Introducci\u00f3n a los blogs"},"content":{"rendered":"<p>Mi blog describe varios aspectos de la\u00a0historia de Alejandro VI.<\/p>\n<p>Al principio me present\u00f3 Alejandro VI,a continuaci\u00f3n se explica c\u00f3mo acumular riqueza.<\/p>\n<p>Su vida promiscua y c\u00f3mo utilizar el dinero para obtener la posici\u00f3n del Papa,su riqueza y su amante.<\/p>\n<p>Su muerte y algunos eventos relacionados.Y la adaptaci\u00f3n del juego basado en datos hist\u00f3ricos.<\/p>\n<p>Y algunos de mis puntos de vista y las perspectivas.<\/p>\n<p>La adaptaci\u00f3n del juego basado en datos hist\u00f3ricos.<a href=\"http:\/\/baike.baidu.com\/view\/3648885.htm\">http:\/\/baike.baidu.com\/view\/3648885.htm<\/a><\/p>\n","protected":false},"excerpt":{"rendered":"<p>Mi blog describe varios aspectos de la\u00a0historia de Alejandro VI. Al principio me present\u00f3 Alejandro VI,a continuaci\u00f3n se explica c\u00f3mo acumular riqueza. Su vida promiscua y c\u00f3mo utilizar el dinero para obtener la posici\u00f3n del Papa,su riqueza y su amante. Su muerte y algunos eventos relacionados.Y la adaptaci\u00f3n del juego basado en datos hist\u00f3ricos. Y [&hellip;]<\/p>\n","protected":false},"author":2200,"featured_media":0,"parent":0,"menu_order":0,"comment_status":"open","ping_status":"open","template":"","meta":{"footnotes":""},"class_list":["post-109","page","type-page","status-publish","hentry"],"_links":{"self":[{"href":"https:\/\/blogs.ua.es\/wangmingzhe\/wp-json\/wp\/v2\/pages\/109","targetHints":{"allow":["GET"]}}],"collection":[{"href":"https:\/\/blogs.ua.es\/wangmingzhe\/wp-json\/wp\/v2\/pages"}],"about":[{"href":"https:\/\/blogs.ua.es\/wangmingzhe\/wp-json\/wp\/v2\/types\/page"}],"author":[{"embeddable":true,"href":"https:\/\/blogs.ua.es\/wangmingzhe\/wp-json\/wp\/v2\/users\/2200"}],"replies":[{"embeddable":true,"href":"https:\/\/blogs.ua.es\/wangmingzhe\/wp-json\/wp\/v2\/comments?post=109"}],"version-history":[{"count":3,"href":"https:\/\/blogs.ua.es\/wangmingzhe\/wp-json\/wp\/v2\/pages\/109\/revisions"}],"predecessor-version":[{"id":111,"href":"https:\/\/blogs.ua.es\/wangmingzhe\/wp-json\/wp\/v2\/pages\/109\/revisions\/111"}],"wp:attachment":[{"href":"https:\/\/blogs.ua.es\/wangmingzhe\/wp-json\/wp\/v2\/media?parent=109"}],"curies":[{"name":"wp","href":"https:\/\/api.w.org\/{rel}","templated":true}]}}