{"id":154,"date":"2012-06-21T17:49:55","date_gmt":"2012-06-21T15:49:55","guid":{"rendered":"https:\/\/blogs.ua.es\/xahor\/?page_id=154"},"modified":"2012-06-21T18:04:11","modified_gmt":"2012-06-21T16:04:11","slug":"the-alexander-romance-in-persia-and-the-east","status":"publish","type":"page","link":"https:\/\/blogs.ua.es\/xahor\/libros-y-novedades-bibliograficas\/the-alexander-romance-in-persia-and-the-east\/","title":{"rendered":"The Alexander Romance in Persia and the East"},"content":{"rendered":"<p><a href=\"https:\/\/blogs.ua.es\/xahor\/files\/2012\/06\/51awziJLN9L._SL500_AA300_1.jpg\"><img loading=\"lazy\" decoding=\"async\" class=\"alignleft size-full wp-image-155\" src=\"https:\/\/blogs.ua.es\/xahor\/files\/2012\/06\/51awziJLN9L._SL500_AA300_1.jpg\" alt=\"\" width=\"300\" height=\"300\" srcset=\"https:\/\/blogs.ua.es\/xahor\/files\/2012\/06\/51awziJLN9L._SL500_AA300_1.jpg 300w, https:\/\/blogs.ua.es\/xahor\/files\/2012\/06\/51awziJLN9L._SL500_AA300_1-150x150.jpg 150w\" sizes=\"auto, (max-width: 300px) 100vw, 300px\" \/><\/a>Richard Stoneman, Kyle Erickson &amp; Ian Netton (eds.), <em>The Alexander Romance in Persia and the East<\/em>, Barkhuis, 2012, pp. 416.<\/p>\n<div align=\"left\">Acaba de aparecer esta obra que recoge las intervenciones en la conferencia del mismo t\u00edtulo que tuvo lugar en la Universidad de Exeter, los d\u00edas 26-29 de julio de 2010. M\u00e1s de la mitad de los trabajos presentados estuvieron a cargo de profesores e investigadores invitados. Con esta obra se da una visi\u00f3n sistem\u00e1tica del tema.<\/div>\n<div align=\"left\"><\/div>\n<div align=\"left\">Entre los cap\u00edtulos se encuentra uno de la doctoranda de la UA Haila Mantegh\u00ed que present\u00f3 un trabajo sobre Iskandar en el <em>Shahname.<\/em><\/div>\n<div align=\"left\"><\/div>\n<div align=\"left\">El listado de los contenidos es el siguiente:<\/div>\n<div align=\"left\">\n<div align=\"left\"><\/div>\n<div align=\"left\">Introduction IX<\/div>\n<div align=\"left\">Note on Transliteration and Bibliography XV<\/div>\n<div align=\"left\">\u00a0PART 1 FORMATION OF A TRADITION &#8211; 1<\/div>\n<div align=\"left\">\u00a0RICHARD STONEMAN<br \/>\nPersian Aspects of the Romance Tradition 3<\/div>\n<div align=\"left\">\u00a0DANIEL L. SELDEN<br \/>\nMapping the Alexander Romance 19<\/div>\n<div align=\"left\">\u00a0FAUSTINA C.W. DOUFIKAR-AERTS<br \/>\nKing Midas\u2019 Ears on Alexander\u2019s Head: In Search of the Afro-Asiatic Alexander Cycle 61<\/div>\n<div align=\"left\">\u00a0GRAHAM ANDERSON<br \/>\nThe <em>Alexander Romance<\/em> and the Pattern of Hero-Legend 81<\/div>\n<div align=\"left\">\u00a0PART 2 PERSPECTIVES &#8211; 103<\/div>\n<div align=\"left\">\u00a0CORINNE JOUANNO<br \/>\nThe Persians in Late Byzantine Alexander Romances: A Portrayal under Turkish Influences 105<\/div>\n<div align=\"left\">\u00a0HENDRIK BOESCHOTEN<br \/>\nAdventures of Alexander in Medieval Turkish 117<\/div>\n<div align=\"left\">\u00a0WARWICK BALL<br \/>\nSome Talk of Alexander Myth and Politics in the North-West Frontier of British India 127<\/div>\n<div align=\"left\">\u00a0PART 3 TEXTS &#8211; 159<\/div>\n<div align=\"left\">\u00a0HAILA MANTEGHI<br \/>\nAlexander the Great in the <em>Sh\u0101hn\u0101meh <\/em>of Ferdows\u012b 161<\/div>\n<div align=\"left\">\u00a0MARIO CASARI<br \/>\nThe King Explorer: A Cosmographic Approach to the Persian Alexander 175<\/div>\n<div align=\"left\">\u00a0DAVID ZUWIYYA<br \/>\n\u2018Um\u0101ra\u2019s <em>Qi\u1e63\u1e63a al-Iskandar<\/em> as a Model of the Arabic Alexander Romance 205<\/div>\n<div align=\"left\">\u00a0EL-SAYED M. GAD<br \/>\nAl-Tabari\u2019s Tales of Alexander: History and Romance 219<\/div>\n<div align=\"left\">\u00a0EMILY COTTRELL<br \/>\nAl-Muba\u0161\u0161ir ibn F\u0101tik and the \u03b1 Version of the <em>Alexander Romance<\/em> 233<\/div>\n<div align=\"left\">\u00a0LESLIE S.B. MCCOULL<br \/>\nAspects of Alexander in Coptic Egypt 255<\/div>\n<div align=\"left\">\u00a0YURIKO YAMANAKA<br \/>\nThe Islamized Alexander in Chinese Geographies and Encyclopaedias 263<\/div>\n<div align=\"left\">\u00a0PART 4 THEMES &#8211; 275<\/div>\n<div align=\"left\">\u00a0DANIEL OGDEN<br \/>\nSekandar, Dragon-Slayer 277<\/div>\n<div align=\"left\">\u00a0SABINE M\u00dcLLER<br \/>\nStories of the Persian Bride: Alexander and Roxane 295<\/div>\n<div align=\"left\">\u00a0SULOCHANA ASIRVATHAM<br \/>\nAlexander the Philosopher in the Greco-Roman, Persian and Arabic Traditions 311<\/div>\n<div align=\"left\">\u00a0ALEKSANDRA SZALC<\/div>\n<div align=\"left\">In Search of Water of Life: The Alexander Romance and Indian Mythology 327<\/div>\n<div align=\"left\">\u00a0ALEKSANDRA KL\u0118CZAR<br \/>\nThe Kingship of Alexander the Great in the Jewish Versions of the Alexander Narrative 339<\/div>\n<div align=\"left\">\u00a0ORY AMITAY<br \/>\nAlexander in <em>Bavli Tamid<\/em>: In Search for a Meaning 349<\/div>\n<div align=\"left\">\u00a0PART 5 IMAGES &#8211; 367<\/div>\n<div align=\"left\">\u00a0OLGA PALAGIA<br \/>\nThe Impact of Alexander the Great in the Art of Central Asia 369<\/div>\n<div align=\"left\">\u00a0AGNIESZKA FULINSKA<br \/>\nOriental Imagery and Alexander\u2019s Legend in Art: Reconnaissance 383<\/div>\n<div align=\"left\">\u00a0FIRUZA MELVILLE<br \/>\nA Flying King 405<\/div>\n<div align=\"left\">\u00a0Index 411<\/div>\n<\/div>\n","protected":false},"excerpt":{"rendered":"<p>Richard Stoneman, Kyle Erickson &amp; Ian Netton (eds.), The Alexander Romance in Persia and the East, Barkhuis, 2012, pp. 416. Acaba de aparecer esta obra que recoge las intervenciones en la conferencia del mismo t\u00edtulo que tuvo lugar en la &hellip; <a href=\"https:\/\/blogs.ua.es\/xahor\/libros-y-novedades-bibliograficas\/the-alexander-romance-in-persia-and-the-east\/\">Continue reading <span class=\"meta-nav\">&rarr;<\/span><\/a><\/p>\n","protected":false},"author":2693,"featured_media":0,"parent":134,"menu_order":0,"comment_status":"open","ping_status":"open","template":"","meta":{"footnotes":""},"class_list":["post-154","page","type-page","status-publish","hentry"],"_links":{"self":[{"href":"https:\/\/blogs.ua.es\/xahor\/wp-json\/wp\/v2\/pages\/154","targetHints":{"allow":["GET"]}}],"collection":[{"href":"https:\/\/blogs.ua.es\/xahor\/wp-json\/wp\/v2\/pages"}],"about":[{"href":"https:\/\/blogs.ua.es\/xahor\/wp-json\/wp\/v2\/types\/page"}],"author":[{"embeddable":true,"href":"https:\/\/blogs.ua.es\/xahor\/wp-json\/wp\/v2\/users\/2693"}],"replies":[{"embeddable":true,"href":"https:\/\/blogs.ua.es\/xahor\/wp-json\/wp\/v2\/comments?post=154"}],"version-history":[{"count":3,"href":"https:\/\/blogs.ua.es\/xahor\/wp-json\/wp\/v2\/pages\/154\/revisions"}],"predecessor-version":[{"id":157,"href":"https:\/\/blogs.ua.es\/xahor\/wp-json\/wp\/v2\/pages\/154\/revisions\/157"}],"up":[{"embeddable":true,"href":"https:\/\/blogs.ua.es\/xahor\/wp-json\/wp\/v2\/pages\/134"}],"wp:attachment":[{"href":"https:\/\/blogs.ua.es\/xahor\/wp-json\/wp\/v2\/media?parent=154"}],"curies":[{"name":"wp","href":"https:\/\/api.w.org\/{rel}","templated":true}]}}