{"id":176,"date":"2012-06-24T12:07:36","date_gmt":"2012-06-24T10:07:36","guid":{"rendered":"https:\/\/blogs.ua.es\/xahor\/?page_id=176"},"modified":"2012-06-24T12:07:47","modified_gmt":"2012-06-24T10:07:47","slug":"early-islamic-iran","status":"publish","type":"page","link":"https:\/\/blogs.ua.es\/xahor\/libros-y-novedades-bibliograficas\/early-islamic-iran\/","title":{"rendered":"Early Islamic Iran"},"content":{"rendered":"<p><a href=\"https:\/\/blogs.ua.es\/xahor\/files\/2012\/06\/early-islamic-Iran.jpg\"><img loading=\"lazy\" decoding=\"async\" class=\"alignleft size-medium wp-image-177\" src=\"https:\/\/blogs.ua.es\/xahor\/files\/2012\/06\/early-islamic-Iran-279x300.jpg\" alt=\"\" width=\"279\" height=\"300\" srcset=\"https:\/\/blogs.ua.es\/xahor\/files\/2012\/06\/early-islamic-Iran-279x300.jpg 279w, https:\/\/blogs.ua.es\/xahor\/files\/2012\/06\/early-islamic-Iran.jpg 400w\" sizes=\"auto, (max-width: 279px) 100vw, 279px\" \/><\/a>Edmund Herzig &amp; Sarah Stewart (eds.), <em>Early Islamic Iran<\/em>, Tauris, 2012, pp. 192.<\/p>\n<p>Aunque todav\u00eda no he le\u00eddo este libro, me parece muy prometedor. En la nota informativa el editor plantea las l\u00edneas que definen el contenido de la obra: \u00bfC\u00f3mo Ir\u00e1n mantuvo un car\u00e1cter distintivo tras la conquista \u00e1rabe isl\u00e1mica? \u00bfC\u00f3mo mantuvo su singularidad cultural tras desplazar al zoroastrismo de los organos centrales y religiosos del imperio persa? Esperemos que la lectura del mismo nos d\u00e9 pistas para entender ese per\u00edodo tan complejo tras la conquista isl\u00e1mica.<\/p>\n","protected":false},"excerpt":{"rendered":"<p>Edmund Herzig &amp; Sarah Stewart (eds.), Early Islamic Iran, Tauris, 2012, pp. 192. Aunque todav\u00eda no he le\u00eddo este libro, me parece muy prometedor. En la nota informativa el editor plantea las l\u00edneas que definen el contenido de la obra: &hellip; <a href=\"https:\/\/blogs.ua.es\/xahor\/libros-y-novedades-bibliograficas\/early-islamic-iran\/\">Continue reading <span class=\"meta-nav\">&rarr;<\/span><\/a><\/p>\n","protected":false},"author":2693,"featured_media":0,"parent":134,"menu_order":0,"comment_status":"open","ping_status":"open","template":"","meta":{"footnotes":""},"class_list":["post-176","page","type-page","status-publish","hentry"],"_links":{"self":[{"href":"https:\/\/blogs.ua.es\/xahor\/wp-json\/wp\/v2\/pages\/176","targetHints":{"allow":["GET"]}}],"collection":[{"href":"https:\/\/blogs.ua.es\/xahor\/wp-json\/wp\/v2\/pages"}],"about":[{"href":"https:\/\/blogs.ua.es\/xahor\/wp-json\/wp\/v2\/types\/page"}],"author":[{"embeddable":true,"href":"https:\/\/blogs.ua.es\/xahor\/wp-json\/wp\/v2\/users\/2693"}],"replies":[{"embeddable":true,"href":"https:\/\/blogs.ua.es\/xahor\/wp-json\/wp\/v2\/comments?post=176"}],"version-history":[{"count":2,"href":"https:\/\/blogs.ua.es\/xahor\/wp-json\/wp\/v2\/pages\/176\/revisions"}],"predecessor-version":[{"id":179,"href":"https:\/\/blogs.ua.es\/xahor\/wp-json\/wp\/v2\/pages\/176\/revisions\/179"}],"up":[{"embeddable":true,"href":"https:\/\/blogs.ua.es\/xahor\/wp-json\/wp\/v2\/pages\/134"}],"wp:attachment":[{"href":"https:\/\/blogs.ua.es\/xahor\/wp-json\/wp\/v2\/media?parent=176"}],"curies":[{"name":"wp","href":"https:\/\/api.w.org\/{rel}","templated":true}]}}