{"id":246,"date":"2012-07-08T19:20:45","date_gmt":"2012-07-08T17:20:45","guid":{"rendered":"https:\/\/blogs.ua.es\/xahor\/?page_id=246"},"modified":"2012-08-02T22:12:22","modified_gmt":"2012-08-02T20:12:22","slug":"semana-cultural-irani-en-paris","status":"publish","type":"page","link":"https:\/\/blogs.ua.es\/xahor\/informacion-de-convocatorias\/semana-cultural-irani-en-paris\/","title":{"rendered":"Semana cultural iran\u00ed en Par\u00eds"},"content":{"rendered":"<p><strong>Semaine culturelle iranienne<\/strong><br \/>\n<em>Perspectives du patrimoine culturel,<br \/>\ndu tourisme et de l&#8217;artisanat iranien<\/em><br \/>\n<strong>Iranian Cultural Week<\/strong><br \/>\n<em>Perspectives of cultural heritage,<br \/>\ntourism and crafts of Iran<\/em><br \/>\n27 &#8211; 29 June 2012<br \/>\nParis, France<\/p>\n<p><a title=\"Semaine culturelle iranienne : exposition &quot;Perspectives du patrimoine culturel, du tourisme et de l\u2019artisanat iranien&quot;\" href=\"http:\/\/www.unesco.org\/new\/fr\/unesco\/events\/all-events\/?tx_browser_pi1[showUid]=6727&amp;cHash=62db1d9757\" target=\"_blank\">Webpage de la exposici\u00f3n<\/a><\/p>\n<p>Para m\u00e1s informaci\u00f3n sobre este evento y otros relacionados con el mundo isl\u00e1mico y la arquitectura consultar la p\u00e1gina: <a href=\"http:\/\/archnet.org\/calendar\/\" target=\"_blank\">http:\/\/archnet.org\/calendar\/<\/a><\/p>\n<p>Esta p\u00e1gina del Agha Khan Foundation es una fuente importante de referencias sobre arquitectura, urbanismo y arte isl\u00e1mico que recomendamos su visita (<a href=\"https:\/\/archnet.org\" target=\"_blank\">https:\/\/archnet.org<\/a>).<\/p>\n","protected":false},"excerpt":{"rendered":"<p>Semaine culturelle iranienne Perspectives du patrimoine culturel, du tourisme et de l&#8217;artisanat iranien Iranian Cultural Week Perspectives of cultural heritage, tourism and crafts of Iran 27 &#8211; 29 June 2012 Paris, France Webpage de la exposici\u00f3n Para m\u00e1s informaci\u00f3n sobre &hellip; <a href=\"https:\/\/blogs.ua.es\/xahor\/informacion-de-convocatorias\/semana-cultural-irani-en-paris\/\">Continue reading <span class=\"meta-nav\">&rarr;<\/span><\/a><\/p>\n","protected":false},"author":2693,"featured_media":0,"parent":233,"menu_order":998,"comment_status":"open","ping_status":"open","template":"","meta":{"footnotes":""},"class_list":["post-246","page","type-page","status-publish","hentry"],"_links":{"self":[{"href":"https:\/\/blogs.ua.es\/xahor\/wp-json\/wp\/v2\/pages\/246","targetHints":{"allow":["GET"]}}],"collection":[{"href":"https:\/\/blogs.ua.es\/xahor\/wp-json\/wp\/v2\/pages"}],"about":[{"href":"https:\/\/blogs.ua.es\/xahor\/wp-json\/wp\/v2\/types\/page"}],"author":[{"embeddable":true,"href":"https:\/\/blogs.ua.es\/xahor\/wp-json\/wp\/v2\/users\/2693"}],"replies":[{"embeddable":true,"href":"https:\/\/blogs.ua.es\/xahor\/wp-json\/wp\/v2\/comments?post=246"}],"version-history":[{"count":2,"href":"https:\/\/blogs.ua.es\/xahor\/wp-json\/wp\/v2\/pages\/246\/revisions"}],"predecessor-version":[{"id":363,"href":"https:\/\/blogs.ua.es\/xahor\/wp-json\/wp\/v2\/pages\/246\/revisions\/363"}],"up":[{"embeddable":true,"href":"https:\/\/blogs.ua.es\/xahor\/wp-json\/wp\/v2\/pages\/233"}],"wp:attachment":[{"href":"https:\/\/blogs.ua.es\/xahor\/wp-json\/wp\/v2\/media?parent=246"}],"curies":[{"name":"wp","href":"https:\/\/api.w.org\/{rel}","templated":true}]}}