{"id":250,"date":"2012-07-08T19:22:55","date_gmt":"2012-07-08T17:22:55","guid":{"rendered":"https:\/\/blogs.ua.es\/xahor\/?page_id=250"},"modified":"2012-08-02T22:12:49","modified_gmt":"2012-08-02T20:12:49","slug":"9th-biennial-iranian-studies-conference-of-intl-society-for-iranian-studies-isis-istanbul-2012","status":"publish","type":"page","link":"https:\/\/blogs.ua.es\/xahor\/informacion-de-convocatorias\/9th-biennial-iranian-studies-conference-of-intl-society-for-iranian-studies-isis-istanbul-2012\/","title":{"rendered":"9th Biennial Iranian Studies Conference of Int&#8217;l Society for Iranian Studies (ISIS) (Istanbul, 2012)"},"content":{"rendered":"<p><a href=\"https:\/\/blogs.ua.es\/xahor\/files\/2012\/07\/ISIS1.jpg\"><img loading=\"lazy\" decoding=\"async\" class=\"alignleft size-full wp-image-281\" src=\"https:\/\/blogs.ua.es\/xahor\/files\/2012\/07\/ISIS1.jpg\" alt=\"\" width=\"560\" height=\"800\" srcset=\"https:\/\/blogs.ua.es\/xahor\/files\/2012\/07\/ISIS1.jpg 560w, https:\/\/blogs.ua.es\/xahor\/files\/2012\/07\/ISIS1-210x300.jpg 210w\" sizes=\"auto, (max-width: 560px) 100vw, 560px\" \/><\/a>Como ya sabr\u00e9is algunos de vosotros este a\u00f1o se celebrar\u00e1 el IX Encuentro de ISIS en Estambul. Todav\u00eda es momento para aprovechar las vacaciones y acercarse a este importante acontecimiento relacionado con la iranolog\u00eda.<\/p>\n<p>Os adjunto el enlace para consultar el programa y los actos.<\/p>\n<p><a href=\"http:\/\/iranianstudies.com\/conferences\/2012\" target=\"_blank\">http:\/\/iranianstudies.com\/conferences\/2012<\/a><\/p>\n<p>Las conferencias tendr\u00e1n lugar entre el 1 y el 5 de agosto de 2012 en Estambul.<\/p>\n","protected":false},"excerpt":{"rendered":"<p>Como ya sabr\u00e9is algunos de vosotros este a\u00f1o se celebrar\u00e1 el IX Encuentro de ISIS en Estambul. Todav\u00eda es momento para aprovechar las vacaciones y acercarse a este importante acontecimiento relacionado con la iranolog\u00eda. Os adjunto el enlace para consultar &hellip; <a href=\"https:\/\/blogs.ua.es\/xahor\/informacion-de-convocatorias\/9th-biennial-iranian-studies-conference-of-intl-society-for-iranian-studies-isis-istanbul-2012\/\">Continue reading <span class=\"meta-nav\">&rarr;<\/span><\/a><\/p>\n","protected":false},"author":2693,"featured_media":0,"parent":233,"menu_order":997,"comment_status":"open","ping_status":"open","template":"","meta":{"footnotes":""},"class_list":["post-250","page","type-page","status-publish","hentry"],"_links":{"self":[{"href":"https:\/\/blogs.ua.es\/xahor\/wp-json\/wp\/v2\/pages\/250","targetHints":{"allow":["GET"]}}],"collection":[{"href":"https:\/\/blogs.ua.es\/xahor\/wp-json\/wp\/v2\/pages"}],"about":[{"href":"https:\/\/blogs.ua.es\/xahor\/wp-json\/wp\/v2\/types\/page"}],"author":[{"embeddable":true,"href":"https:\/\/blogs.ua.es\/xahor\/wp-json\/wp\/v2\/users\/2693"}],"replies":[{"embeddable":true,"href":"https:\/\/blogs.ua.es\/xahor\/wp-json\/wp\/v2\/comments?post=250"}],"version-history":[{"count":7,"href":"https:\/\/blogs.ua.es\/xahor\/wp-json\/wp\/v2\/pages\/250\/revisions"}],"predecessor-version":[{"id":364,"href":"https:\/\/blogs.ua.es\/xahor\/wp-json\/wp\/v2\/pages\/250\/revisions\/364"}],"up":[{"embeddable":true,"href":"https:\/\/blogs.ua.es\/xahor\/wp-json\/wp\/v2\/pages\/233"}],"wp:attachment":[{"href":"https:\/\/blogs.ua.es\/xahor\/wp-json\/wp\/v2\/media?parent=250"}],"curies":[{"name":"wp","href":"https:\/\/api.w.org\/{rel}","templated":true}]}}