{"id":130,"date":"2010-12-05T22:45:37","date_gmt":"2010-12-05T21:45:37","guid":{"rendered":"https:\/\/blogs.ua.es\/xose\/"},"modified":"2010-12-05T22:50:22","modified_gmt":"2010-12-05T21:50:22","slug":"fonetica-y-pronunciacion-a-traves-del-espejo","status":"publish","type":"page","link":"https:\/\/blogs.ua.es\/xose\/fonetica-y-pronunciacion-a-traves-del-espejo\/","title":{"rendered":"Phonetics, through the Looking-Glass"},"content":{"rendered":"<p>A partir de enero comenzar\u00e9 mi libro. En esos momentos compartir\u00e9 desde esta p\u00e1gina las dudas que me asalten sobre cu\u00e1nta fon\u00e9tica necesita saber un profesor de ELE -o de cualquier LE- para ense\u00f1ar pronunciaci\u00f3n en sus clases. <\/p>\n","protected":false},"excerpt":{"rendered":"<p>A partir de enero comenzar\u00e9 mi libro. En esos momentos compartir\u00e9 desde esta p\u00e1gina las dudas que me asalten sobre cu\u00e1nta fon\u00e9tica necesita saber un profesor de ELE -o de cualquier LE- para ense\u00f1ar pronunciaci\u00f3n en sus clases.<\/p>\n","protected":false},"author":1047,"featured_media":0,"parent":0,"menu_order":0,"comment_status":"open","ping_status":"open","template":"","meta":{"footnotes":""},"class_list":["post-130","page","type-page","status-publish","hentry"],"_links":{"self":[{"href":"https:\/\/blogs.ua.es\/xose\/wp-json\/wp\/v2\/pages\/130","targetHints":{"allow":["GET"]}}],"collection":[{"href":"https:\/\/blogs.ua.es\/xose\/wp-json\/wp\/v2\/pages"}],"about":[{"href":"https:\/\/blogs.ua.es\/xose\/wp-json\/wp\/v2\/types\/page"}],"author":[{"embeddable":true,"href":"https:\/\/blogs.ua.es\/xose\/wp-json\/wp\/v2\/users\/1047"}],"replies":[{"embeddable":true,"href":"https:\/\/blogs.ua.es\/xose\/wp-json\/wp\/v2\/comments?post=130"}],"version-history":[{"count":2,"href":"https:\/\/blogs.ua.es\/xose\/wp-json\/wp\/v2\/pages\/130\/revisions"}],"predecessor-version":[{"id":132,"href":"https:\/\/blogs.ua.es\/xose\/wp-json\/wp\/v2\/pages\/130\/revisions\/132"}],"wp:attachment":[{"href":"https:\/\/blogs.ua.es\/xose\/wp-json\/wp\/v2\/media?parent=130"}],"curies":[{"name":"wp","href":"https:\/\/api.w.org\/{rel}","templated":true}]}}