{"id":2,"date":"2008-11-21T11:32:22","date_gmt":"2008-11-21T10:32:22","guid":{"rendered":""},"modified":"2010-10-12T14:03:46","modified_gmt":"2010-10-12T13:03:46","slug":"acerca_de","status":"publish","type":"page","link":"https:\/\/blogs.ua.es\/xose\/acerca_de\/","title":{"rendered":"GITE- Grupo Pronuncia bien"},"content":{"rendered":"<p>El grupo Pronuncia bien nace en el M\u00e1ster de Ense\u00f1anza de Espa\u00f1ol e Ingl\u00e9s como LE\/L2 de la Universitat d&#8217;Alacant. Est\u00e1 dirigido por el profesor Xose A. Padilla y tiene como objetivo crear herramientas y aplicaciones inform\u00e1ticas para la evaluaci\u00f3n y ense\u00f1anza de la pronunciaci\u00f3n en estudiantes extranjeros que est\u00e9n aprendiendo espa\u00f1ol.<\/p>\n<p>Miembros: Xose A. Padilla, Maricruz Amor\u00f2s, Jorge Fern\u00e1ndez, Amparo Garc\u00eda, Elisa Gironzetti, Alexandra Guti\u00e9rrez, Raquel Hern\u00e1ndez-Bitinas, Alberto Pastor, e Irene Villaescusa.<\/p>\n","protected":false},"excerpt":{"rendered":"<p>El grupo Pronuncia bien nace en el M\u00e1ster de Ense\u00f1anza de Espa\u00f1ol e Ingl\u00e9s como LE\/L2 de la Universitat d&#8217;Alacant. Est\u00e1 dirigido por el profesor Xose A. Padilla y tiene como objetivo crear herramientas y aplicaciones inform\u00e1ticas para la evaluaci\u00f3n &hellip; <a href=\"https:\/\/blogs.ua.es\/xose\/acerca_de\/\">Continue reading <span class=\"meta-nav\">&rarr;<\/span><\/a><\/p>\n","protected":false},"author":1047,"featured_media":0,"parent":0,"menu_order":0,"comment_status":"open","ping_status":"open","template":"","meta":{"footnotes":""},"class_list":["post-2","page","type-page","status-publish","hentry"],"_links":{"self":[{"href":"https:\/\/blogs.ua.es\/xose\/wp-json\/wp\/v2\/pages\/2","targetHints":{"allow":["GET"]}}],"collection":[{"href":"https:\/\/blogs.ua.es\/xose\/wp-json\/wp\/v2\/pages"}],"about":[{"href":"https:\/\/blogs.ua.es\/xose\/wp-json\/wp\/v2\/types\/page"}],"author":[{"embeddable":true,"href":"https:\/\/blogs.ua.es\/xose\/wp-json\/wp\/v2\/users\/1047"}],"replies":[{"embeddable":true,"href":"https:\/\/blogs.ua.es\/xose\/wp-json\/wp\/v2\/comments?post=2"}],"version-history":[{"count":9,"href":"https:\/\/blogs.ua.es\/xose\/wp-json\/wp\/v2\/pages\/2\/revisions"}],"predecessor-version":[{"id":547,"href":"https:\/\/blogs.ua.es\/xose\/wp-json\/wp\/v2\/pages\/2\/revisions\/547"}],"wp:attachment":[{"href":"https:\/\/blogs.ua.es\/xose\/wp-json\/wp\/v2\/media?parent=2"}],"curies":[{"name":"wp","href":"https:\/\/api.w.org\/{rel}","templated":true}]}}