{"id":19,"date":"2012-12-11T12:29:44","date_gmt":"2012-12-11T12:29:44","guid":{"rendered":"https:\/\/blogs.ua.es\/xragua\/?page_id=19"},"modified":"2025-04-16T12:33:34","modified_gmt":"2025-04-16T11:33:34","slug":"team","status":"publish","type":"page","link":"https:\/\/blogs.ua.es\/xragua\/team\/","title":{"rendered":"Team members"},"content":{"rendered":"<p><strong><span style=\"color: #333399\"><a href=\"https:\/\/blogs.ua.es\/xragua\/files\/2012\/12\/Photo-on-2015-05-12-at-11.21.jpg\"><img loading=\"lazy\" decoding=\"async\" class=\"alignleft wp-image-224 \" src=\"https:\/\/blogs.ua.es\/xragua\/files\/2012\/12\/Photo-on-2015-05-12-at-11.21-150x150.jpg\" alt=\"\" width=\"80\" height=\"80\" \/><\/a>Prof.<\/span><span style=\"color: #333399\"> Jos\u00e9 Miguel Torrej\u00f3n V\u00e1zquez<\/span><\/strong><br \/>\n<span style=\"color: #993300\">E-mail<\/span>: jmt at ua dot es<br \/>\n<span style=\"color: #993300\">Telephone<\/span>: +34 965 90 9580<br \/>\n<a href=\"https:\/\/ui.adsabs.harvard.edu\/search\/fq=%7B!type%3Daqp%20v%3D%24fq_database%7D&amp;fq_database=database%3A%20astronomy&amp;q=author%3A(%22Torrejon%22)&amp;sort=date%20desc%2C%20bibcode%20desc&amp;p_=0\">Publications<\/a><\/p>\n<p>&nbsp;<\/p>\n<p><span style=\"color: #333399\"><strong><a href=\"https:\/\/blogs.ua.es\/xragua\/files\/2012\/12\/guillermo3.jpg\"><img loading=\"lazy\" decoding=\"async\" class=\"alignleft wp-image-126\" src=\"https:\/\/blogs.ua.es\/xragua\/files\/2012\/12\/guillermo3.jpg\" alt=\"\" width=\"63\" height=\"78\" \/><\/a>Prof. Jos\u00e9 Guillermo Bernab\u00e9u Pastor (22-11-22)<\/strong><\/span><br \/>\n<span style=\"color: #333399\"><span style=\"color: #000000\"><span style=\"color: #993300\">E-mail<\/span>: bernabeu at ua dot es<\/span><\/span><br \/>\n<span style=\"color: #333399\"><span style=\"color: #000000\"><span style=\"color: #993300\">Telephone<\/span>: +34 965 90 3400 x 3389<\/span><\/span><br \/>\n<span style=\"color: #333399\"><span style=\"color: #000000\"><a href=\"http:\/\/cdsads.u-strasbg.fr\/cgi-bin\/nph-abs_connect?db_key=AST&amp;db_key=PRE&amp;qform=AST&amp;arxiv_sel=astro-ph&amp;arxiv_sel=cond-mat&amp;arxiv_sel=cs&amp;arxiv_sel=gr-qc&amp;arxiv_sel=hep-ex&amp;arxiv_sel=hep-lat&amp;arxiv_sel=hep-ph&amp;arxiv_sel=hep-th&amp;arxiv_sel=math&amp;arxiv_sel=math-ph&amp;arxiv_sel=nlin&amp;arxiv_sel=nucl-ex&amp;arxiv_sel=nucl-th&amp;arxiv_sel=physics&amp;arxiv_sel=quant-ph&amp;arxiv_sel=q-bio&amp;sim_query=YES&amp;ned_query=YES&amp;adsobj_query=YES&amp;aut_xct=YES&amp;aut_logic=OR&amp;obj_logic=OR&amp;author=bernabeu%2C+g.&amp;object=&amp;start_mon=&amp;start_year=&amp;end_mon=&amp;end_year=&amp;ttl_logic=OR&amp;title=&amp;txt_logic=OR&amp;text=&amp;nr_to_return=200&amp;start_nr=1&amp;jou_pick=ALL&amp;ref_stems=&amp;data_and=ALL&amp;group_and=ALL&amp;start_entry_day=&amp;start_entry_mon=&amp;start_entry_year=&amp;end_entry_day=&amp;end_entry_mon=&amp;end_entry_year=&amp;min_score=&amp;sort=SCORE&amp;data_type=SHORT&amp;aut_syn=YES&amp;ttl_syn=YES&amp;txt_syn=YES&amp;aut_wt=1.0&amp;obj_wt=1.0&amp;ttl_wt=0.3&amp;txt_wt=3.0&amp;aut_wgt=YES&amp;obj_wgt=YES&amp;ttl_wgt=YES&amp;txt_wgt=YES&amp;ttl_sco=YES&amp;txt_sco=YES&amp;version=1\">Publications<\/a><\/span><\/span><\/p>\n<p>&nbsp;<\/p>\n<p><strong><span style=\"color: #333399\"><a href=\"https:\/\/blogs.ua.es\/xragua\/files\/2012\/12\/jjrr1.jpg\"><img loading=\"lazy\" decoding=\"async\" class=\"alignleft wp-image-125\" src=\"https:\/\/blogs.ua.es\/xragua\/files\/2012\/12\/jjrr1.jpg\" alt=\"\" width=\"77\" height=\"85\" \/><\/a>Dr. Jos\u00e9 Joaqu\u00edn Rodes Roca<\/span><\/strong><br \/>\n<span style=\"color: #993300\">E-mail<\/span>: jjrodes at ua dot es<br \/>\n<span style=\"color: #993300\">Telephone<\/span>: +34 965 90 3400 x 2565<br \/>\n<a href=\"http:\/\/cdsads.u-strasbg.fr\/cgi-bin\/nph-abs_connect?db_key=AST&amp;db_key=PHY&amp;db_key=PRE&amp;qform=AST&amp;arxiv_sel=astro-ph&amp;arxiv_sel=cond-mat&amp;arxiv_sel=cs&amp;arxiv_sel=gr-qc&amp;arxiv_sel=hep-ex&amp;arxiv_sel=hep-lat&amp;arxiv_sel=hep-ph&amp;arxiv_sel=hep-th&amp;arxiv_sel=math&amp;arxiv_sel=math-ph&amp;arxiv_sel=nlin&amp;arxiv_sel=nucl-ex&amp;arxiv_sel=nucl-th&amp;arxiv_sel=physics&amp;arxiv_sel=quant-ph&amp;arxiv_sel=q-bio&amp;sim_query=YES&amp;ned_query=YES&amp;adsobj_query=YES&amp;aut_xct=YES&amp;aut_logic=OR&amp;obj_logic=OR&amp;author=rodes%2C+j.+j.%0D%0Arodes-roca%2C+j.%0D%0Arodes-roca%2C+j.+j.&amp;object=&amp;start_mon=&amp;start_year=&amp;end_mon=&amp;end_year=&amp;ttl_logic=OR&amp;title=&amp;txt_logic=OR&amp;text=&amp;nr_to_return=200&amp;start_nr=1&amp;jou_pick=ALL&amp;ref_stems=&amp;data_and=ALL&amp;group_and=ALL&amp;start_entry_day=&amp;start_entry_mon=&amp;start_entry_year=&amp;end_entry_day=&amp;end_entry_mon=&amp;end_entry_year=&amp;min_score=&amp;sort=SCORE&amp;data_type=SHORT&amp;aut_syn=YES&amp;ttl_syn=YES&amp;txt_syn=YES&amp;aut_wt=1.0&amp;obj_wt=1.0&amp;ttl_wt=0.3&amp;txt_wt=3.0&amp;aut_wgt=YES&amp;obj_wgt=YES&amp;ttl_wgt=YES&amp;txt_wgt=YES&amp;ttl_sco=YES&amp;txt_sco=YES&amp;version=1\">Publications<\/a><\/p>\n<p>&nbsp;<\/p>\n<p><strong><span style=\"color: #333399\"><a href=\"https:\/\/blogs.ua.es\/xragua\/files\/2018\/02\/foto_graciela.jpg\"><img loading=\"lazy\" decoding=\"async\" class=\"wp-image-358 alignleft\" src=\"https:\/\/blogs.ua.es\/xragua\/files\/2018\/02\/foto_graciela-300x300.jpg\" alt=\"\" width=\"85\" height=\"85\" srcset=\"https:\/\/blogs.ua.es\/xragua\/files\/2018\/02\/foto_graciela-300x300.jpg 300w, https:\/\/blogs.ua.es\/xragua\/files\/2018\/02\/foto_graciela-290x290.jpg 290w, https:\/\/blogs.ua.es\/xragua\/files\/2018\/02\/foto_graciela.jpg 421w\" sizes=\"auto, (max-width: 85px) 100vw, 85px\" \/><\/a>Dr. Graciela Sanjurjo Ferr\u00edn<\/span>, Postdoctoral Researcher<br \/>\n<\/strong><span style=\"color: #993300\">E-mail:<\/span> graciela at sanal dot es<strong><br \/>\n<\/strong><span style=\"color: #993300\">Telephone:<\/span> +34 965 90 3400 x 2006<strong><br \/>\n<\/strong><a href=\"http:\/\/cdsads.u-strasbg.fr\/cgi-bin\/nph-abs_connect?db_key=AST&amp;db_key=PRE&amp;qform=AST&amp;arxiv_sel=astro-ph&amp;arxiv_sel=cond-mat&amp;arxiv_sel=cs&amp;arxiv_sel=gr-qc&amp;arxiv_sel=hep-ex&amp;arxiv_sel=hep-lat&amp;arxiv_sel=hep-ph&amp;arxiv_sel=hep-th&amp;arxiv_sel=math&amp;arxiv_sel=math-ph&amp;arxiv_sel=nlin&amp;arxiv_sel=nucl-ex&amp;arxiv_sel=nucl-th&amp;arxiv_sel=physics&amp;arxiv_sel=quant-ph&amp;arxiv_sel=q-bio&amp;sim_query=YES&amp;ned_query=YES&amp;adsobj_query=YES&amp;aut_logic=OR&amp;obj_logic=OR&amp;author=sanjurjo%2C+g.&amp;object=&amp;start_mon=&amp;start_year=&amp;end_mon=&amp;end_year=&amp;ttl_logic=OR&amp;title=&amp;txt_logic=OR&amp;text=&amp;nr_to_return=200&amp;start_nr=1&amp;jou_pick=ALL&amp;ref_stems=&amp;data_and=ALL&amp;group_and=ALL&amp;start_entry_day=&amp;start_entry_mon=&amp;start_entry_year=&amp;end_entry_day=&amp;end_entry_mon=&amp;end_entry_year=&amp;min_score=&amp;sort=SCORE&amp;data_type=SHORT&amp;aut_syn=YES&amp;ttl_syn=YES&amp;txt_syn=YES&amp;aut_wt=1.0&amp;obj_wt=1.0&amp;ttl_wt=0.3&amp;txt_wt=3.0&amp;aut_wgt=YES&amp;obj_wgt=YES&amp;ttl_wgt=YES&amp;txt_wgt=YES&amp;ttl_sco=YES&amp;txt_sco=YES&amp;version=1\">Publications<\/a><\/p>\n<p>&nbsp;<\/p>\n<p><strong><a href=\"http:\/\/www.obrimed.es\/j02\/observatorio.html\">Rub<\/a><\/strong><strong><a href=\"http:\/\/www.obrimed.es\/j02\/observatorio.html\">\u00e9<\/a><\/strong><strong><a href=\"https:\/\/blogs.ua.es\/xragua\/files\/2020\/05\/Ruben_Garcia_Lozano_compress.jpeg\"><img loading=\"lazy\" decoding=\"async\" class=\"alignleft wp-image-480\" src=\"https:\/\/blogs.ua.es\/xragua\/files\/2020\/05\/Ruben_Garcia_Lozano_compress-290x290.jpeg\" alt=\"\" width=\"102\" height=\"68\" srcset=\"https:\/\/blogs.ua.es\/xragua\/files\/2020\/05\/Ruben_Garcia_Lozano_compress-300x200.jpeg 300w, https:\/\/blogs.ua.es\/xragua\/files\/2020\/05\/Ruben_Garcia_Lozano_compress-1024x682.jpeg 1024w, https:\/\/blogs.ua.es\/xragua\/files\/2020\/05\/Ruben_Garcia_Lozano_compress-768x512.jpeg 768w, https:\/\/blogs.ua.es\/xragua\/files\/2020\/05\/Ruben_Garcia_Lozano_compress-1536x1023.jpeg 1536w, https:\/\/blogs.ua.es\/xragua\/files\/2020\/05\/Ruben_Garcia_Lozano_compress-450x300.jpeg 450w, https:\/\/blogs.ua.es\/xragua\/files\/2020\/05\/Ruben_Garcia_Lozano_compress.jpeg 1600w\" sizes=\"auto, (max-width: 102px) 100vw, 102px\" \/><\/a><\/strong><strong><a href=\"http:\/\/www.obrimed.es\/j02\/meteo\/BUSOT.html\">n Garc\u00eda Lozano<\/a><\/strong>, <strong>Director of Busot Astronomy Observatory<\/strong>, <strong>Associate lecturer, PhD student &amp; Civil Engineer<\/strong><br \/>\nE-mail: ruben dot garcialozano at ua dot es; ruben at obrimed dot es<br \/>\nTelephone: +34 965 90 3400 x 2006<br \/>\n<a href=\"http:\/\/cdsads.u-strasbg.fr\/cgi-bin\/nph-abs_connect?db_key=AST&amp;db_key=PRE&amp;qform=AST&amp;arxiv_sel=astro-ph&amp;arxiv_sel=cond-mat&amp;arxiv_sel=cs&amp;arxiv_sel=gr-qc&amp;arxiv_sel=hep-ex&amp;arxiv_sel=hep-lat&amp;arxiv_sel=hep-ph&amp;arxiv_sel=hep-th&amp;arxiv_sel=math&amp;arxiv_sel=math-ph&amp;arxiv_sel=nlin&amp;arxiv_sel=nucl-ex&amp;arxiv_sel=nucl-th&amp;arxiv_sel=physics&amp;arxiv_sel=quant-ph&amp;arxiv_sel=q-bio&amp;sim_query=YES&amp;ned_query=YES&amp;adsobj_query=YES&amp;aut_logic=OR&amp;obj_logic=OR&amp;author=garcia+lozano%2C+r.&amp;object=&amp;start_mon=&amp;start_year=&amp;end_mon=&amp;end_year=&amp;ttl_logic=OR&amp;title=&amp;txt_logic=OR&amp;text=&amp;nr_to_return=200&amp;start_nr=1&amp;jou_pick=ALL&amp;ref_stems=&amp;data_and=ALL&amp;group_and=ALL&amp;start_entry_day=&amp;start_entry_mon=&amp;start_entry_year=&amp;end_entry_day=&amp;end_entry_mon=&amp;end_entry_year=&amp;min_score=&amp;sort=SCORE&amp;data_type=SHORT&amp;aut_syn=YES&amp;ttl_syn=YES&amp;txt_syn=YES&amp;aut_wt=1.0&amp;obj_wt=1.0&amp;ttl_wt=0.3&amp;txt_wt=3.0&amp;aut_wgt=YES&amp;obj_wgt=YES&amp;ttl_wgt=YES&amp;txt_wgt=YES&amp;ttl_sco=YES&amp;txt_sco=YES&amp;version=1\">Publications<\/a><\/p>\n<p>&nbsp;<\/p>\n<p><strong>Former members:<\/strong><\/p>\n<p><strong><a href=\"https:\/\/blogs.ua.es\/xragua\/files\/2018\/02\/foto-maria.jpg\"><img loading=\"lazy\" decoding=\"async\" class=\"alignleft wp-image-360\" src=\"https:\/\/blogs.ua.es\/xragua\/files\/2018\/02\/foto-maria-236x300.jpg\" alt=\"\" width=\"67\" height=\"85\" srcset=\"https:\/\/blogs.ua.es\/xragua\/files\/2018\/02\/foto-maria-236x300.jpg 236w, https:\/\/blogs.ua.es\/xragua\/files\/2018\/02\/foto-maria.jpg 245w\" sizes=\"auto, (max-width: 67px) 100vw, 67px\" \/><\/a>Dr. Mar\u00eda Mart\u00ednez Chicharro, Associate lecturer &amp; researcher<br \/>\n<\/strong>E-mail:<strong><br \/>\n<\/strong>Telephone: +34 965 90 3400 x 2006<strong><br \/>\n<\/strong><a href=\"http:\/\/cdsads.u-strasbg.fr\/cgi-bin\/nph-abs_connect?db_key=AST&amp;db_key=PRE&amp;qform=AST&amp;arxiv_sel=astro-ph&amp;arxiv_sel=cond-mat&amp;arxiv_sel=cs&amp;arxiv_sel=gr-qc&amp;arxiv_sel=hep-ex&amp;arxiv_sel=hep-lat&amp;arxiv_sel=hep-ph&amp;arxiv_sel=hep-th&amp;arxiv_sel=math&amp;arxiv_sel=math-ph&amp;arxiv_sel=nlin&amp;arxiv_sel=nucl-ex&amp;arxiv_sel=nucl-th&amp;arxiv_sel=physics&amp;arxiv_sel=quant-ph&amp;arxiv_sel=q-bio&amp;sim_query=YES&amp;ned_query=YES&amp;adsobj_query=YES&amp;aut_logic=OR&amp;obj_logic=OR&amp;author=martinez+chicharro%2C+m.&amp;object=&amp;start_mon=&amp;start_year=&amp;end_mon=&amp;end_year=&amp;ttl_logic=OR&amp;title=&amp;txt_logic=OR&amp;text=&amp;nr_to_return=200&amp;start_nr=1&amp;jou_pick=ALL&amp;ref_stems=&amp;data_and=ALL&amp;group_and=ALL&amp;start_entry_day=&amp;start_entry_mon=&amp;start_entry_year=&amp;end_entry_day=&amp;end_entry_mon=&amp;end_entry_year=&amp;min_score=&amp;sort=SCORE&amp;data_type=SHORT&amp;aut_syn=YES&amp;ttl_syn=YES&amp;txt_syn=YES&amp;aut_wt=1.0&amp;obj_wt=1.0&amp;ttl_wt=0.3&amp;txt_wt=3.0&amp;aut_wgt=YES&amp;obj_wgt=YES&amp;ttl_wgt=YES&amp;txt_wgt=YES&amp;ttl_sco=YES&amp;txt_sco=YES&amp;version=1\">Publications<\/a><\/p>\n<p>&nbsp;<\/p>\n<p><span style=\"color: #333399\"><strong><a href=\"https:\/\/blogs.ua.es\/xragua\/files\/2012\/12\/SMartinez.jpg\"><img loading=\"lazy\" decoding=\"async\" class=\"alignleft wp-image-123\" src=\"https:\/\/blogs.ua.es\/xragua\/files\/2012\/12\/SMartinez.jpg\" alt=\"\" width=\"59\" height=\"77\" \/><\/a>Dr. <a href=\"https:\/\/ifca.unican.es\/es-es\/member?exp=102\">Silvia Mart\u00ednez N\u00fa\u00f1ez<\/a> (<em>currently at Institute of Physics of Cantabria<\/em>, <a href=\"https:\/\/ifca.unican.es\/en-us\/about-ifca\/Presentation\">IFCA<\/a>)<\/strong><\/span><br \/>\n<span style=\"color: #993300\">E-mail<\/span><strong>:<\/strong> smartinez at ifca dot unican dot es<br \/>\n<span style=\"color: #993300\">Telephone<\/span>: +34 965 90 3400 x 2006<br \/>\n<a href=\"https:\/\/ui.adsabs.harvard.edu\/search\/p_=0&amp;q=%20author%3A%22martinez-nunez%2Cs.%22&amp;sort=date%20desc%2C%20bibcode%20desc\">Publications<\/a><\/p>\n<p>&nbsp;<\/p>\n<p><span style=\"color: #333399\"><strong><a href=\"https:\/\/blogs.ua.es\/xragua\/files\/2012\/12\/angel.jpg\"><img loading=\"lazy\" decoding=\"async\" class=\"alignleft wp-image-124\" src=\"https:\/\/blogs.ua.es\/xragua\/files\/2012\/12\/angel.jpg\" alt=\"\" width=\"61\" height=\"76\" \/><\/a>Dr. <a href=\"https:\/\/www.bc3research.org\/angel_gimenez\">\u00c1ngel Gim\u00e9nez Garc\u00eda<\/a> (currently at <em>Basque Centre for Climate Change<\/em>, <a href=\"https:\/\/www.bc3research.org\/\">BC3<\/a>)<\/strong><\/span><br \/>\n<span style=\"color: #993300\">E-mail<\/span>: angel dot gimenez at bc3research dot org<br \/>\n<span style=\"color: #993300\">Telephone<\/span>: +34 965 90 3400 x 2006<br \/>\n<a href=\"https:\/\/ui.adsabs.harvard.edu\/search\/q=%20author%3A%22Gimenez%20Garcia%2C%20A%22&amp;sort=date%20desc%2C%20bibcode%20desc&amp;p_=0\">Publications<\/a><\/p>\n<p>&nbsp;<\/p>\n<p><strong>Pablo Eleazar Merino Alonso, Engineer (currently at UPM)<br \/>\n<\/strong>E-mail:<strong><br \/>\n<\/strong>Telephone: +34 965 90 3400 x 2006<strong><br \/>\n<\/strong>Publications<\/p>\n<p><strong>Collaborators:<\/strong><\/p>\n<p>&nbsp;<\/p>\n<p>&nbsp;<\/p>\n<p>&nbsp;<\/p>\n<p><strong><span style=\"color: #000080\">\u00a0<\/span><\/strong><\/p>\n","protected":false},"excerpt":{"rendered":"<p>Prof. Jos\u00e9 Miguel Torrej\u00f3n V\u00e1zquez E-mail: jmt at ua dot es Telephone: +34 965 90 9580 Publications &nbsp; Prof. Jos\u00e9 Guillermo Bernab\u00e9u Pastor (22-11-22) E-mail: bernabeu at ua dot es Telephone: +34 965 90 3400 x 3389 Publications &nbsp; Dr. &hellip; <a href=\"https:\/\/blogs.ua.es\/xragua\/team\/\">Continue reading <span class=\"meta-nav\">&rarr;<\/span><\/a><\/p>\n","protected":false},"author":2285,"featured_media":0,"parent":0,"menu_order":0,"comment_status":"open","ping_status":"open","template":"","meta":{"footnotes":""},"class_list":["post-19","page","type-page","status-publish","hentry"],"_links":{"self":[{"href":"https:\/\/blogs.ua.es\/xragua\/wp-json\/wp\/v2\/pages\/19","targetHints":{"allow":["GET"]}}],"collection":[{"href":"https:\/\/blogs.ua.es\/xragua\/wp-json\/wp\/v2\/pages"}],"about":[{"href":"https:\/\/blogs.ua.es\/xragua\/wp-json\/wp\/v2\/types\/page"}],"author":[{"embeddable":true,"href":"https:\/\/blogs.ua.es\/xragua\/wp-json\/wp\/v2\/users\/2285"}],"replies":[{"embeddable":true,"href":"https:\/\/blogs.ua.es\/xragua\/wp-json\/wp\/v2\/comments?post=19"}],"version-history":[{"count":53,"href":"https:\/\/blogs.ua.es\/xragua\/wp-json\/wp\/v2\/pages\/19\/revisions"}],"predecessor-version":[{"id":593,"href":"https:\/\/blogs.ua.es\/xragua\/wp-json\/wp\/v2\/pages\/19\/revisions\/593"}],"wp:attachment":[{"href":"https:\/\/blogs.ua.es\/xragua\/wp-json\/wp\/v2\/media?parent=19"}],"curies":[{"name":"wp","href":"https:\/\/api.w.org\/{rel}","templated":true}]}}