{"id":270,"date":"2018-02-23T11:53:44","date_gmt":"2018-02-23T10:53:44","guid":{"rendered":"https:\/\/blogs.ua.es\/xragua\/?page_id=270"},"modified":"2018-02-23T11:53:44","modified_gmt":"2018-02-23T10:53:44","slug":"outdated-news","status":"publish","type":"page","link":"https:\/\/blogs.ua.es\/xragua\/news\/outdated-news\/","title":{"rendered":"Outdated news"},"content":{"rendered":"<p>Former visits.<\/p>\n<ul style=\"text-align: justify\">\n<li>The <a title=\"Welcome to the blog site of the X-ray Astronomy Group!\" href=\"https:\/\/blogs.ua.es\/xragua\/2013\/03\/21\/58\/\">X-ray Astronomy group of Alicante University<\/a> is going to organise the video-streaming seminar , <a title=\"Abstract.pdf\" href=\"https:\/\/blogs.ua.es\/xragua\/files\/2014\/11\/tmihara_seminar.pdf\" target=\"_blank\" rel=\"noopener\">\u201cMAXI mission: a useful tool for X-ray astronomers\u201d<\/a> by Prof. Mihara-san (<a title=\"MAXI\" href=\"http:\/\/maxi.riken.jp\/top\/\">Institute of Physical and Chemical Research<\/a>, <a href=\"http:\/\/www.riken.jp\/en\/research\/labs\/grc\/space_obs_exp\/maxi\/\">RIKEN<\/a>, Japan), on Thursday 11th of December 2014 from 11:30h to 13:00h (Aula 13. Taller Imagen. Universidad Alicante).\u00a0 Enjoy the seminar!<\/li>\n<\/ul>\n\n<ul style=\"text-align: justify\">\n<li>The <a title=\"Welcome to the blog site of the X-ray Astronomy Group!\" href=\"https:\/\/blogs.ua.es\/xragua\/2013\/03\/21\/58\/\">X-ray Astronomy group of Alicante University<\/a> has organised the video-streaming seminar , <a title=\"Abstract.pdf\" href=\"https:\/\/blogs.ua.es\/xragua\/files\/2013\/03\/seminarNl.pdf\" target=\"_blank\" rel=\"noopener\">\u201cObservational Techniques in X-Ray and Gamma-Ray Astronomy\u201d<\/a> by Prof. Niels Lund (Denmark Technical University), on Tuesday 16th of April 2012 from 11h to 13h (Aula 12. Taller Imagen. Universidad Alicante).\u00a0 Enjoy the seminar !<\/li>\n<\/ul>\n<p style=\"text-align: justify\"> <iframe src=\"https:\/\/vertice.cpd.ua.es\/55585?iframef=1&vrtapp=blogsua\" style=\"display:block; width:610px; height:406.66666666667px;\" frameBorder=\"0\"  scrolling=\"no\" allowfullscreen>iframes no soportados en este navegador<\/iframe> <\/p>\n<ul style=\"text-align: justify\">\n<li>18-22 February 2013: The <a href=\"https:\/\/blogs.ua.es\/xragua\"><strong>X-ray Astronomy Group<\/strong><\/a> has organised (Team leader: <strong>Silvia Mart\u00ednez N\u00fa\u00f1ez<\/strong>)\u00a0 the meeting &#8220;<a href=\"http:\/\/www.issibern.ch\/teams\/stellarwind\/\">Unified View of Stellar Winds in Massive X-ray Binaries<\/a>&#8221; at <span style=\"color: #333399\"><strong>International Space Science Institute<\/strong><\/span> (<a href=\"http:\/\/www.issibern.ch\/\">ISSI<\/a>).<\/li>\n<\/ul>\n<ul style=\"text-align: justify\">\n<li>5-7 February 2013: <strong><span style=\"color: #333399\">Virtual Observatory<\/span><\/strong> (<a href=\"http:\/\/svo.cab.inta-csic.es\/main\/index.php\">VO<\/a>) <a href=\"http:\/\/www.laeff.cab.inta-csic.es\/projects\/cosadie\/main\/index.php\">school<\/a> at the <a href=\"http:\/\/cab.inta-csic.es\/en\/inicio\">Centro de Astrobiolog\u00eda<\/a>, Madrid, Spain (deadline for workshop registration: 21 December 2012).<\/li>\n<\/ul>\n<ul style=\"text-align: justify\">\n<li>November 2012: Every year, our group provides a short number of talks for students, educators, and the general public to learn about the universe. The programme of this year is <a href=\"http:\/\/web.ua.es\/en\/sedealicante\/program-activities\/2012-2013\/days\/12th-conference-on-dissemination-of-astronomy-second-part.html\">here<\/a>.<\/li>\n<\/ul>\n<ul style=\"text-align: justify\">\n<li>The <strong><a href=\"http:\/\/astro.ua.es\/\">X-ray Astronomy Group<\/a><\/strong> collaborated in the events of &#8220;<a href=\"http:\/\/u4.cesga.es\/web_U4.htm\">One University, One Universe<\/a>&#8221; programme in Alicante, as a part of the <a href=\"http:\/\/www.astronomy2009.org\/\"><span style=\"color: #000080\"><strong>International Year of Astronomy<\/strong><\/span><\/a> (IYA 2009).<\/li>\n<\/ul>\n","protected":false},"excerpt":{"rendered":"<p>Former visits. The X-ray Astronomy group of Alicante University is going to organise the video-streaming seminar , \u201cMAXI mission: a useful tool for X-ray astronomers\u201d by Prof. Mihara-san (Institute of Physical and Chemical Research, RIKEN, Japan), on Thursday 11th of &hellip; <a href=\"https:\/\/blogs.ua.es\/xragua\/news\/outdated-news\/\">Continue reading <span class=\"meta-nav\">&rarr;<\/span><\/a><\/p>\n","protected":false},"author":2285,"featured_media":0,"parent":2,"menu_order":0,"comment_status":"closed","ping_status":"closed","template":"","meta":{"footnotes":""},"class_list":["post-270","page","type-page","status-publish","hentry"],"_links":{"self":[{"href":"https:\/\/blogs.ua.es\/xragua\/wp-json\/wp\/v2\/pages\/270","targetHints":{"allow":["GET"]}}],"collection":[{"href":"https:\/\/blogs.ua.es\/xragua\/wp-json\/wp\/v2\/pages"}],"about":[{"href":"https:\/\/blogs.ua.es\/xragua\/wp-json\/wp\/v2\/types\/page"}],"author":[{"embeddable":true,"href":"https:\/\/blogs.ua.es\/xragua\/wp-json\/wp\/v2\/users\/2285"}],"replies":[{"embeddable":true,"href":"https:\/\/blogs.ua.es\/xragua\/wp-json\/wp\/v2\/comments?post=270"}],"version-history":[{"count":3,"href":"https:\/\/blogs.ua.es\/xragua\/wp-json\/wp\/v2\/pages\/270\/revisions"}],"predecessor-version":[{"id":369,"href":"https:\/\/blogs.ua.es\/xragua\/wp-json\/wp\/v2\/pages\/270\/revisions\/369"}],"up":[{"embeddable":true,"href":"https:\/\/blogs.ua.es\/xragua\/wp-json\/wp\/v2\/pages\/2"}],"wp:attachment":[{"href":"https:\/\/blogs.ua.es\/xragua\/wp-json\/wp\/v2\/media?parent=270"}],"curies":[{"name":"wp","href":"https:\/\/api.w.org\/{rel}","templated":true}]}}