{"id":371,"date":"2018-04-19T08:27:08","date_gmt":"2018-04-19T07:27:08","guid":{"rendered":"https:\/\/blogs.ua.es\/xragua\/?page_id=371"},"modified":"2020-09-27T16:50:23","modified_gmt":"2020-09-27T15:50:23","slug":"x-ray-group-in-the-media","status":"publish","type":"page","link":"https:\/\/blogs.ua.es\/xragua\/news\/x-ray-group-in-the-media\/","title":{"rendered":"X-ray astronomy group in the media"},"content":{"rendered":"<p style=\"text-align: center\"><strong><span style=\"color: #000080\">X-ray Astronomy Group in the media<\/span><\/strong><\/p>\n<ul>\n<li>November 2019: <strong><a href=\"https:\/\/riastronomia.es\/en\/spanish-x-ray-astronomy-2019-present-future-and-synergies-2\/\">Spanish X-ray Astronomy 2019: present, future and synergies at UA<\/a><\/strong>\n<ul>\n<li><strong>UA News<\/strong> (<a href=\"https:\/\/web.ua.es\/va\/actualidad-universitaria\/2019\/novembre19\/18-24\/experts-internacionals-en-astronomia-de-raigs-x-presenten-els-seus-resultats-cientifics-i-missions-espacials-en-la-universitat-d-alacant.html\">valenci\u00e0<\/a>, <a href=\"https:\/\/web.ua.es\/es\/actualidad-universitaria\/2019\/noviembre19\/18-24\/expertos-internacionales-en-astronomia-de-rayos-x-presentan-sus-resultados-cientificos-y-misiones-espaciales-en-la-universidad-de-alicante.html\">castellano<\/a>) (22-11-2019)<\/li>\n<li><strong>UA News<\/strong> (<a href=\"https:\/\/web.ua.es\/va\/actualidad-universitaria\/2019\/novembre19\/11-17\/transit-de-mercuri-a-la-universitat-d-alacant.html\">valenci\u00e0<\/a>, <a href=\"https:\/\/web.ua.es\/es\/actualidad-universitaria\/2019\/noviembre19\/11-17\/transito-de-mercurio-en-la-universidad-de-alicante.html\">castellano<\/a>) (26-11-2019)<\/li>\n<li><a href=\"https:\/\/www.diarioinformacion.com\/universidad\/2019\/11\/26\/expertos-internacionales-astronomia-rayos-x\/2210013.html\">Diario Informaci\u00f3n (castellano)<\/a><\/li>\n<li><a href=\"https:\/\/www.diarioinformacion.com\/universidad\/2019\/11\/26\/esconden-agujeros-negros-explosion-estrellas\/2210299.html\">Diario Informaci\u00f3n (castellano)<\/a><\/li>\n<li>Diario Informaci\u00f3n (castellano, <a href=\"https:\/\/www.diarioinformacion.com\/universidad\/2019\/11\/27\/cerebros-nacionales-astrofisica\/2210510.html\">s\u00f3lo suscriptores<\/a>)<\/li>\n<li><a href=\"https:\/\/novaciencia.es\/la-ua-se-convierte-esta-semana-en-la-capital-de-la-astrofisica-de-rayos-x\/\">Nova Ciencia<\/a><\/li>\n<li><a href=\"https:\/\/alicantepress.com\/art\/43820\/misiones-espaciales-en-la-universidad-de-alicante\">Alicantepress<\/a><\/li>\n<\/ul>\n<\/li>\n<li>November 2019: <strong><a href=\"https:\/\/blogs.ua.es\/xragua\/2019\/11\/04\/mercury-transit-2019\/\">Mercury transit observations at UA<\/a><\/strong>\n<ul>\n<li><strong>UA News<\/strong> (<a href=\"https:\/\/web.ua.es\/va\/actualidad-universitaria\/2019\/novembre19\/1-10\/observacio-publica-en-la-universitat-d-alacant-amb-motiu-del-transit-de-mercuri.html\">valenci\u00e0<\/a>, <a href=\"https:\/\/web.ua.es\/en\/actualidad-universitaria\/2019\/noviembre19\/1-10\/observacion-publica-en-la-universidad-de-alicante-con-motivo-del-transito-de-mercurio.html\">castellano<\/a>) (8-11-2019)<\/li>\n<li><strong>UA News<\/strong> (<a href=\"https:\/\/web.ua.es\/va\/actualidad-universitaria\/2019\/novembre19\/11-17\/transit-de-mercuri-a-la-universitat-d-alacant.html\">valenci\u00e0<\/a>, <a href=\"https:\/\/web.ua.es\/es\/actualidad-universitaria\/2019\/noviembre19\/11-17\/transito-de-mercurio-en-la-universidad-de-alicante.html\">castellano<\/a>) (11-11-2019)<\/li>\n<li><a href=\"https:\/\/www.sea-astronomia.es\/observacion-publica-del-transito-de-mercurio\">Spanish Astronomical Society<\/a><\/li>\n<li><a href=\"https:\/\/www.diarioinformacion.com\/universidad\/2019\/11\/08\/observacion-publica-universidad-alicante-motivo\/2204773.html\">Diario Informaci\u00f3n (castellano)<\/a> (8-11-2019)<\/li>\n<li><a href=\"https:\/\/www.diarioinformacion.com\/universidad\/2019\/11\/12\/pequeno-mercurio-sol\/2205715.html\">Diario Informaci\u00f3n (castellano<\/a>, <a href=\"https:\/\/afondo.diarioinformacion.com\/sociedad\/transito-mercurio-sol-observacion-ua.html?_ga=2.173002211.1766886076.1589397208-1100815876.1582739516\">s\u00f3lo suscriptores<\/a>) (12-11-2019)<\/li>\n<li><a href=\"https:\/\/www.lavanguardia.com\/ciencia\/20191110\/471455883513\/como-ver-transito-mercurio.html\">La vanguardia (castellano)<\/a><\/li>\n<li><a href=\"https:\/\/novaciencia.es\/la-umh-y-la-ua-organizan-observaciones-con-motivo-del-transito-de-mercurio\/\">Nova Ciencia (castellano)<\/a><\/li>\n<li><a href=\"https:\/\/cl.glbnews.com\/11-2019\/52781389445206\/\">Global News (castellano)<\/a><\/li>\n<\/ul>\n<\/li>\n<li>November 2018: <a href=\"http:\/\/webserver.javalab.ua.es\/ahead\/content\/athena-multi-messenger-workshop\"><strong>The Athena Multi-messenger and High Energy Astrophysics Synergy Workshop (AMHEAS) at UA<\/strong><\/a>\n<ul>\n<li><strong>UA News<\/strong> (<a href=\"https:\/\/web.ua.es\/va\/actualidad-universitaria\/2018\/novembre18\/26-30\/experts-en-astrofisica-de-tot-europa-i-dels-eua-es-reuneixen-a-la-universitat-d-alacant-per-a-tractar-el-futur-de-la-missio-athena.html\">valenci\u00e0<\/a>, <a href=\"https:\/\/web.ua.es\/es\/actualidad-universitaria\/2018\/noviembre18\/26-30\/expertos-en-astrofisica-de-toda-europa-y-eeuu-se-reunen-en-la-universidad-de-alicante-para-abordar-el-futuro-de-la-mision-athena.html\">castellano<\/a>, <a href=\"https:\/\/web.ua.es\/en\/actualidad-universitaria\/2018\/noviembre18\/26-30\/astrophysics-experts-from-all-over-europe-and-the-us-meet-at-the-university-of-alicante-to-discuss-the-future-of-the-athena-mission.html\">English<\/a>)<\/li>\n<li><a href=\"https:\/\/www.diarioinformacion.com\/universidad\/2018\/11\/28\/mision-athena-posibilitara-tecnologia-rayos\/2091333.html\">Diario Informaci\u00f3n (castellano)<\/a><\/li>\n<li><a href=\"https:\/\/alicantepress.com\/art\/39470\/astrofisicos-se-reunen-en-la-ua-para-abordar-la-mision-athena\">Alicante Press (castellano)<\/a><\/li>\n<li><a href=\"https:\/\/novaciencia.es\/el-futuro-del-proyecto-de-telescopio-espacial-athena-se-debate-estos-dias-en-la-ua\/\">Nova Ciencia (castellano)<\/a><\/li>\n<li><a href=\"http:\/\/ruvid.org\/wordpress\/?p=44292\">Ruvid (Actualidad)<\/a><\/li>\n<\/ul>\n<\/li>\n<li>February 2018: <strong>New method designed by UA researchers to identify neutron stars &#8220;in disguise&#8221;<\/strong><strong><br \/>\n<\/strong><\/p>\n<ul>\n<li><a href=\"https:\/\/web.ua.es\/en\/actualidad-universitaria\/2018\/febrero18\/19-25\/new-method-designed-by-ua-researchers-to-identify-neutron-stars-in-disguise.html\"><strong>UA News<\/strong><\/a> (<a href=\"https:\/\/web.ua.es\/va\/actualidad-universitaria\/2018\/febrer18\/19-25\/investigadors-de-la-ua-creen-un-nou-metode-per-a-identificar-estrelles-de-neutrons-camuflades.html\">valenci\u00e0<\/a>, <a href=\"https:\/\/web.ua.es\/es\/actualidad-universitaria\/2018\/febrero18\/19-25\/investigadores-de-la-ua-crean-un-nuevo-metodo-para-identificar-estrellas-de-neutrones-camufladas.html\">castellano<\/a>)<\/li>\n<li><a href=\"https:\/\/www.efe.com\/efe\/comunitat-valenciana\/sociedad\/crean-un-nuevo-metodo-para-identificar-estrellas-de-neutrones-camufladas\/50000880-3526022\">Agencia EFE (castellano)<\/a><\/li>\n<li><a href=\"http:\/\/www.efefuturo.com\/noticia\/astronomos-u-alicante-logran-metodo-identificar-estrellas-neutrones-camufladas\/\">EFE FUTURO (castellano)<\/a><\/li>\n<li><a href=\"http:\/\/www.lavanguardia.com\/vida\/20180218\/44883298909\/crean-un-nuevo-metodo-para-identificar-estrellas-de-neutrones-camufladas.html\">La Vanguardia (castellano)<\/a><\/li>\n<li><a href=\"http:\/\/www.elcorreogallego.es\/tendencias\/ecg\/un-nuevo-metodo-permite-identificar-estrellas-neutrones-camufladas\/idEdicion-2018-02-19\/idNoticia-1100588\/\">El Correo Gallego (castellano)<\/a><\/li>\n<li><a href=\"https:\/\/www.20minutos.es\/noticia\/3265271\/0\/nuevo-metodo-identificar-estrellas-neutrones-camufladas\/\">20 minutos (castellano)<\/a><\/li>\n<li><a href=\"http:\/\/www.diariodeleon.es\/noticias\/sociedad\/crean-metodo-ver-estrellas-neutrones_1228167.html\">Diario de Le\u00f3n (castellano)<\/a><\/li>\n<li><a href=\"https:\/\/www.lainformacion.com\/tecnologia\/crean-un-nuevo-metodo-para-identificar-estrellas-de-neutrones-camufladas\/6342436\">La Informaci\u00f3n (castellano)<\/a><\/li>\n<li><a href=\"http:\/\/www.abc.es\/espana\/comunidad-valenciana\/abci-universidad-alicante-nuevo-sistema-para-identificar-falsos-agujeros-negros-estrellas-neutrones-201802181149_noticia.html\">ABC (castellano)<\/a><\/li>\n<\/ul>\n<\/li>\n<li>November 2017: <a href=\"http:\/\/webserver.javalab.ua.es\/ahead\/content\/ahead-high-resolution-x-ray-astronomy-school\"><strong>AHEAD High Resolution X-ray Astronomy School at UA<\/strong><\/a>\n<ul>\n<li><strong>UA News<\/strong> (<a href=\"https:\/\/web.ua.es\/va\/actualidad-universitaria\/2017\/novembre17\/6-12\/la-ua-es-converteix-en-escola-de-rajos-x-amb-experts-de-prestigiosos-centres-d-investigacio-europeus-dels-eua-i-el-japo.html\">valenci\u00e0<\/a>, <a href=\"https:\/\/web.ua.es\/en\/actualidad-universitaria\/2017\/noviembre17\/6-12\/la-ua-se-convierte-en-escuela-de-rayos-x-con-expertos-de-prestigiosos-centros-de-investigacion-europeos-de-usa-y-japon.html\">castellano<\/a>)<\/li>\n<li><a href=\"http:\/\/www.diarioinformacion.com\/universidad\/2017\/11\/14\/ua-convierte-escuela-rayos-x\/1957112.html\">Diario Informaci\u00f3n (castellano<\/a>, <a href=\"http:\/\/www.diarioinformacion.com\/universidad\/2017\/11\/15\/ano-lanzamiento-guayana-francesa\/1957661.html\">s\u00f3lo suscriptores<\/a>)<\/li>\n<li><a href=\"http:\/\/ruvid.org\/wordpress\/?p=36119\">Ruvid (Actualidad)<\/a><\/li>\n<\/ul>\n<\/li>\n<li>December 2016: <strong>University of Alicante helps solve an enigma in the solar system neigbourhood<\/strong>\n<ul>\n<li><a href=\"https:\/\/web.ua.es\/en\/actualidad-universitaria\/2016\/diciembre16\/19-25\/university-of-alicante-helps-solve-an-enigma-in-the-solar-system-neighbourhood.html\"><strong>UA News<\/strong><\/a> (<a href=\"https:\/\/web.ua.es\/va\/actualidad-universitaria\/2016\/desembre16\/19-25\/la-universitat-d-alacant-ajuda-a-resoldre-un-enigma-en-el-veinatge-del-sistema-solar.html\">valenci\u00e0<\/a>, <a href=\"https:\/\/web.ua.es\/es\/actualidad-universitaria\/2016\/diciembre16\/19-25\/la-universidad-de-alicante-ayuda-a-resolver-un-enigma-en-la-vecindad-del-sistema-solar.html\">castellano<\/a>)<\/li>\n<li><a href=\"http:\/\/www.diarioinformacion.com\/sociedad\/2016\/12\/18\/profesor-ua-ayuda-resolver-enigma\/1840686.html\">Diario Informaci\u00f3n (castellano)<\/a><\/li>\n<\/ul>\n<\/li>\n<li>February 2015: <strong>UA researchers in the ESA&#8217;s project Athena<\/strong>\n<ul>\n<li><strong>UA News<\/strong> (<a href=\"https:\/\/web.ua.es\/va\/actualidad-universitaria\/2015\/febrer2015\/febrer2015-23-28\/investigadors-de-la-ua-participen-en-athena-el-proxim-gran-observatori-de-raigs-x-de-l-agencia-espacial-europea.html\">valenci\u00e0<\/a>, <a href=\"https:\/\/web.ua.es\/es\/actualidad-universitaria\/2015\/febrero2015\/febrero2015-23-28\/investigadores-de-la-ua-participan-en-athena-el-proximo-gran-observatorio-de-rayos-x-de-la-agencia-espacial-europea.html\">castellano<\/a>)<\/li>\n<li><a href=\"http:\/\/www.diarioinformacion.com\/cultura\/2015\/02\/23\/ua-participa-revolucionario-aparato-rayos\/1602155.html\">Diario Informaci\u00f3n (castellano<\/a>)<\/li>\n<li><a href=\"https:\/\/www.abc.es\/local-alicante\/20150222\/abci-cientificos-alicantinos-telescopio-nasa-201502221803.html\">ABC (castellano<\/a>)<\/li>\n<\/ul>\n<\/li>\n<li>December 2014: <strong>UA seminar &#8220;MAXI mission: a tool for X-ray astronomers&#8221; by Professor Mihara (RIKEN, Japan)<\/strong>\n<ul>\n<li><strong>UA News<\/strong> (<a href=\"https:\/\/web.ua.es\/va\/actualidad-universitaria\/2014\/desembre2014\/desembre2014-8-14\/la-ua-organitza-el-seminari-missio-maxi-una-eina-util-per-als-astronoms-de-rajos-x.html\">valenci\u00e0<\/a>, <a href=\"https:\/\/web.ua.es\/es\/actualidad-universitaria\/2014\/diciembre2014\/diciembre2014-8-14\/la-ua-organiza-el-seminario-mision-maxi-una-herramienta-util-para-los-astronomos-de-rayos-x.html\">castellano<\/a>, <a href=\"http:\/\/vertice.cpd.ua.es\/128485\">videostreaming English<\/a>)<\/li>\n<\/ul>\n<\/li>\n<\/ul>\n","protected":false},"excerpt":{"rendered":"<p>X-ray Astronomy Group in the media November 2019: Spanish X-ray Astronomy 2019: present, future and synergies at UA UA News (valenci\u00e0, castellano) (22-11-2019) UA News (valenci\u00e0, castellano) (26-11-2019) Diario Informaci\u00f3n (castellano) Diario Informaci\u00f3n (castellano) Diario Informaci\u00f3n (castellano, s\u00f3lo suscriptores) Nova &hellip; <a href=\"https:\/\/blogs.ua.es\/xragua\/news\/x-ray-group-in-the-media\/\">Continue reading <span class=\"meta-nav\">&rarr;<\/span><\/a><\/p>\n","protected":false},"author":2285,"featured_media":0,"parent":2,"menu_order":0,"comment_status":"closed","ping_status":"closed","template":"","meta":{"footnotes":""},"class_list":["post-371","page","type-page","status-publish","hentry"],"_links":{"self":[{"href":"https:\/\/blogs.ua.es\/xragua\/wp-json\/wp\/v2\/pages\/371","targetHints":{"allow":["GET"]}}],"collection":[{"href":"https:\/\/blogs.ua.es\/xragua\/wp-json\/wp\/v2\/pages"}],"about":[{"href":"https:\/\/blogs.ua.es\/xragua\/wp-json\/wp\/v2\/types\/page"}],"author":[{"embeddable":true,"href":"https:\/\/blogs.ua.es\/xragua\/wp-json\/wp\/v2\/users\/2285"}],"replies":[{"embeddable":true,"href":"https:\/\/blogs.ua.es\/xragua\/wp-json\/wp\/v2\/comments?post=371"}],"version-history":[{"count":21,"href":"https:\/\/blogs.ua.es\/xragua\/wp-json\/wp\/v2\/pages\/371\/revisions"}],"predecessor-version":[{"id":554,"href":"https:\/\/blogs.ua.es\/xragua\/wp-json\/wp\/v2\/pages\/371\/revisions\/554"}],"up":[{"embeddable":true,"href":"https:\/\/blogs.ua.es\/xragua\/wp-json\/wp\/v2\/pages\/2"}],"wp:attachment":[{"href":"https:\/\/blogs.ua.es\/xragua\/wp-json\/wp\/v2\/media?parent=371"}],"curies":[{"name":"wp","href":"https:\/\/api.w.org\/{rel}","templated":true}]}}