{"id":578,"date":"2023-09-24T10:18:05","date_gmt":"2023-09-24T09:18:05","guid":{"rendered":"https:\/\/blogs.ua.es\/xragua\/?page_id=578"},"modified":"2023-12-06T20:59:11","modified_gmt":"2023-12-06T19:59:11","slug":"guillem-in-memoriam","status":"publish","type":"page","link":"https:\/\/blogs.ua.es\/xragua\/team\/guillem-in-memoriam\/","title":{"rendered":"Guillem &#8211; In memoriam"},"content":{"rendered":"<p style=\"text-align: justify\"><strong>This page is dedicated in memoriam to the &#8220;father&#8221; of the X-ray Astronomy Group at University of Alicante:<\/strong><\/p>\n<p><a href=\"https:\/\/www.informacion.es\/universidad\/2023\/09\/19\/homenaje-postumo-ua-catedratico-fisica-92288150.html\">Not\u00edcia al Diari Informaci\u00f3 d&#8217;Alacant\/Noticia en el Diario Informaci\u00f3n de Alicante\/News on local newspaper<\/a><\/p>\n<p><a href=\"https:\/\/www.informacion.es\/fotos\/alicante\/2023\/09\/20\/inauguracion-observatorio-guillermo-bernabeu-homenaje-92340807.html\">Imatges fetes per Jos\u00e9 Navarro en la inauguraci\u00f3 de l&#8217;Observatori Astron\u00f2mic Guillermo Bernabeu<\/a><\/p>\n<p><a href=\"https:\/\/www.informacion.es\/universidad\/2023\/09\/20\/universidad-alicante-inaugura-observatorio-astronomico-92352926.html\">https:\/\/www.informacion.es\/universidad\/2023\/09\/20\/universidad-alicante-inaugura-observatorio-astronomico-92352926.html<\/a><\/p>\n<p>Page in Catalan\/Valencian:<\/p>\n<p><a href=\"https:\/\/web.ua.es\/va\/actualidad-universitaria\/2023\/setembre2023\/18-24\/la-ua-ret-homenatge-postum-al-catedratic-de-fisica-aplicada-guillermo-bernabeu.html\">https:\/\/web.ua.es\/va\/actualidad-universitaria\/2023\/setembre2023\/18-24\/la-ua-ret-homenatge-postum-al-catedratic-de-fisica-aplicada-guillermo-bernabeu.html<\/a><\/p>\n<p>Page in Spanish:<\/p>\n<p><a href=\"https:\/\/web.ua.es\/es\/actualidad-universitaria\/2023\/septiembre2023\/18-24\/la-ua-rinde-homenaje-postumo-al-catedratico-de-fisica-aplicada-guillermo-bernabeu.html\">https:\/\/web.ua.es\/es\/actualidad-universitaria\/2023\/septiembre2023\/18-24\/la-ua-rinde-homenaje-postumo-al-catedratico-de-fisica-aplicada-guillermo-bernabeu.html<\/a><\/p>\n<p>Video (in Spanish and some Catalan\/Valencian phrases):<\/p>\n<p><a href=\"https:\/\/vertice.cpd.ua.es\/284623\">https:\/\/vertice.cpd.ua.es\/284623<\/a><\/p>\n<p>The &#8220;Guillermo Bernabeu&#8221; Astronomical Observatory at University of Alicante:<\/p>\n<p>Page in Catalan\/Valencian:<\/p>\n<p><a href=\"https:\/\/web.ua.es\/va\/actualidad-universitaria\/2023\/setembre2023\/18-24\/guillermo-bernabeu-dona-nom-a-l-observatori-astronomic-de-la-universitat-d-alacant.html\">https:\/\/web.ua.es\/va\/actualidad-universitaria\/2023\/setembre2023\/18-24\/guillermo-bernabeu-dona-nom-a-l-observatori-astronomic-de-la-universitat-d-alacant.html<\/a><\/p>\n<p>Page in Spanish:<\/p>\n<p><a href=\"https:\/\/web.ua.es\/es\/actualidad-universitaria\/2023\/septiembre2023\/18-24\/guillermo-bernabeu-da-nombre-al-observatorio-astronomico-de-la-universidad-de-alicante.html\">https:\/\/web.ua.es\/es\/actualidad-universitaria\/2023\/septiembre2023\/18-24\/guillermo-bernabeu-da-nombre-al-observatorio-astronomico-de-la-universidad-de-alicante.html<\/a><\/p>\n<p>Aquesta can\u00e7\u00f2 \u00e9s com a un himne que l&#8217;acompany\u00e0 al llarg de la seua vida:<\/p>\n<p style=\"text-align: justify\">&#8220;Al Vent&#8221; d<span class=\"yt-core-attributed-string yt-core-attributed-string--white-space-pre-wrap\" role=\"text\"><span class=\"yt-core-attributed-string--link-inherit-color\">el concert de Raimon al Gran Teatre del Liceu, en commemoraci\u00f3 dels cinquanta anys del seu debut a Barcelona.<\/span><\/span><\/p>\n<p><iframe loading=\"lazy\" title=\"Raimon - Al Vent\" width=\"584\" height=\"329\" src=\"https:\/\/www.youtube.com\/embed\/qHgaLK2c_6E?feature=oembed\" frameborder=\"0\" allow=\"accelerometer; autoplay; clipboard-write; encrypted-media; gyroscope; picture-in-picture; web-share\" referrerpolicy=\"strict-origin-when-cross-origin\" allowfullscreen><\/iframe><\/p>\n","protected":false},"excerpt":{"rendered":"<p>This page is dedicated in memoriam to the &#8220;father&#8221; of the X-ray Astronomy Group at University of Alicante: Not\u00edcia al Diari Informaci\u00f3 d&#8217;Alacant\/Noticia en el Diario Informaci\u00f3n de Alicante\/News on local newspaper Imatges fetes per Jos\u00e9 Navarro en la inauguraci\u00f3 &hellip; <a href=\"https:\/\/blogs.ua.es\/xragua\/team\/guillem-in-memoriam\/\">Continue reading <span class=\"meta-nav\">&rarr;<\/span><\/a><\/p>\n","protected":false},"author":2285,"featured_media":0,"parent":19,"menu_order":0,"comment_status":"closed","ping_status":"closed","template":"","meta":{"footnotes":""},"class_list":["post-578","page","type-page","status-publish","hentry"],"_links":{"self":[{"href":"https:\/\/blogs.ua.es\/xragua\/wp-json\/wp\/v2\/pages\/578","targetHints":{"allow":["GET"]}}],"collection":[{"href":"https:\/\/blogs.ua.es\/xragua\/wp-json\/wp\/v2\/pages"}],"about":[{"href":"https:\/\/blogs.ua.es\/xragua\/wp-json\/wp\/v2\/types\/page"}],"author":[{"embeddable":true,"href":"https:\/\/blogs.ua.es\/xragua\/wp-json\/wp\/v2\/users\/2285"}],"replies":[{"embeddable":true,"href":"https:\/\/blogs.ua.es\/xragua\/wp-json\/wp\/v2\/comments?post=578"}],"version-history":[{"count":10,"href":"https:\/\/blogs.ua.es\/xragua\/wp-json\/wp\/v2\/pages\/578\/revisions"}],"predecessor-version":[{"id":588,"href":"https:\/\/blogs.ua.es\/xragua\/wp-json\/wp\/v2\/pages\/578\/revisions\/588"}],"up":[{"embeddable":true,"href":"https:\/\/blogs.ua.es\/xragua\/wp-json\/wp\/v2\/pages\/19"}],"wp:attachment":[{"href":"https:\/\/blogs.ua.es\/xragua\/wp-json\/wp\/v2\/media?parent=578"}],"curies":[{"name":"wp","href":"https:\/\/api.w.org\/{rel}","templated":true}]}}